{"id":480,"date":"2021-03-01T11:32:24","date_gmt":"2021-03-01T04:32:24","guid":{"rendered":"http:\/\/spider-lan.com\/?page_id=480"},"modified":"2026-02-22T18:55:11","modified_gmt":"2026-02-22T17:55:11","slug":"portfolio","status":"publish","type":"page","link":"https:\/\/spider-lan.com\/en\/portfolio\/","title":{"rendered":"Portfolio"},"content":{"rendered":"<div data-elementor-type=\"wp-page\" data-elementor-id=\"480\" class=\"elementor elementor-480\">\n\t\t\t\t\t\t<section class=\"elementor-section elementor-top-section elementor-element elementor-element-d704626 elementor-section-full_width elementor-section-height-default elementor-section-height-default\" data-id=\"d704626\" data-element_type=\"section\">\n\t\t\t\t\t\t<div class=\"elementor-container elementor-column-gap-default\">\n\t\t\t\t\t<div class=\"elementor-column elementor-col-100 elementor-top-column elementor-element elementor-element-76a808a\" data-id=\"76a808a\" data-element_type=\"column\">\n\t\t\t<div class=\"elementor-widget-wrap elementor-element-populated\">\n\t\t\t\t\t\t<div class=\"elementor-element elementor-element-8ae8ed8 elementor-widget elementor-widget-ts-portfolios\" data-id=\"8ae8ed8\" data-element_type=\"widget\" data-widget_type=\"ts-portfolios.default\">\n\t\t\t\t<div class=\"elementor-widget-container\">\n\t\t\t\t\t\t<div class=\"ts-portfolio-wrapper ts-shortcode loading ts-masonry columns-2 has-button-load-more\" data-atts=\"{&quot;columns&quot;:&quot;2&quot;,&quot;limit&quot;:8,&quot;show_load_more&quot;:0,&quot;categories&quot;:&quot;&quot;,&quot;orderby&quot;:&quot;date&quot;,&quot;order&quot;:&quot;DESC&quot;,&quot;show_filter_bar&quot;:&quot;0&quot;,&quot;show_title&quot;:&quot;1&quot;,&quot;show_author&quot;:&quot;1&quot;,&quot;show_date&quot;:&quot;1&quot;,&quot;show_categories&quot;:&quot;1&quot;,&quot;show_like_icon&quot;:&quot;0&quot;,&quot;original_image&quot;:&quot;0&quot;,&quot;show_nav&quot;:null,&quot;auto_play&quot;:null,&quot;layouts&quot;:&quot;masonry&quot;}\" data-layouts=\"masonry\" data-loadmore=\"1\">\n\t\t\t\n\t\t\t\t\t\t\t<div class=\"portfolio-wrapper-content\">\n\t\t\t\t\t\n\t\t\t\t<div class=\"item tools\">\n\t\t\t\t\t<div class=\"item-wrapper\">\n\t\t\t\t\t\t\t\t\t\t\t\t<div class=\"portfolio-thumbnail\">\n\t\t\t\t\t\t\t<figure>\n\t\t\t\t\t\t\t\t<a href=\"https:\/\/spider-lan.com\/en\/portfolio\/cordon-de-brassage-rj45-guide-pratique-pour-faire-le-bon-choix\/\"><img fetchpriority=\"high\" decoding=\"async\" width=\"600\" height=\"346\" src=\"https:\/\/spider-lan.com\/wp-content\/uploads\/2021\/06\/Cordons-de-Brassage-600x346.png\" class=\"attachment-ts_portfolio_thumb size-ts_portfolio_thumb wp-post-image\" alt=\"\" srcset=\"https:\/\/spider-lan.com\/wp-content\/uploads\/2021\/06\/Cordons-de-Brassage-600x346.png 600w, https:\/\/spider-lan.com\/wp-content\/uploads\/2021\/06\/Cordons-de-Brassage-630x364.png 630w, https:\/\/spider-lan.com\/wp-content\/uploads\/2021\/06\/Cordons-de-Brassage-300x173.png 300w, https:\/\/spider-lan.com\/wp-content\/uploads\/2021\/06\/Cordons-de-Brassage-1024x591.png 1024w, https:\/\/spider-lan.com\/wp-content\/uploads\/2021\/06\/Cordons-de-Brassage-768x443.png 768w, https:\/\/spider-lan.com\/wp-content\/uploads\/2021\/06\/Cordons-de-Brassage.png 1230w\" sizes=\"(max-width: 600px) 100vw, 600px\" \/><\/a>\n\t\t\t\t\t\t\t<\/figure>\n\t\t\t\t\t\t\t<div class=\"portfolio-actions\">\n\t\t\t\t\t\t\t<\/div>\n\t\t\t\t\t\t<\/div>\n\t\t\t\t\t\t\t\t\t\t\t\t\n\t\t\t\t\t\t<div class=\"portfolio-meta\">\n\t\t\t\t\t\t\t<div class=\"entry-meta-top\">\n\t\t\t\t\t\t\t\t\t\t\t\t\t\t\t\t\t<span class=\"date-time\">22 December 2025<\/span>\n\t\t\t\t\t\t\t\t\t\t\t\t\t\t\n\t\t\t\t\t\t\t\t\t\t\t\t\t\t\t\t\t<span class=\"vcard author\">\n\t\t\t\t\t\t\t\t\t\t<span>BY<\/span>\n\t\t\t\t\t\t\t\t\t\t<a href=\"https:\/\/spider-lan.com\/en\/author\/cvs-distribution2017gmail-com\/\" title=\"Posts by cvs.distribution2017@gmail.com\" rel=\"author\">cvs.distribution2017@gmail.com<\/a>\t\t\t\t\t\t\t\t\t<\/span>\n\t\t\t\t\t\t\t\t\n\t\t\t\t\t\t\t\t\t\t\t\t\t\t\t\t<div class=\"cats-portfolio\">\n\t\t\t\t\t\t\t\t\t<span>IN<\/span>\n\t\t\t\t\t\t\t\t\t<a href=\"https:\/\/spider-lan.com\/en\/portfolio-category\/tools\/\" rel=\"tag\">Tools<\/a>\t\t\t\t\t\t\t\t<\/div>\n\t\t\t\t\t\t\t\t\t\t\t\t\t\t\t\t\n\t\t\t\t\t\t\t\t\t\t\t\t\t\t\t<\/div>\n\t\t\t\t\t\t\t\n\t\t\t\t\t\t\t\t\t\t\t\t\t\t<h4 class=\"heading-title\">\n\t\t\t\t\t\t\t\t<a href=\"https:\/\/spider-lan.com\/en\/portfolio\/cordon-de-brassage-rj45-guide-pratique-pour-faire-le-bon-choix\/\">\n\t\t\t\t\t\t\t\t\tCordon de brassage RJ45 : guide pratique pour faire le bon choix\t\t\t\t\t\t\t\t<\/a>\n\t\t\t\t\t\t\t<\/h4>\n\t\t\t\t\t\t\t\t\t\t\t\t\t<\/div>\n\t\t\t\t\t<\/div>\n\t\t\t\t<\/div>\n\t\t\t\n\t\t\t\t<div class=\"item tools\">\n\t\t\t\t\t<div class=\"item-wrapper\">\n\t\t\t\t\t\t\t\t\t\t\t\t<div class=\"portfolio-thumbnail\">\n\t\t\t\t\t\t\t<figure>\n\t\t\t\t\t\t\t\t<a href=\"https:\/\/spider-lan.com\/en\/portfolio\/panneau-de-brassage-utp-24-ports-structurer-et-optimiser-votre-infrastructure-reseau\/\"><img decoding=\"async\" width=\"600\" height=\"346\" src=\"https:\/\/spider-lan.com\/wp-content\/uploads\/2021\/06\/Panneau-UTP-CAT6-600x346.png\" class=\"attachment-ts_portfolio_thumb size-ts_portfolio_thumb wp-post-image\" alt=\"\" srcset=\"https:\/\/spider-lan.com\/wp-content\/uploads\/2021\/06\/Panneau-UTP-CAT6-600x346.png 600w, https:\/\/spider-lan.com\/wp-content\/uploads\/2021\/06\/Panneau-UTP-CAT6-300x173.png 300w, https:\/\/spider-lan.com\/wp-content\/uploads\/2021\/06\/Panneau-UTP-CAT6-1024x591.png 1024w, https:\/\/spider-lan.com\/wp-content\/uploads\/2021\/06\/Panneau-UTP-CAT6-768x443.png 768w, https:\/\/spider-lan.com\/wp-content\/uploads\/2021\/06\/Panneau-UTP-CAT6-630x364.png 630w, https:\/\/spider-lan.com\/wp-content\/uploads\/2021\/06\/Panneau-UTP-CAT6.png 1230w\" sizes=\"(max-width: 600px) 100vw, 600px\" \/><\/a>\n\t\t\t\t\t\t\t<\/figure>\n\t\t\t\t\t\t\t<div class=\"portfolio-actions\">\n\t\t\t\t\t\t\t<\/div>\n\t\t\t\t\t\t<\/div>\n\t\t\t\t\t\t\t\t\t\t\t\t\n\t\t\t\t\t\t<div class=\"portfolio-meta\">\n\t\t\t\t\t\t\t<div class=\"entry-meta-top\">\n\t\t\t\t\t\t\t\t\t\t\t\t\t\t\t\t\t<span class=\"date-time\">15 November 2025<\/span>\n\t\t\t\t\t\t\t\t\t\t\t\t\t\t\n\t\t\t\t\t\t\t\t\t\t\t\t\t\t\t\t\t<span class=\"vcard author\">\n\t\t\t\t\t\t\t\t\t\t<span>BY<\/span>\n\t\t\t\t\t\t\t\t\t\t<a href=\"https:\/\/spider-lan.com\/en\/author\/cvs-distribution2017gmail-com\/\" title=\"Posts by cvs.distribution2017@gmail.com\" rel=\"author\">cvs.distribution2017@gmail.com<\/a>\t\t\t\t\t\t\t\t\t<\/span>\n\t\t\t\t\t\t\t\t\n\t\t\t\t\t\t\t\t\t\t\t\t\t\t\t\t<div class=\"cats-portfolio\">\n\t\t\t\t\t\t\t\t\t<span>IN<\/span>\n\t\t\t\t\t\t\t\t\t<a href=\"https:\/\/spider-lan.com\/en\/portfolio-category\/tools\/\" rel=\"tag\">Tools<\/a>\t\t\t\t\t\t\t\t<\/div>\n\t\t\t\t\t\t\t\t\t\t\t\t\t\t\t\t\n\t\t\t\t\t\t\t\t\t\t\t\t\t\t\t<\/div>\n\t\t\t\t\t\t\t\n\t\t\t\t\t\t\t\t\t\t\t\t\t\t<h4 class=\"heading-title\">\n\t\t\t\t\t\t\t\t<a href=\"https:\/\/spider-lan.com\/en\/portfolio\/panneau-de-brassage-utp-24-ports-structurer-et-optimiser-votre-infrastructure-reseau\/\">\n\t\t\t\t\t\t\t\t\tPanneau de brassage UTP 24 ports : structurer et optimiser votre infrastructure r\u00e9seau\t\t\t\t\t\t\t\t<\/a>\n\t\t\t\t\t\t\t<\/h4>\n\t\t\t\t\t\t\t\t\t\t\t\t\t<\/div>\n\t\t\t\t\t<\/div>\n\t\t\t\t<\/div>\n\t\t\t\n\t\t\t\t<div class=\"item tools\">\n\t\t\t\t\t<div class=\"item-wrapper\">\n\t\t\t\t\t\t\t\t\t\t\t\t<div class=\"portfolio-thumbnail\">\n\t\t\t\t\t\t\t<figure>\n\t\t\t\t\t\t\t\t<a href=\"https:\/\/spider-lan.com\/en\/portfolio\/cordon-de-brassage-blinde-s-ftp-cat6a-une-solution-fiable-pour-les-infrastructures-reseau-exigeantes\/\"><img decoding=\"async\" width=\"600\" height=\"346\" src=\"https:\/\/spider-lan.com\/wp-content\/uploads\/2025\/09\/Cordon-de-brassage-600x346.png\" class=\"attachment-ts_portfolio_thumb size-ts_portfolio_thumb wp-post-image\" alt=\"\" srcset=\"https:\/\/spider-lan.com\/wp-content\/uploads\/2025\/09\/Cordon-de-brassage-600x346.png 600w, https:\/\/spider-lan.com\/wp-content\/uploads\/2025\/09\/Cordon-de-brassage-630x364.png 630w, https:\/\/spider-lan.com\/wp-content\/uploads\/2025\/09\/Cordon-de-brassage-300x173.png 300w, https:\/\/spider-lan.com\/wp-content\/uploads\/2025\/09\/Cordon-de-brassage-1024x591.png 1024w, https:\/\/spider-lan.com\/wp-content\/uploads\/2025\/09\/Cordon-de-brassage-768x443.png 768w, https:\/\/spider-lan.com\/wp-content\/uploads\/2025\/09\/Cordon-de-brassage.png 1230w\" sizes=\"(max-width: 600px) 100vw, 600px\" \/><\/a>\n\t\t\t\t\t\t\t<\/figure>\n\t\t\t\t\t\t\t<div class=\"portfolio-actions\">\n\t\t\t\t\t\t\t<\/div>\n\t\t\t\t\t\t<\/div>\n\t\t\t\t\t\t\t\t\t\t\t\t\n\t\t\t\t\t\t<div class=\"portfolio-meta\">\n\t\t\t\t\t\t\t<div class=\"entry-meta-top\">\n\t\t\t\t\t\t\t\t\t\t\t\t\t\t\t\t\t<span class=\"date-time\">28 September 2025<\/span>\n\t\t\t\t\t\t\t\t\t\t\t\t\t\t\n\t\t\t\t\t\t\t\t\t\t\t\t\t\t\t\t\t<span class=\"vcard author\">\n\t\t\t\t\t\t\t\t\t\t<span>BY<\/span>\n\t\t\t\t\t\t\t\t\t\t<a href=\"https:\/\/spider-lan.com\/en\/author\/cvs-distribution2017gmail-com\/\" title=\"Posts by cvs.distribution2017@gmail.com\" rel=\"author\">cvs.distribution2017@gmail.com<\/a>\t\t\t\t\t\t\t\t\t<\/span>\n\t\t\t\t\t\t\t\t\n\t\t\t\t\t\t\t\t\t\t\t\t\t\t\t\t<div class=\"cats-portfolio\">\n\t\t\t\t\t\t\t\t\t<span>IN<\/span>\n\t\t\t\t\t\t\t\t\t<a href=\"https:\/\/spider-lan.com\/en\/portfolio-category\/tools\/\" rel=\"tag\">Tools<\/a>\t\t\t\t\t\t\t\t<\/div>\n\t\t\t\t\t\t\t\t\t\t\t\t\t\t\t\t\n\t\t\t\t\t\t\t\t\t\t\t\t\t\t\t<\/div>\n\t\t\t\t\t\t\t\n\t\t\t\t\t\t\t\t\t\t\t\t\t\t<h4 class=\"heading-title\">\n\t\t\t\t\t\t\t\t<a href=\"https:\/\/spider-lan.com\/en\/portfolio\/cordon-de-brassage-blinde-s-ftp-cat6a-une-solution-fiable-pour-les-infrastructures-reseau-exigeantes\/\">\n\t\t\t\t\t\t\t\t\tCordon de brassage blind\u00e9 S\/FTP CAT6A : une solution fiable pour les infrastructures r\u00e9seau exigeantes\t\t\t\t\t\t\t\t<\/a>\n\t\t\t\t\t\t\t<\/h4>\n\t\t\t\t\t\t\t\t\t\t\t\t\t<\/div>\n\t\t\t\t\t<\/div>\n\t\t\t\t<\/div>\n\t\t\t\n\t\t\t\t<div class=\"item tools\">\n\t\t\t\t\t<div class=\"item-wrapper\">\n\t\t\t\t\t\t\t\t\t\t\t\t<div class=\"portfolio-thumbnail\">\n\t\t\t\t\t\t\t<figure>\n\t\t\t\t\t\t\t\t<a href=\"https:\/\/spider-lan.com\/en\/portfolio\/panneau-de-brassage-cat6a-la-base-des-infrastructures-reseau-tres-haut-debit\/\"><img loading=\"lazy\" decoding=\"async\" width=\"600\" height=\"346\" src=\"https:\/\/spider-lan.com\/wp-content\/uploads\/2020\/03\/Panneau-de-brassage-CAT6A-600x346.png\" class=\"attachment-ts_portfolio_thumb size-ts_portfolio_thumb wp-post-image\" alt=\"\" srcset=\"https:\/\/spider-lan.com\/wp-content\/uploads\/2020\/03\/Panneau-de-brassage-CAT6A-600x346.png 600w, https:\/\/spider-lan.com\/wp-content\/uploads\/2020\/03\/Panneau-de-brassage-CAT6A-300x173.png 300w, https:\/\/spider-lan.com\/wp-content\/uploads\/2020\/03\/Panneau-de-brassage-CAT6A-1024x591.png 1024w, https:\/\/spider-lan.com\/wp-content\/uploads\/2020\/03\/Panneau-de-brassage-CAT6A-768x443.png 768w, https:\/\/spider-lan.com\/wp-content\/uploads\/2020\/03\/Panneau-de-brassage-CAT6A-18x10.png 18w, https:\/\/spider-lan.com\/wp-content\/uploads\/2020\/03\/Panneau-de-brassage-CAT6A-630x364.png 630w, https:\/\/spider-lan.com\/wp-content\/uploads\/2020\/03\/Panneau-de-brassage-CAT6A.png 1230w\" sizes=\"(max-width: 600px) 100vw, 600px\" \/><\/a>\n\t\t\t\t\t\t\t<\/figure>\n\t\t\t\t\t\t\t<div class=\"portfolio-actions\">\n\t\t\t\t\t\t\t<\/div>\n\t\t\t\t\t\t<\/div>\n\t\t\t\t\t\t\t\t\t\t\t\t\n\t\t\t\t\t\t<div class=\"portfolio-meta\">\n\t\t\t\t\t\t\t<div class=\"entry-meta-top\">\n\t\t\t\t\t\t\t\t\t\t\t\t\t\t\t\t\t<span class=\"date-time\">4 September 2025<\/span>\n\t\t\t\t\t\t\t\t\t\t\t\t\t\t\n\t\t\t\t\t\t\t\t\t\t\t\t\t\t\t\t\t<span class=\"vcard author\">\n\t\t\t\t\t\t\t\t\t\t<span>BY<\/span>\n\t\t\t\t\t\t\t\t\t\t<a href=\"https:\/\/spider-lan.com\/en\/author\/cvs-distribution2017gmail-com\/\" title=\"Posts by cvs.distribution2017@gmail.com\" rel=\"author\">cvs.distribution2017@gmail.com<\/a>\t\t\t\t\t\t\t\t\t<\/span>\n\t\t\t\t\t\t\t\t\n\t\t\t\t\t\t\t\t\t\t\t\t\t\t\t\t<div class=\"cats-portfolio\">\n\t\t\t\t\t\t\t\t\t<span>IN<\/span>\n\t\t\t\t\t\t\t\t\t<a href=\"https:\/\/spider-lan.com\/en\/portfolio-category\/tools\/\" rel=\"tag\">Tools<\/a>\t\t\t\t\t\t\t\t<\/div>\n\t\t\t\t\t\t\t\t\t\t\t\t\t\t\t\t\n\t\t\t\t\t\t\t\t\t\t\t\t\t\t\t<\/div>\n\t\t\t\t\t\t\t\n\t\t\t\t\t\t\t\t\t\t\t\t\t\t<h4 class=\"heading-title\">\n\t\t\t\t\t\t\t\t<a href=\"https:\/\/spider-lan.com\/en\/portfolio\/panneau-de-brassage-cat6a-la-base-des-infrastructures-reseau-tres-haut-debit\/\">\n\t\t\t\t\t\t\t\t\tPanneau de brassage CAT6A : la base des infrastructures r\u00e9seau tr\u00e8s haut d\u00e9bit\t\t\t\t\t\t\t\t<\/a>\n\t\t\t\t\t\t\t<\/h4>\n\t\t\t\t\t\t\t\t\t\t\t\t\t<\/div>\n\t\t\t\t\t<\/div>\n\t\t\t\t<\/div>\n\t\t\t\n\t\t\t\t<div class=\"item tools\">\n\t\t\t\t\t<div class=\"item-wrapper\">\n\t\t\t\t\t\t\t\t\t\t\t\t<div class=\"portfolio-thumbnail\">\n\t\t\t\t\t\t\t<figure>\n\t\t\t\t\t\t\t\t<a href=\"https:\/\/spider-lan.com\/en\/portfolio\/faceplate-rj45-une-solution-essentielle-pour-les-reseaux-de-cablage-structure\/\"><img loading=\"lazy\" decoding=\"async\" width=\"600\" height=\"346\" src=\"https:\/\/spider-lan.com\/wp-content\/uploads\/2020\/03\/Faceplate-600x346.png\" class=\"attachment-ts_portfolio_thumb size-ts_portfolio_thumb wp-post-image\" alt=\"\" srcset=\"https:\/\/spider-lan.com\/wp-content\/uploads\/2020\/03\/Faceplate-600x346.png 600w, https:\/\/spider-lan.com\/wp-content\/uploads\/2020\/03\/Faceplate-300x173.png 300w, https:\/\/spider-lan.com\/wp-content\/uploads\/2020\/03\/Faceplate-1024x591.png 1024w, https:\/\/spider-lan.com\/wp-content\/uploads\/2020\/03\/Faceplate-768x443.png 768w, https:\/\/spider-lan.com\/wp-content\/uploads\/2020\/03\/Faceplate-18x10.png 18w, https:\/\/spider-lan.com\/wp-content\/uploads\/2020\/03\/Faceplate-630x364.png 630w, https:\/\/spider-lan.com\/wp-content\/uploads\/2020\/03\/Faceplate.png 1230w\" sizes=\"(max-width: 600px) 100vw, 600px\" \/><\/a>\n\t\t\t\t\t\t\t<\/figure>\n\t\t\t\t\t\t\t<div class=\"portfolio-actions\">\n\t\t\t\t\t\t\t<\/div>\n\t\t\t\t\t\t<\/div>\n\t\t\t\t\t\t\t\t\t\t\t\t\n\t\t\t\t\t\t<div class=\"portfolio-meta\">\n\t\t\t\t\t\t\t<div class=\"entry-meta-top\">\n\t\t\t\t\t\t\t\t\t\t\t\t\t\t\t\t\t<span class=\"date-time\">13 August 2025<\/span>\n\t\t\t\t\t\t\t\t\t\t\t\t\t\t\n\t\t\t\t\t\t\t\t\t\t\t\t\t\t\t\t\t<span class=\"vcard author\">\n\t\t\t\t\t\t\t\t\t\t<span>BY<\/span>\n\t\t\t\t\t\t\t\t\t\t<a href=\"https:\/\/spider-lan.com\/en\/author\/cvs-distribution2017gmail-com\/\" title=\"Posts by cvs.distribution2017@gmail.com\" rel=\"author\">cvs.distribution2017@gmail.com<\/a>\t\t\t\t\t\t\t\t\t<\/span>\n\t\t\t\t\t\t\t\t\n\t\t\t\t\t\t\t\t\t\t\t\t\t\t\t\t<div class=\"cats-portfolio\">\n\t\t\t\t\t\t\t\t\t<span>IN<\/span>\n\t\t\t\t\t\t\t\t\t<a href=\"https:\/\/spider-lan.com\/en\/portfolio-category\/tools\/\" rel=\"tag\">Tools<\/a>\t\t\t\t\t\t\t\t<\/div>\n\t\t\t\t\t\t\t\t\t\t\t\t\t\t\t\t\n\t\t\t\t\t\t\t\t\t\t\t\t\t\t\t<\/div>\n\t\t\t\t\t\t\t\n\t\t\t\t\t\t\t\t\t\t\t\t\t\t<h4 class=\"heading-title\">\n\t\t\t\t\t\t\t\t<a href=\"https:\/\/spider-lan.com\/en\/portfolio\/faceplate-rj45-une-solution-essentielle-pour-les-reseaux-de-cablage-structure\/\">\n\t\t\t\t\t\t\t\t\tFaceplate Keystone RJ45 : Une Solution Essentielle pour les R\u00e9seaux de C\u00e2blage Structur\u00e9\t\t\t\t\t\t\t\t<\/a>\n\t\t\t\t\t\t\t<\/h4>\n\t\t\t\t\t\t\t\t\t\t\t\t\t<\/div>\n\t\t\t\t\t<\/div>\n\t\t\t\t<\/div>\n\t\t\t\n\t\t\t\t<div class=\"item tools\">\n\t\t\t\t\t<div class=\"item-wrapper\">\n\t\t\t\t\t\t\t\t\t\t\t\t<div class=\"portfolio-thumbnail\">\n\t\t\t\t\t\t\t<figure>\n\t\t\t\t\t\t\t\t<a href=\"https:\/\/spider-lan.com\/en\/portfolio\/keystone-jack-le-pilier-de-la-connectivite-reseau-moderne\/\"><img loading=\"lazy\" decoding=\"async\" width=\"600\" height=\"346\" src=\"https:\/\/spider-lan.com\/wp-content\/uploads\/2021\/06\/Keystone-600x346.png\" class=\"attachment-ts_portfolio_thumb size-ts_portfolio_thumb wp-post-image\" alt=\"\" srcset=\"https:\/\/spider-lan.com\/wp-content\/uploads\/2021\/06\/Keystone-600x346.png 600w, https:\/\/spider-lan.com\/wp-content\/uploads\/2021\/06\/Keystone-630x364.png 630w, https:\/\/spider-lan.com\/wp-content\/uploads\/2021\/06\/Keystone-300x173.png 300w, https:\/\/spider-lan.com\/wp-content\/uploads\/2021\/06\/Keystone-1024x591.png 1024w, https:\/\/spider-lan.com\/wp-content\/uploads\/2021\/06\/Keystone-768x443.png 768w, https:\/\/spider-lan.com\/wp-content\/uploads\/2021\/06\/Keystone.png 1230w\" sizes=\"(max-width: 600px) 100vw, 600px\" \/><\/a>\n\t\t\t\t\t\t\t<\/figure>\n\t\t\t\t\t\t\t<div class=\"portfolio-actions\">\n\t\t\t\t\t\t\t<\/div>\n\t\t\t\t\t\t<\/div>\n\t\t\t\t\t\t\t\t\t\t\t\t\n\t\t\t\t\t\t<div class=\"portfolio-meta\">\n\t\t\t\t\t\t\t<div class=\"entry-meta-top\">\n\t\t\t\t\t\t\t\t\t\t\t\t\t\t\t\t\t<span class=\"date-time\">28 June 2025<\/span>\n\t\t\t\t\t\t\t\t\t\t\t\t\t\t\n\t\t\t\t\t\t\t\t\t\t\t\t\t\t\t\t\t<span class=\"vcard author\">\n\t\t\t\t\t\t\t\t\t\t<span>BY<\/span>\n\t\t\t\t\t\t\t\t\t\t<a href=\"https:\/\/spider-lan.com\/en\/author\/cvs-distribution2017gmail-com\/\" title=\"Posts by cvs.distribution2017@gmail.com\" rel=\"author\">cvs.distribution2017@gmail.com<\/a>\t\t\t\t\t\t\t\t\t<\/span>\n\t\t\t\t\t\t\t\t\n\t\t\t\t\t\t\t\t\t\t\t\t\t\t\t\t<div class=\"cats-portfolio\">\n\t\t\t\t\t\t\t\t\t<span>IN<\/span>\n\t\t\t\t\t\t\t\t\t<a href=\"https:\/\/spider-lan.com\/en\/portfolio-category\/tools\/\" rel=\"tag\">Tools<\/a>\t\t\t\t\t\t\t\t<\/div>\n\t\t\t\t\t\t\t\t\t\t\t\t\t\t\t\t\n\t\t\t\t\t\t\t\t\t\t\t\t\t\t\t<\/div>\n\t\t\t\t\t\t\t\n\t\t\t\t\t\t\t\t\t\t\t\t\t\t<h4 class=\"heading-title\">\n\t\t\t\t\t\t\t\t<a href=\"https:\/\/spider-lan.com\/en\/portfolio\/keystone-jack-le-pilier-de-la-connectivite-reseau-moderne\/\">\n\t\t\t\t\t\t\t\t\tKeystone Jack : le pilier de la connectivit\u00e9 r\u00e9seau moderne\t\t\t\t\t\t\t\t<\/a>\n\t\t\t\t\t\t\t<\/h4>\n\t\t\t\t\t\t\t\t\t\t\t\t\t<\/div>\n\t\t\t\t\t<\/div>\n\t\t\t\t<\/div>\n\t\t\t\n\t\t\t\t<div class=\"item tools\">\n\t\t\t\t\t<div class=\"item-wrapper\">\n\t\t\t\t\t\t\t\t\t\t\t\t<div class=\"portfolio-thumbnail\">\n\t\t\t\t\t\t\t<figure>\n\t\t\t\t\t\t\t\t<a href=\"https:\/\/spider-lan.com\/en\/portfolio\/cat6a-une-solution-fiable-pour-les-reseaux-hautes-performances\/\"><img loading=\"lazy\" decoding=\"async\" width=\"600\" height=\"346\" src=\"https:\/\/spider-lan.com\/wp-content\/uploads\/2021\/06\/Fiche-modulaire-CAT6-CAT6A-une-solution-fiable-pour-les-reseaux-hautes-performances-600x346.png\" class=\"attachment-ts_portfolio_thumb size-ts_portfolio_thumb wp-post-image\" alt=\"\" srcset=\"https:\/\/spider-lan.com\/wp-content\/uploads\/2021\/06\/Fiche-modulaire-CAT6-CAT6A-une-solution-fiable-pour-les-reseaux-hautes-performances-600x346.png 600w, https:\/\/spider-lan.com\/wp-content\/uploads\/2021\/06\/Fiche-modulaire-CAT6-CAT6A-une-solution-fiable-pour-les-reseaux-hautes-performances-630x364.png 630w, https:\/\/spider-lan.com\/wp-content\/uploads\/2021\/06\/Fiche-modulaire-CAT6-CAT6A-une-solution-fiable-pour-les-reseaux-hautes-performances-300x173.png 300w, https:\/\/spider-lan.com\/wp-content\/uploads\/2021\/06\/Fiche-modulaire-CAT6-CAT6A-une-solution-fiable-pour-les-reseaux-hautes-performances-1024x591.png 1024w, https:\/\/spider-lan.com\/wp-content\/uploads\/2021\/06\/Fiche-modulaire-CAT6-CAT6A-une-solution-fiable-pour-les-reseaux-hautes-performances-768x443.png 768w, https:\/\/spider-lan.com\/wp-content\/uploads\/2021\/06\/Fiche-modulaire-CAT6-CAT6A-une-solution-fiable-pour-les-reseaux-hautes-performances.png 1230w\" sizes=\"(max-width: 600px) 100vw, 600px\" \/><\/a>\n\t\t\t\t\t\t\t<\/figure>\n\t\t\t\t\t\t\t<div class=\"portfolio-actions\">\n\t\t\t\t\t\t\t<\/div>\n\t\t\t\t\t\t<\/div>\n\t\t\t\t\t\t\t\t\t\t\t\t\n\t\t\t\t\t\t<div class=\"portfolio-meta\">\n\t\t\t\t\t\t\t<div class=\"entry-meta-top\">\n\t\t\t\t\t\t\t\t\t\t\t\t\t\t\t\t\t<span class=\"date-time\">28 June 2021<\/span>\n\t\t\t\t\t\t\t\t\t\t\t\t\t\t\n\t\t\t\t\t\t\t\t\t\t\t\t\t\t\t\t\t<span class=\"vcard author\">\n\t\t\t\t\t\t\t\t\t\t<span>BY<\/span>\n\t\t\t\t\t\t\t\t\t\t<a href=\"https:\/\/spider-lan.com\/en\/author\/cvs-distribution2017gmail-com\/\" title=\"Posts by cvs.distribution2017@gmail.com\" rel=\"author\">cvs.distribution2017@gmail.com<\/a>\t\t\t\t\t\t\t\t\t<\/span>\n\t\t\t\t\t\t\t\t\n\t\t\t\t\t\t\t\t\t\t\t\t\t\t\t\t<div class=\"cats-portfolio\">\n\t\t\t\t\t\t\t\t\t<span>IN<\/span>\n\t\t\t\t\t\t\t\t\t<a href=\"https:\/\/spider-lan.com\/en\/portfolio-category\/tools\/\" rel=\"tag\">Tools<\/a>\t\t\t\t\t\t\t\t<\/div>\n\t\t\t\t\t\t\t\t\t\t\t\t\t\t\t\t\n\t\t\t\t\t\t\t\t\t\t\t\t\t\t\t<\/div>\n\t\t\t\t\t\t\t\n\t\t\t\t\t\t\t\t\t\t\t\t\t\t<h4 class=\"heading-title\">\n\t\t\t\t\t\t\t\t<a href=\"https:\/\/spider-lan.com\/en\/portfolio\/cat6a-une-solution-fiable-pour-les-reseaux-hautes-performances\/\">\n\t\t\t\t\t\t\t\t\tFiche modulaire CAT6 &#038; CAT6A : une solution fiable pour les r\u00e9seaux hautes performances\t\t\t\t\t\t\t\t<\/a>\n\t\t\t\t\t\t\t<\/h4>\n\t\t\t\t\t\t\t\t\t\t\t\t\t<\/div>\n\t\t\t\t\t<\/div>\n\t\t\t\t<\/div>\n\t\t\t\t\t\t\t<\/div>\n\t\t\t\t\n\t\t\t\t\t\t\t<\/div>\n\t\t\t\t\t<\/div>\n\t\t\t\t<\/div>\n\t\t\t\t\t<\/div>\n\t\t<\/div>\n\t\t\t\t\t<\/div>\n\t\t<\/section>\n\t\t\t\t<\/div>","protected":false},"excerpt":{"rendered":"<p>Jun 28, 2021 BY admin IN Tools How to Check and Maintain Your Suspension Jun 28, 2021 BY admin IN Tools How to Check and Maintain Your Suspension Jun 28, 2021 BY admin IN Tools How to Check and Maintain Your Suspension Jun 28, 2021 BY admin IN Tools How to Check and Maintain Your [&hellip;]<\/p>","protected":false},"author":1,"featured_media":0,"parent":0,"menu_order":0,"comment_status":"closed","ping_status":"closed","template":"","meta":{"om_disable_all_campaigns":false,"_monsterinsights_skip_tracking":false,"_monsterinsights_sitenote_active":false,"_monsterinsights_sitenote_note":"","_monsterinsights_sitenote_category":0,"footnotes":""},"class_list":["post-480","page","type-page","status-publish","hentry"],"aioseo_notices":[],"_links":{"self":[{"href":"https:\/\/spider-lan.com\/en\/wp-json\/wp\/v2\/pages\/480","targetHints":{"allow":["GET"]}}],"collection":[{"href":"https:\/\/spider-lan.com\/en\/wp-json\/wp\/v2\/pages"}],"about":[{"href":"https:\/\/spider-lan.com\/en\/wp-json\/wp\/v2\/types\/page"}],"author":[{"embeddable":true,"href":"https:\/\/spider-lan.com\/en\/wp-json\/wp\/v2\/users\/1"}],"replies":[{"embeddable":true,"href":"https:\/\/spider-lan.com\/en\/wp-json\/wp\/v2\/comments?post=480"}],"version-history":[{"count":2,"href":"https:\/\/spider-lan.com\/en\/wp-json\/wp\/v2\/pages\/480\/revisions"}],"predecessor-version":[{"id":5536,"href":"https:\/\/spider-lan.com\/en\/wp-json\/wp\/v2\/pages\/480\/revisions\/5536"}],"wp:attachment":[{"href":"https:\/\/spider-lan.com\/en\/wp-json\/wp\/v2\/media?parent=480"}],"curies":[{"name":"wp","href":"https:\/\/api.w.org\/{rel}","templated":true}]}}