{"id":1995,"date":"2025-10-25T11:39:26","date_gmt":"2025-10-25T09:39:26","guid":{"rendered":"http:\/\/spider-lan.com\/?post_type=product&#038;p=1995"},"modified":"2026-01-13T09:23:44","modified_gmt":"2026-01-13T08:23:44","slug":"connecteur-rj45-cat-6a-blinde-sans-outil-a-180-degres","status":"publish","type":"product","link":"https:\/\/spider-lan.com\/en\/product\/connecteur-rj45-cat-6a-blinde-sans-outil-a-180-degres\/","title":{"rendered":"Toolless Shielded RJ45 Connector Cat.6A \u2013 180 Degree"},"content":{"rendered":"<p class=\"MsoNormal\" style=\"line-height: 150%; text-align: justify;\"><strong><span style=\"font-size: 14.0pt; line-height: 150%; font-family: 'Aptos',sans-serif; color: #004f88;\">Caract\u00e9ristiques techniques :<\/span><\/strong><\/p>\n<p class=\"MsoListParagraph\" style=\"margin-left: 41.25pt; text-indent: -18pt; line-height: 150%; text-align: justify;\"><!-- [if !supportLists]--><strong><span style=\"font-size: 12.0pt; line-height: 150%; font-family: 'Aptos',sans-serif; mso-fareast-font-family: Aptos; mso-bidi-font-family: Aptos;\"><span style=\"mso-list: Ignore;\">1.<span style=\"font: 7.0pt 'Times New Roman';\">\u00a0\u00a0\u00a0\u00a0\u00a0 <\/span><\/span><\/span><\/strong><!--[endif]--><strong><span style=\"font-size: 12.0pt; line-height: 150%; font-family: 'Aptos',sans-serif;\">Performances \u00e9lectriques<\/span><\/strong><\/p>\n<p class=\"MsoNormal\" style=\"margin-left: 63.8pt; text-indent: -18pt; line-height: 150%; text-align: justify;\"><!-- [if !supportLists]--><span style=\"font-size: 10.0pt; mso-bidi-font-size: 12.0pt; line-height: 150%; font-family: Symbol; mso-fareast-font-family: Symbol; mso-bidi-font-family: Symbol;\"><span style=\"mso-list: Ignore;\">\u00b7<span style=\"font: 7.0pt 'Times New Roman';\">\u00a0\u00a0\u00a0\u00a0\u00a0\u00a0\u00a0\u00a0 <\/span><\/span><\/span><!--[endif]--><span style=\"font-size: 12.0pt; line-height: 150%; font-family: 'Aptos',sans-serif;\">R\u00e9sistance DC : \u2264 300 m\u03a9<\/span><\/p>\n<p class=\"MsoNormal\" style=\"margin-left: 63.8pt; text-indent: -18pt; line-height: 150%; text-align: justify;\"><!-- [if !supportLists]--><span style=\"font-size: 10.0pt; mso-bidi-font-size: 12.0pt; line-height: 150%; font-family: Symbol; mso-fareast-font-family: Symbol; mso-bidi-font-family: Symbol;\"><span style=\"mso-list: Ignore;\">\u00b7<span style=\"font: 7.0pt 'Times New Roman';\">\u00a0\u00a0\u00a0\u00a0\u00a0\u00a0\u00a0\u00a0 <\/span><\/span><\/span><!--[endif]--><span style=\"font-size: 12.0pt; line-height: 150%; font-family: 'Aptos',sans-serif;\">R\u00e9sistance de contact : \u2264 20 m\u03a9<\/span><\/p>\n<p class=\"MsoNormal\" style=\"margin-left: 63.8pt; text-indent: -18pt; line-height: 150%; text-align: justify;\"><!-- [if !supportLists]--><span style=\"font-size: 10.0pt; mso-bidi-font-size: 12.0pt; line-height: 150%; font-family: Symbol; mso-fareast-font-family: Symbol; mso-bidi-font-family: Symbol;\"><span style=\"mso-list: Ignore;\">\u00b7<span style=\"font: 7.0pt 'Times New Roman';\">\u00a0\u00a0\u00a0\u00a0\u00a0\u00a0\u00a0\u00a0 <\/span><\/span><\/span><!--[endif]--><span style=\"font-size: 12.0pt; line-height: 150%; font-family: 'Aptos',sans-serif;\">Tension de tenue di\u00e9lectrique : 1000 V (AC 750 V \/ 1 minute)<\/span><\/p>\n<p class=\"MsoNormal\" style=\"margin-left: 63.8pt; text-indent: -18pt; line-height: 150%; text-align: justify;\"><!-- [if !supportLists]--><span style=\"font-size: 10.0pt; mso-bidi-font-size: 12.0pt; line-height: 150%; font-family: Symbol; mso-fareast-font-family: Symbol; mso-bidi-font-family: Symbol;\"><span style=\"mso-list: Ignore;\">\u00b7<span style=\"font: 7.0pt 'Times New Roman';\">\u00a0\u00a0\u00a0\u00a0\u00a0\u00a0\u00a0\u00a0 <\/span><\/span><\/span><!--[endif]--><span style=\"font-size: 12.0pt; line-height: 150%; font-family: 'Aptos',sans-serif;\">R\u00e9sistance d\u2019isolation : \u2265 1000 M\u03a9<\/span><\/p>\n<p class=\"MsoListParagraph\" style=\"margin-left: 41.25pt; text-indent: -18pt; line-height: 150%; text-align: justify;\"><!-- [if !supportLists]--><strong><span style=\"font-size: 12.0pt; line-height: 150%; font-family: 'Aptos',sans-serif; mso-fareast-font-family: Aptos; mso-bidi-font-family: Aptos;\"><span style=\"mso-list: Ignore;\">2.<span style=\"font: 7.0pt 'Times New Roman';\">\u00a0\u00a0\u00a0\u00a0\u00a0 <\/span><\/span><\/span><\/strong><!--[endif]--><strong><span style=\"font-size: 12.0pt; line-height: 150%; font-family: 'Aptos',sans-serif;\">\u00a0 Caract\u00e9ristiques m\u00e9caniques<\/span><\/strong><\/p>\n<p class=\"MsoNormal\" style=\"margin-left: 63.8pt; text-indent: -18pt; line-height: 150%; text-align: justify;\"><!-- [if !supportLists]--><span style=\"font-size: 10.0pt; mso-bidi-font-size: 12.0pt; line-height: 150%; font-family: Symbol; mso-fareast-font-family: Symbol; mso-bidi-font-family: Symbol;\"><span style=\"mso-list: Ignore;\">\u00b7<span style=\"font: 7.0pt 'Times New Roman';\">\u00a0\u00a0\u00a0\u00a0\u00a0\u00a0\u00a0\u00a0 <\/span><\/span><\/span><!--[endif]--><span style=\"font-size: 12.0pt; line-height: 150%; font-family: 'Aptos',sans-serif;\">Broches de contact : bronze phosphoreux plaqu\u00e9 nickel, contacts plaqu\u00e9s or 6 \u00b5<\/span><\/p>\n<p class=\"MsoNormal\" style=\"margin-left: 63.8pt; text-indent: -18pt; line-height: 150%; text-align: justify;\"><!-- [if !supportLists]--><span style=\"font-size: 10.0pt; mso-bidi-font-size: 12.0pt; line-height: 150%; font-family: Symbol; mso-fareast-font-family: Symbol; mso-bidi-font-family: Symbol;\"><span style=\"mso-list: Ignore;\">\u00b7<span style=\"font: 7.0pt 'Times New Roman';\">\u00a0\u00a0\u00a0\u00a0\u00a0\u00a0\u00a0\u00a0 <\/span><\/span><\/span><!--[endif]--><span style=\"font-size: 12.0pt; line-height: 150%; font-family: 'Aptos',sans-serif;\">Clips IDC : bronze phosphoreux \u00e9tam\u00e9 et plaqu\u00e9 nickel<\/span><\/p>\n<p class=\"MsoNormal\" style=\"margin-left: 63.8pt; text-indent: -18pt; line-height: 150%; text-align: justify;\"><!-- [if !supportLists]--><span style=\"font-size: 10.0pt; mso-bidi-font-size: 12.0pt; line-height: 150%; font-family: Symbol; mso-fareast-font-family: Symbol; mso-bidi-font-family: Symbol;\"><span style=\"mso-list: Ignore;\">\u00b7<span style=\"font: 7.0pt 'Times New Roman';\">\u00a0\u00a0\u00a0\u00a0\u00a0\u00a0\u00a0\u00a0 <\/span><\/span><\/span><!--[endif]--><span style=\"font-size: 12.0pt; line-height: 150%; font-family: 'Aptos',sans-serif;\">Compatibilit\u00e9 c\u00e2bles : 22 \u00e0 26 AWG<\/span><\/p>\n<p class=\"MsoNormal\" style=\"margin-left: 63.8pt; text-indent: -18pt; line-height: 150%; text-align: justify;\"><!-- [if !supportLists]--><span style=\"font-size: 10.0pt; mso-bidi-font-size: 12.0pt; line-height: 150%; font-family: Symbol; mso-fareast-font-family: Symbol; mso-bidi-font-family: Symbol;\"><span style=\"mso-list: Ignore;\">\u00b7<span style=\"font: 7.0pt 'Times New Roman';\">\u00a0\u00a0\u00a0\u00a0\u00a0\u00a0\u00a0\u00a0 <\/span><\/span><\/span><!--[endif]--><span style=\"font-size: 12.0pt; line-height: 150%; font-family: 'Aptos',sans-serif;\">Nombre de cycles d\u2019insertion : \u2265 750<\/span><\/p>\n<p class=\"MsoNormal\" style=\"margin-left: 63.8pt; text-indent: -18pt; line-height: 150%; text-align: justify;\"><!-- [if !supportLists]--><span style=\"font-size: 10.0pt; mso-bidi-font-size: 12.0pt; line-height: 150%; font-family: Symbol; mso-fareast-font-family: Symbol; mso-bidi-font-family: Symbol;\"><span style=\"mso-list: Ignore;\">\u00b7<span style=\"font: 7.0pt 'Times New Roman';\">\u00a0\u00a0\u00a0\u00a0\u00a0\u00a0\u00a0\u00a0 <\/span><\/span><\/span><!--[endif]--><span style=\"font-size: 12.0pt; line-height: 150%; font-family: 'Aptos',sans-serif;\">Nombre de cycles de raccordement : \u2265 250<\/span><\/p>\n<p class=\"MsoListParagraph\" style=\"margin-left: 41.25pt; text-indent: -18pt; line-height: 150%; text-align: justify;\"><!-- [if !supportLists]--><strong><span style=\"font-size: 12.0pt; line-height: 150%; font-family: 'Aptos',sans-serif; mso-fareast-font-family: Aptos; mso-bidi-font-family: Aptos;\"><span style=\"mso-list: Ignore;\">3.<span style=\"font: 7.0pt 'Times New Roman';\">\u00a0\u00a0\u00a0\u00a0\u00a0 <\/span><\/span><\/span><\/strong><!--[endif]--><strong><span style=\"font-size: 12.0pt; line-height: 150%; font-family: 'Aptos',sans-serif;\">\u00a0 Mat\u00e9riaux et conditions d\u2019utilisation<\/span><\/strong><\/p>\n<p class=\"MsoNormal\" style=\"margin-left: 63.8pt; text-indent: -18pt; line-height: 150%; text-align: justify;\"><!-- [if !supportLists]--><span style=\"font-size: 10.0pt; mso-bidi-font-size: 12.0pt; line-height: 150%; font-family: Symbol; mso-fareast-font-family: Symbol; mso-bidi-font-family: Symbol;\"><span style=\"mso-list: Ignore;\">\u00b7<span style=\"font: 7.0pt 'Times New Roman';\">\u00a0\u00a0\u00a0\u00a0\u00a0\u00a0\u00a0\u00a0 <\/span><\/span><\/span><!--[endif]--><span style=\"font-size: 12.0pt; line-height: 150%; font-family: 'Aptos',sans-serif;\">Corps du connecteur : plastique ignifug\u00e9 UL 94V-0<\/span><\/p>\n<p class=\"MsoNormal\" style=\"margin-left: 63.8pt; text-indent: -18pt; line-height: 150%; text-align: justify;\"><!-- [if !supportLists]--><span style=\"font-size: 10.0pt; mso-bidi-font-size: 12.0pt; line-height: 150%; font-family: Symbol; mso-fareast-font-family: Symbol; mso-bidi-font-family: Symbol;\"><span style=\"mso-list: Ignore;\">\u00b7<span style=\"font: 7.0pt 'Times New Roman';\">\u00a0\u00a0\u00a0\u00a0\u00a0\u00a0\u00a0\u00a0 <\/span><\/span><\/span><!--[endif]--><span style=\"font-size: 12.0pt; line-height: 150%; font-family: 'Aptos',sans-serif;\">Capuchon de terminaison : mat\u00e9riau UL 94V-0<\/span><\/p>\n<p class=\"MsoNormal\" style=\"margin-left: 63.8pt; text-indent: -18pt; line-height: 150%; text-align: justify;\"><!-- [if !supportLists]--><span style=\"font-size: 10.0pt; mso-bidi-font-size: 12.0pt; line-height: 150%; font-family: Symbol; mso-fareast-font-family: Symbol; mso-bidi-font-family: Symbol;\"><span style=\"mso-list: Ignore;\">\u00b7<span style=\"font: 7.0pt 'Times New Roman';\">\u00a0\u00a0\u00a0\u00a0\u00a0\u00a0\u00a0\u00a0 <\/span><\/span><\/span><!--[endif]--><span style=\"font-size: 12.0pt; line-height: 150%; font-family: 'Aptos',sans-serif;\">Temp\u00e9rature de fonctionnement : de -25 \u00b0C \u00e0 +60 \u00b0C<\/span><\/p>\n<p class=\"MsoNormal\" style=\"line-height: 150%; text-align: justify;\"><strong><span style=\"font-size: 14.0pt; line-height: 150%; font-family: 'Aptos',sans-serif; color: #004f88;\">Normes:<\/span><\/strong><\/p>\n<ul>\n<li style=\"line-height: 150%; text-align: justify;\"><span style=\"font-size: 12.0pt; line-height: 150%; font-family: 'Aptos',sans-serif;\">ISO\/IEC 11801<\/span><\/li>\n<li style=\"line-height: 150%; text-align: justify;\"><span style=\"font-size: 12.0pt; line-height: 150%; font-family: 'Aptos',sans-serif;\">TIA\/EIA-568-B.2-1<\/span><\/li>\n<li style=\"line-height: 150%; text-align: justify;\"><span style=\"font-size: 12.0pt; line-height: 150%; font-family: 'Aptos',sans-serif;\">EN 50173<\/span><\/li>\n<li style=\"line-height: 150%; text-align: justify;\"><span style=\"font-size: 12.0pt; line-height: 150%; font-family: 'Aptos',sans-serif;\">UL 94V-0<\/span><\/li>\n<\/ul>","protected":false},"excerpt":{"rendered":"<p style=\"text-align: justify;\"><span class=\"a_GcMg font-feature-liga-off font-feature-clig-off font-feature-calt-off text-decoration-none text-strikethrough-none\">Ce connecteur RJ45 Cat. 6A blind\u00e9 permet une installation rapide et facile gr\u00e2ce \u00e0 son m\u00e9canisme sans outil, id\u00e9al pour les installations professionnelles. Con\u00e7u pour offrir des performances r\u00e9seau jusqu&#8217;\u00e0 10 Gbps, il garantit une protection efficace contre les interf\u00e9rences \u00e9lectromagn\u00e9tiques (EMI). Son design \u00e0 180 degr\u00e9s facilite l&#8217;installation, m\u00eame dans les espaces restreints, tout en assurant une connexion stable et fiable<\/span><\/p>","protected":false},"featured_media":5139,"comment_status":"open","ping_status":"closed","template":"","meta":{"om_disable_all_campaigns":false,"_monsterinsights_skip_tracking":false,"_monsterinsights_sitenote_active":false,"_monsterinsights_sitenote_note":"","_monsterinsights_sitenote_category":0},"product_cat":[211],"product_tag":[],"class_list":{"0":"post-1995","1":"product","2":"type-product","3":"status-publish","4":"has-post-thumbnail","6":"product_cat-keystone-rj45","8":"first","9":"instock","10":"shipping-taxable","11":"product-type-simple","12":"add-to-wishlist-after_add_to_cart"},"aioseo_notices":[],"_links":{"self":[{"href":"https:\/\/spider-lan.com\/en\/wp-json\/wp\/v2\/product\/1995","targetHints":{"allow":["GET"]}}],"collection":[{"href":"https:\/\/spider-lan.com\/en\/wp-json\/wp\/v2\/product"}],"about":[{"href":"https:\/\/spider-lan.com\/en\/wp-json\/wp\/v2\/types\/product"}],"replies":[{"embeddable":true,"href":"https:\/\/spider-lan.com\/en\/wp-json\/wp\/v2\/comments?post=1995"}],"wp:featuredmedia":[{"embeddable":true,"href":"https:\/\/spider-lan.com\/en\/wp-json\/wp\/v2\/media\/5139"}],"wp:attachment":[{"href":"https:\/\/spider-lan.com\/en\/wp-json\/wp\/v2\/media?parent=1995"}],"wp:term":[{"taxonomy":"product_cat","embeddable":true,"href":"https:\/\/spider-lan.com\/en\/wp-json\/wp\/v2\/product_cat?post=1995"},{"taxonomy":"product_tag","embeddable":true,"href":"https:\/\/spider-lan.com\/en\/wp-json\/wp\/v2\/product_tag?post=1995"}],"curies":[{"name":"wp","href":"https:\/\/api.w.org\/{rel}","templated":true}]}}