{"id":223,"date":"2025-12-15T14:21:47","date_gmt":"2025-12-15T13:21:47","guid":{"rendered":"http:\/\/spider-lan.com\/?post_type=product&#038;p=223"},"modified":"2026-01-19T14:49:29","modified_gmt":"2026-01-19T13:49:29","slug":"cordon-de-brassage-gris-s-ftp-cat6a-awg24-lszh","status":"publish","type":"product","link":"https:\/\/spider-lan.com\/en\/product\/cordon-de-brassage-gris-s-ftp-cat6a-awg24-lszh\/","title":{"rendered":"Grey Cat6A S-FTP Patch Cord AWG24 LSZH"},"content":{"rendered":"<p class=\"MsoNormal\" style=\"text-align: justify; line-height: 150%;\"><strong><span style=\"font-size: 14.0pt; line-height: 150%; font-family: 'Aptos',sans-serif; color: #004e9a;\">Caract\u00e9ristiques techniques<\/span><\/strong><\/p>\n<ul style=\"margin-top: 0cm;\" type=\"disc\">\n<li class=\"MsoNormal\" style=\"text-align: justify; line-height: 150%; mso-list: l0 level1 lfo1; tab-stops: list 36.0pt;\"><span style=\"font-size: 12.0pt; line-height: 150%; font-family: 'Aptos',sans-serif;\">Cat\u00e9gorie : CAT 6A<\/span><\/li>\n<li class=\"MsoNormal\" style=\"text-align: justify; line-height: 150%; mso-list: l0 level1 lfo1; tab-stops: list 36.0pt;\"><span style=\"font-size: 12.0pt; line-height: 150%; font-family: 'Aptos',sans-serif;\">D\u00e9bit support\u00e9 : Jusqu\u2019\u00e0 10 Gbps<\/span><\/li>\n<li class=\"MsoNormal\" style=\"text-align: justify; line-height: 150%; mso-list: l0 level1 lfo1; tab-stops: list 36.0pt;\"><span style=\"font-size: 12.0pt; line-height: 150%; font-family: 'Aptos',sans-serif;\">Fr\u00e9quence : 500 MHz<\/span><\/li>\n<li class=\"MsoNormal\" style=\"text-align: justify; line-height: 150%; mso-list: l0 level1 lfo1; tab-stops: list 36.0pt;\"><span style=\"font-size: 12.0pt; line-height: 150%; font-family: 'Aptos',sans-serif;\">Imp\u00e9dance : 100 \u03a9<\/span><\/li>\n<li class=\"MsoNormal\" style=\"text-align: justify; line-height: 150%; mso-list: l0 level1 lfo1; tab-stops: list 36.0pt;\"><span style=\"font-size: 12.0pt; line-height: 150%; font-family: 'Aptos',sans-serif;\">Calibre du conducteur : AWG24<\/span><\/li>\n<li class=\"MsoNormal\" style=\"text-align: justify; line-height: 150%; mso-list: l0 level1 lfo1; tab-stops: list 36.0pt;\"><span style=\"font-size: 12.0pt; line-height: 150%; font-family: 'Aptos',sans-serif;\">Mat\u00e9riau du conducteur : Cuivre<\/span><\/li>\n<\/ul>\n<p class=\"MsoNormal\" style=\"text-align: justify; line-height: 150%;\"><strong><span style=\"font-size: 14.0pt; line-height: 150%; font-family: 'Aptos',sans-serif; color: #004e9a;\">Blindage<\/span><\/strong><\/p>\n<ul style=\"margin-top: 0cm;\" type=\"disc\">\n<li class=\"MsoNormal\" style=\"text-align: justify; line-height: 150%; mso-list: l1 level1 lfo2; tab-stops: list 36.0pt;\"><span style=\"font-size: 12.0pt; line-height: 150%; font-family: 'Aptos',sans-serif;\">Type : S-FTP<\/span><\/li>\n<li class=\"MsoNormal\" style=\"text-align: justify; line-height: 150%; mso-list: l1 level1 lfo2; tab-stops: list 36.0pt;\"><span style=\"font-size: 12.0pt; line-height: 150%; font-family: 'Aptos',sans-serif;\">Blindage par paire : Feuille d\u2019aluminium<\/span><\/li>\n<li class=\"MsoNormal\" style=\"text-align: justify; line-height: 150%; mso-list: l1 level1 lfo2; tab-stops: list 36.0pt;\"><span style=\"font-size: 12.0pt; line-height: 150%; font-family: 'Aptos',sans-serif;\">Blindage g\u00e9n\u00e9ral : Tresse de cuivre<\/span><\/li>\n<li class=\"MsoNormal\" style=\"text-align: justify; line-height: 150%; mso-list: l1 level1 lfo2; tab-stops: list 36.0pt;\"><span style=\"font-size: 12.0pt; line-height: 150%; font-family: 'Aptos',sans-serif;\">Protection renforc\u00e9e contre les interf\u00e9rences EMI\/RFI<\/span><\/li>\n<\/ul>\n<p class=\"MsoNormal\" style=\"text-align: justify; line-height: 150%;\"><strong><span style=\"font-size: 14.0pt; line-height: 150%; font-family: 'Aptos',sans-serif; color: #004e9a;\">Gaine<\/span><\/strong><\/p>\n<ul style=\"margin-top: 0cm;\" type=\"disc\">\n<li class=\"MsoNormal\" style=\"text-align: justify; line-height: 150%; mso-list: l2 level1 lfo3; tab-stops: list 36.0pt;\"><span style=\"font-size: 12.0pt; line-height: 150%; font-family: 'Aptos',sans-serif;\">Mat\u00e9riau : LSZH (Low Smoke Zero Halogen)<\/span><\/li>\n<li class=\"MsoNormal\" style=\"text-align: justify; line-height: 150%; mso-list: l2 level1 lfo3; tab-stops: list 36.0pt;\"><span style=\"font-size: 12.0pt; line-height: 150%; font-family: 'Aptos',sans-serif;\">Couleur : Gris<\/span><\/li>\n<li class=\"MsoNormal\" style=\"text-align: justify; line-height: 150%; mso-list: l2 level1 lfo3; tab-stops: list 36.0pt;\"><span style=\"font-size: 12.0pt; line-height: 150%; font-family: 'Aptos',sans-serif;\">Avantage : S\u00e9curit\u00e9 incendie accrue et faible \u00e9mission de fum\u00e9e<\/span><\/li>\n<\/ul>\n<p class=\"MsoNormal\" style=\"text-align: justify; line-height: 150%;\"><strong><span style=\"font-size: 14.0pt; line-height: 150%; font-family: 'Aptos',sans-serif; color: #004e9a;\">Normes<\/span><\/strong><\/p>\n<ul style=\"margin-top: 0cm;\" type=\"disc\">\n<li class=\"MsoNormal\" style=\"text-align: justify; line-height: 150%; mso-list: l3 level1 lfo4; tab-stops: list 36.0pt;\"><span style=\"font-size: 12.0pt; line-height: 150%; font-family: 'Aptos',sans-serif;\">ANSI\/TIA-568-C.2<\/span><\/li>\n<li class=\"MsoNormal\" style=\"text-align: justify; line-height: 150%; mso-list: l3 level1 lfo4; tab-stops: list 36.0pt;\"><span style=\"font-size: 12.0pt; line-height: 150%; font-family: 'Aptos',sans-serif;\">ISO\/IEC 11801<\/span><\/li>\n<\/ul>\n<p class=\"MsoNormal\" style=\"text-align: justify; line-height: 150%;\"><strong><span style=\"font-size: 14.0pt; line-height: 150%; font-family: 'Aptos',sans-serif; color: #004e9a;\">R\u00e9f\u00e9rences <\/span><\/strong><\/p>\n<table class=\"MsoTableGrid\" style=\"margin-left: 3.1pt; border-collapse: collapse; border: none; mso-border-alt: solid windowtext .5pt; mso-padding-alt: 0cm 3.5pt 0cm 3.5pt;\" border=\"1\" cellspacing=\"0\" cellpadding=\"0\">\n<tbody>\n<tr style=\"mso-yfti-irow: 0; mso-yfti-firstrow: yes;\">\n<td style=\"width: 100.5pt; border: solid windowtext 1.0pt; mso-border-alt: solid windowtext .5pt; padding: 0cm 3.5pt 0cm 3.5pt;\" valign=\"top\" width=\"134\">\n<p class=\"MsoNormal\" style=\"margin-bottom: 0cm; text-align: center; line-height: 150%;\" align=\"center\"><strong><span style=\"font-size: 12.0pt; line-height: 150%; font-family: 'Aptos',sans-serif;\">R\u00e9f\u00e9rences<\/span><\/strong><\/p>\n<\/td>\n<td style=\"width: 339.75pt; border: solid windowtext 1.0pt; border-left: none; mso-border-left-alt: solid windowtext .5pt; mso-border-alt: solid windowtext .5pt; padding: 0cm 3.5pt 0cm 3.5pt;\" valign=\"top\" width=\"453\">\n<p class=\"MsoNormal\" style=\"margin-bottom: 0cm; text-align: center; line-height: 150%;\" align=\"center\"><strong><span style=\"font-size: 12.0pt; line-height: 150%; font-family: 'Aptos',sans-serif;\">D\u00e9signations<\/span><\/strong><\/p>\n<\/td>\n<\/tr>\n<tr style=\"mso-yfti-irow: 1;\">\n<td style=\"width: 100.5pt; border: solid windowtext 1.0pt; border-top: none; mso-border-top-alt: solid windowtext .5pt; mso-border-alt: solid windowtext .5pt; padding: 0cm 3.5pt 0cm 3.5pt;\" valign=\"top\" width=\"134\">\n<p class=\"MsoNormal\" style=\"margin-bottom: 0cm; text-align: justify; line-height: 150%;\"><span style=\"font-size: 12.0pt; line-height: 150%; font-family: 'Aptos',sans-serif;\">SP111S-FTP0.5M<\/span><\/p>\n<\/td>\n<td style=\"width: 339.75pt; border-top: none; border-left: none; border-bottom: solid windowtext 1.0pt; border-right: solid windowtext 1.0pt; mso-border-top-alt: solid windowtext .5pt; mso-border-left-alt: solid windowtext .5pt; mso-border-alt: solid windowtext .5pt; padding: 0cm 3.5pt 0cm 3.5pt;\" valign=\"top\" width=\"453\">\n<p class=\"MsoNormal\" style=\"margin-bottom: 0cm; text-align: center; line-height: 150%;\" align=\"center\"><span style=\"font-size: 12.0pt; line-height: 150%; font-family: 'Aptos',sans-serif;\">Cordon de brassage GRIS S-FTP CAT6A AWG24 LSZH 0.5m<\/span><\/p>\n<\/td>\n<\/tr>\n<tr style=\"mso-yfti-irow: 2;\">\n<td style=\"width: 100.5pt; border: solid windowtext 1.0pt; border-top: none; mso-border-top-alt: solid windowtext .5pt; mso-border-alt: solid windowtext .5pt; padding: 0cm 3.5pt 0cm 3.5pt;\" valign=\"top\" width=\"134\">\n<p class=\"MsoNormal\" style=\"margin-bottom: 0cm; text-align: justify; line-height: 150%;\"><span style=\"font-size: 12.0pt; line-height: 150%; font-family: 'Aptos',sans-serif;\">SP111S-FTP1M<\/span><\/p>\n<\/td>\n<td style=\"width: 339.75pt; border-top: none; border-left: none; border-bottom: solid windowtext 1.0pt; border-right: solid windowtext 1.0pt; mso-border-top-alt: solid windowtext .5pt; mso-border-left-alt: solid windowtext .5pt; mso-border-alt: solid windowtext .5pt; padding: 0cm 3.5pt 0cm 3.5pt;\" valign=\"top\" width=\"453\">\n<p class=\"MsoNormal\" style=\"margin-bottom: 0cm; text-align: center; line-height: 150%;\" align=\"center\"><span style=\"font-size: 12.0pt; line-height: 150%; font-family: 'Aptos',sans-serif;\">Cordon de brassage GRIS S-FTP CAT6A AWG24 LSZH 1m<\/span><\/p>\n<\/td>\n<\/tr>\n<tr style=\"mso-yfti-irow: 3;\">\n<td style=\"width: 100.5pt; border: solid windowtext 1.0pt; border-top: none; mso-border-top-alt: solid windowtext .5pt; mso-border-alt: solid windowtext .5pt; padding: 0cm 3.5pt 0cm 3.5pt;\" valign=\"top\" width=\"134\">\n<p class=\"MsoNormal\" style=\"margin-bottom: 0cm; text-align: justify; line-height: 150%;\"><span style=\"font-size: 12.0pt; line-height: 150%; font-family: 'Aptos',sans-serif;\">SP111S-FTP2M<\/span><\/p>\n<\/td>\n<td style=\"width: 339.75pt; border-top: none; border-left: none; border-bottom: solid windowtext 1.0pt; border-right: solid windowtext 1.0pt; mso-border-top-alt: solid windowtext .5pt; mso-border-left-alt: solid windowtext .5pt; mso-border-alt: solid windowtext .5pt; padding: 0cm 3.5pt 0cm 3.5pt;\" valign=\"top\" width=\"453\">\n<p class=\"MsoNormal\" style=\"margin-bottom: 0cm; text-align: center; line-height: 150%;\" align=\"center\"><span style=\"font-size: 12.0pt; line-height: 150%; font-family: 'Aptos',sans-serif;\">Cordon de brassage GRIS S-FTP CAT6A AWG24 LSZH 2m<\/span><\/p>\n<\/td>\n<\/tr>\n<tr style=\"mso-yfti-irow: 4;\">\n<td style=\"width: 100.5pt; border: solid windowtext 1.0pt; border-top: none; mso-border-top-alt: solid windowtext .5pt; mso-border-alt: solid windowtext .5pt; padding: 0cm 3.5pt 0cm 3.5pt;\" valign=\"top\" width=\"134\">\n<p class=\"MsoNormal\" style=\"margin-bottom: 0cm; text-align: justify; line-height: 150%;\"><span style=\"font-size: 12.0pt; line-height: 150%; font-family: 'Aptos',sans-serif;\">SP111S-FTP3M<\/span><\/p>\n<\/td>\n<td style=\"width: 339.75pt; border-top: none; border-left: none; border-bottom: solid windowtext 1.0pt; border-right: solid windowtext 1.0pt; mso-border-top-alt: solid windowtext .5pt; mso-border-left-alt: solid windowtext .5pt; mso-border-alt: solid windowtext .5pt; padding: 0cm 3.5pt 0cm 3.5pt;\" valign=\"top\" width=\"453\">\n<p class=\"MsoNormal\" style=\"margin-bottom: 0cm; text-align: center; line-height: 150%;\" align=\"center\"><span style=\"font-size: 12.0pt; line-height: 150%; font-family: 'Aptos',sans-serif;\">Cordon de brassage GRIS S-FTP CAT6A AWG24 LSZH 3m<\/span><\/p>\n<\/td>\n<\/tr>\n<tr style=\"mso-yfti-irow: 5;\">\n<td style=\"width: 100.5pt; border: solid windowtext 1.0pt; border-top: none; mso-border-top-alt: solid windowtext .5pt; mso-border-alt: solid windowtext .5pt; padding: 0cm 3.5pt 0cm 3.5pt;\" valign=\"top\" width=\"134\">\n<p class=\"MsoNormal\" style=\"margin-bottom: 0cm; text-align: justify; line-height: 150%;\"><span style=\"font-size: 12.0pt; line-height: 150%; font-family: 'Aptos',sans-serif;\">SP111S-FTP4M<\/span><\/p>\n<\/td>\n<td style=\"width: 339.75pt; border-top: none; border-left: none; border-bottom: solid windowtext 1.0pt; border-right: solid windowtext 1.0pt; mso-border-top-alt: solid windowtext .5pt; mso-border-left-alt: solid windowtext .5pt; mso-border-alt: solid windowtext .5pt; padding: 0cm 3.5pt 0cm 3.5pt;\" valign=\"top\" width=\"453\">\n<p class=\"MsoNormal\" style=\"margin-bottom: 0cm; text-align: center; line-height: 150%;\" align=\"center\"><span style=\"font-size: 12.0pt; line-height: 150%; font-family: 'Aptos',sans-serif;\">Cordon de brassage GRIS S-FTP CAT6A AWG24 LSZH 4m<\/span><\/p>\n<\/td>\n<\/tr>\n<tr style=\"mso-yfti-irow: 6;\">\n<td style=\"width: 100.5pt; border: solid windowtext 1.0pt; border-top: none; mso-border-top-alt: solid windowtext .5pt; mso-border-alt: solid windowtext .5pt; padding: 0cm 3.5pt 0cm 3.5pt;\" valign=\"top\" width=\"134\">\n<p class=\"MsoNormal\" style=\"margin-bottom: 0cm; text-align: justify; line-height: 150%;\"><span style=\"font-size: 12.0pt; line-height: 150%; font-family: 'Aptos',sans-serif;\">SP111S-FTP5M<\/span><\/p>\n<\/td>\n<td style=\"width: 339.75pt; border-top: none; border-left: none; border-bottom: solid windowtext 1.0pt; border-right: solid windowtext 1.0pt; mso-border-top-alt: solid windowtext .5pt; mso-border-left-alt: solid windowtext .5pt; mso-border-alt: solid windowtext .5pt; padding: 0cm 3.5pt 0cm 3.5pt;\" valign=\"top\" width=\"453\">\n<p class=\"MsoNormal\" style=\"margin-bottom: 0cm; text-align: center; line-height: 150%;\" align=\"center\"><span style=\"font-size: 12.0pt; line-height: 150%; font-family: 'Aptos',sans-serif;\">Cordon de brassage GRIS S-FTP CAT6A AWG24 LSZH 5m<\/span><\/p>\n<\/td>\n<\/tr>\n<tr style=\"mso-yfti-irow: 7;\">\n<td style=\"width: 100.5pt; border: solid windowtext 1.0pt; border-top: none; mso-border-top-alt: solid windowtext .5pt; mso-border-alt: solid windowtext .5pt; padding: 0cm 3.5pt 0cm 3.5pt;\" valign=\"top\" width=\"134\">\n<p class=\"MsoNormal\" style=\"margin-bottom: 0cm; text-align: justify; line-height: 150%;\"><span style=\"font-size: 12.0pt; line-height: 150%; font-family: 'Aptos',sans-serif;\">SP111S-FTP10M<\/span><\/p>\n<\/td>\n<td style=\"width: 339.75pt; border-top: none; border-left: none; border-bottom: solid windowtext 1.0pt; border-right: solid windowtext 1.0pt; mso-border-top-alt: solid windowtext .5pt; mso-border-left-alt: solid windowtext .5pt; mso-border-alt: solid windowtext .5pt; padding: 0cm 3.5pt 0cm 3.5pt;\" valign=\"top\" width=\"453\">\n<p class=\"MsoNormal\" style=\"margin-bottom: 0cm; text-align: center; line-height: 150%;\" align=\"center\"><span style=\"font-size: 12.0pt; line-height: 150%; font-family: 'Aptos',sans-serif;\">Cordon de brassage GRIS S-FTP CAT6A AWG24 LSZH 10m<\/span><\/p>\n<\/td>\n<\/tr>\n<tr style=\"mso-yfti-irow: 8; mso-yfti-lastrow: yes;\">\n<td style=\"width: 100.5pt; border: solid windowtext 1.0pt; border-top: none; mso-border-top-alt: solid windowtext .5pt; mso-border-alt: solid windowtext .5pt; padding: 0cm 3.5pt 0cm 3.5pt;\" valign=\"top\" width=\"134\">\n<p class=\"MsoNormal\" style=\"margin-bottom: 0cm; text-align: justify; line-height: 150%;\"><span style=\"font-size: 12.0pt; line-height: 150%; font-family: 'Aptos',sans-serif;\">SP111S-FTP25M<\/span><\/p>\n<\/td>\n<td style=\"width: 339.75pt; border-top: none; border-left: none; border-bottom: solid windowtext 1.0pt; border-right: solid windowtext 1.0pt; mso-border-top-alt: solid windowtext .5pt; mso-border-left-alt: solid windowtext .5pt; mso-border-alt: solid windowtext .5pt; padding: 0cm 3.5pt 0cm 3.5pt;\" valign=\"top\" width=\"453\">\n<p class=\"MsoNormal\" style=\"margin-bottom: 0cm; text-align: center; line-height: 150%;\" align=\"center\"><span style=\"font-size: 12.0pt; line-height: 150%; font-family: 'Aptos',sans-serif;\">Cordon de brassage GRIS S-FTP CAT6A AWG24 LSZH 25m<\/span><\/p>\n<\/td>\n<\/tr>\n<\/tbody>\n<\/table>\n<p>&nbsp;<\/p>","protected":false},"excerpt":{"rendered":"<p class=\"MsoNormal\" style=\"text-align: justify; line-height: 150%;\"><span style=\"font-size: 12.0pt; line-height: 150%; font-family: 'Aptos',sans-serif;\">Le cordon de brassage S-FTP Cat6A AWG24 LSZH est con\u00e7u pour les r\u00e9seaux Ethernet tr\u00e8s haut d\u00e9bit n\u00e9cessitant une protection maximale contre les interf\u00e9rences \u00e9lectromagn\u00e9tiques. Gr\u00e2ce \u00e0 son double blindage (blindage individuel par paire + blindage g\u00e9n\u00e9ral par tresse), il garantit une transmission stable et performante jusqu\u2019\u00e0 10 Gbps.<\/span><\/p>\n<p class=\"MsoNormal\" style=\"text-align: justify; line-height: 150%;\"><span style=\"font-size: 12.0pt; line-height: 150%; font-family: 'Aptos',sans-serif;\">Sa gaine LSZH (Low Smoke Zero Halogen) limite les \u00e9missions de fum\u00e9es et de gaz toxiques en cas d\u2019incendie, ce qui en fait une solution id\u00e9ale pour les data centers, salles serveurs, b\u00e2timents publics et environnements sensibles.<\/span><\/p>","protected":false},"featured_media":5347,"comment_status":"open","ping_status":"closed","template":"","meta":{"om_disable_all_campaigns":false,"_monsterinsights_skip_tracking":false,"_monsterinsights_sitenote_active":false,"_monsterinsights_sitenote_note":"","_monsterinsights_sitenote_category":0},"product_cat":[213],"product_tag":[],"class_list":{"0":"post-223","1":"product","2":"type-product","3":"status-publish","4":"has-post-thumbnail","6":"product_cat-cordons-de-brassage","8":"first","9":"instock","10":"featured","11":"shipping-taxable","12":"product-type-simple","13":"add-to-wishlist-after_add_to_cart"},"aioseo_notices":[],"_links":{"self":[{"href":"https:\/\/spider-lan.com\/en\/wp-json\/wp\/v2\/product\/223","targetHints":{"allow":["GET"]}}],"collection":[{"href":"https:\/\/spider-lan.com\/en\/wp-json\/wp\/v2\/product"}],"about":[{"href":"https:\/\/spider-lan.com\/en\/wp-json\/wp\/v2\/types\/product"}],"replies":[{"embeddable":true,"href":"https:\/\/spider-lan.com\/en\/wp-json\/wp\/v2\/comments?post=223"}],"wp:featuredmedia":[{"embeddable":true,"href":"https:\/\/spider-lan.com\/en\/wp-json\/wp\/v2\/media\/5347"}],"wp:attachment":[{"href":"https:\/\/spider-lan.com\/en\/wp-json\/wp\/v2\/media?parent=223"}],"wp:term":[{"taxonomy":"product_cat","embeddable":true,"href":"https:\/\/spider-lan.com\/en\/wp-json\/wp\/v2\/product_cat?post=223"},{"taxonomy":"product_tag","embeddable":true,"href":"https:\/\/spider-lan.com\/en\/wp-json\/wp\/v2\/product_tag?post=223"}],"curies":[{"name":"wp","href":"https:\/\/api.w.org\/{rel}","templated":true}]}}