{"id":238,"date":"2025-09-09T14:37:41","date_gmt":"2025-09-09T12:37:41","guid":{"rendered":"http:\/\/spider-lan.com\/?post_type=product&#038;p=238"},"modified":"2026-01-19T12:17:22","modified_gmt":"2026-01-19T11:17:22","slug":"plaque-murale-45-x-45-mm-pour-connecteur-rj45","status":"publish","type":"product","link":"https:\/\/spider-lan.com\/en\/product\/plaque-murale-45-x-45-mm-pour-connecteur-rj45\/","title":{"rendered":"Plaque Murale 45 x 45 mm pour Connecteur RJ45"},"content":{"rendered":"<p class=\"MsoNormal\" style=\"text-align: justify; line-height: 150%;\"><strong><span style=\"font-size: 14.0pt; line-height: 150%; font-family: 'Aptos',sans-serif; color: #004e9a;\">Caract\u00e9ristiques principales<\/span><\/strong><\/p>\n<ul style=\"margin-top: 0cm;\" type=\"disc\">\n<li class=\"MsoNormal\" style=\"text-align: justify; line-height: 150%; mso-list: l0 level1 lfo1; tab-stops: list 36.0pt;\"><strong><span style=\"font-size: 12.0pt; line-height: 150%; font-family: 'Aptos',sans-serif;\">Type :<\/span><\/strong><span style=\"font-size: 12.0pt; line-height: 150%; font-family: 'Aptos',sans-serif;\"> Plaque murale pour connecteur RJ45<\/span><\/li>\n<li class=\"MsoNormal\" style=\"text-align: justify; line-height: 150%; mso-list: l0 level1 lfo1; tab-stops: list 36.0pt;\"><strong><span style=\"font-size: 12.0pt; line-height: 150%; font-family: 'Aptos',sans-serif;\">Compatibilit\u00e9 :<\/span><\/strong><span style=\"font-size: 12.0pt; line-height: 150%; font-family: 'Aptos',sans-serif;\"> Connecteurs RJ45 modulaires standards<\/span><\/li>\n<li class=\"MsoNormal\" style=\"text-align: justify; line-height: 150%; mso-list: l0 level1 lfo1; tab-stops: list 36.0pt;\"><strong><span style=\"font-size: 12.0pt; line-height: 150%; font-family: 'Aptos',sans-serif;\">Installation :<\/span><\/strong><span style=\"font-size: 12.0pt; line-height: 150%; font-family: 'Aptos',sans-serif;\"> Montage facile sur bo\u00eete d\u2019encastrement standard<\/span><\/li>\n<li class=\"MsoNormal\" style=\"text-align: justify; line-height: 150%; mso-list: l0 level1 lfo1; tab-stops: list 36.0pt;\"><strong><span style=\"font-size: 12.0pt; line-height: 150%; font-family: 'Aptos',sans-serif;\">Application :<\/span><\/strong><span style=\"font-size: 12.0pt; line-height: 150%; font-family: 'Aptos',sans-serif;\"> R\u00e9seaux Ethernet, t\u00e9l\u00e9phonie, data<\/span><\/li>\n<\/ul>\n<table class=\"MsoTableGrid\" style=\"width: 386.5pt; margin-left: -.25pt; border-collapse: collapse; border: none; mso-border-alt: solid windowtext .5pt; mso-padding-alt: 0cm 3.5pt 0cm 3.5pt;\" border=\"1\" width=\"515\" cellspacing=\"0\" cellpadding=\"0\">\n<tbody>\n<tr style=\"mso-yfti-irow: 0; mso-yfti-firstrow: yes;\">\n<td style=\"width: 81.7pt; border: solid windowtext 1.0pt; mso-border-alt: solid windowtext .5pt; padding: 0cm 3.5pt 0cm 3.5pt;\" valign=\"top\" width=\"109\">\n<p class=\"MsoNormal\" style=\"margin-bottom: 0cm; text-align: center; line-height: 150%;\" align=\"center\"><strong><span style=\"font-size: 12.0pt; line-height: 150%; font-family: 'Aptos',sans-serif;\">R\u00e9f\u00e9rence<\/span><\/strong><\/p>\n<\/td>\n<td style=\"width: 106.35pt; border: solid windowtext 1.0pt; border-left: none; mso-border-left-alt: solid windowtext .5pt; mso-border-alt: solid windowtext .5pt; padding: 0cm 3.5pt 0cm 3.5pt;\" valign=\"top\" width=\"142\">\n<p class=\"MsoNormal\" style=\"margin-bottom: 0cm; text-align: center; line-height: 150%;\" align=\"center\"><strong><span style=\"font-size: 12.0pt; line-height: 150%; font-family: 'Aptos',sans-serif;\">Dimension<\/span><\/strong><\/p>\n<\/td>\n<td style=\"width: 7.0cm; border: solid windowtext 1.0pt; border-left: none; mso-border-left-alt: solid windowtext .5pt; mso-border-alt: solid windowtext .5pt; padding: 0cm 3.5pt 0cm 3.5pt;\" valign=\"top\" width=\"265\">\n<p class=\"MsoNormal\" style=\"margin-bottom: 0cm; text-align: center; line-height: 150%;\" align=\"center\"><strong><span style=\"font-size: 12.0pt; line-height: 150%; font-family: 'Aptos',sans-serif;\">D\u00e9signation<\/span><\/strong><\/p>\n<\/td>\n<\/tr>\n<tr style=\"mso-yfti-irow: 1;\">\n<td style=\"width: 81.7pt; border: solid windowtext 1.0pt; border-top: none; mso-border-top-alt: solid windowtext .5pt; mso-border-alt: solid windowtext .5pt; padding: 0cm 3.5pt 0cm 3.5pt;\" valign=\"top\" width=\"109\">\n<p class=\"MsoNormal\" style=\"margin-bottom: 0cm; text-align: center; line-height: 150%;\" align=\"center\"><span style=\"font-size: 12.0pt; line-height: 150%; font-family: 'Aptos',sans-serif;\">SP105PL1<\/span><\/p>\n<\/td>\n<td style=\"width: 106.35pt; border-top: none; border-left: none; border-bottom: solid windowtext 1.0pt; border-right: solid windowtext 1.0pt; mso-border-top-alt: solid windowtext .5pt; mso-border-left-alt: solid windowtext .5pt; mso-border-alt: solid windowtext .5pt; padding: 0cm 3.5pt 0cm 3.5pt;\" valign=\"top\" width=\"142\">\n<p class=\"MsoNormal\" style=\"margin-bottom: 0cm; text-align: center; line-height: 150%;\" align=\"center\"><span style=\"font-size: 12.0pt; line-height: 150%; font-family: 'Aptos',sans-serif;\">22.5 x 45 mm<\/span><\/p>\n<\/td>\n<td style=\"width: 7.0cm; border-top: none; border-left: none; border-bottom: solid windowtext 1.0pt; border-right: solid windowtext 1.0pt; mso-border-top-alt: solid windowtext .5pt; mso-border-left-alt: solid windowtext .5pt; mso-border-alt: solid windowtext .5pt; padding: 0cm 3.5pt 0cm 3.5pt;\" valign=\"top\" width=\"265\">\n<p class=\"MsoNormal\" style=\"margin-bottom: 0cm; text-align: center; line-height: 150%;\" align=\"center\"><span style=\"font-size: 12.0pt; line-height: 150%; font-family: 'Aptos',sans-serif;\">1 port\u00a0de prise RJ45<\/span><\/p>\n<\/td>\n<\/tr>\n<tr style=\"mso-yfti-irow: 2;\">\n<td style=\"width: 81.7pt; border: solid windowtext 1.0pt; border-top: none; mso-border-top-alt: solid windowtext .5pt; mso-border-alt: solid windowtext .5pt; padding: 0cm 3.5pt 0cm 3.5pt;\" valign=\"top\" width=\"109\">\n<p class=\"MsoNormal\" style=\"margin-bottom: 0cm; text-align: center; line-height: 150%;\" align=\"center\"><span style=\"font-size: 12.0pt; line-height: 150%; font-family: 'Aptos',sans-serif;\">SP105PL2<\/span><\/p>\n<\/td>\n<td style=\"width: 106.35pt; border-top: none; border-left: none; border-bottom: solid windowtext 1.0pt; border-right: solid windowtext 1.0pt; mso-border-top-alt: solid windowtext .5pt; mso-border-left-alt: solid windowtext .5pt; mso-border-alt: solid windowtext .5pt; padding: 0cm 3.5pt 0cm 3.5pt;\" valign=\"top\" width=\"142\">\n<p class=\"MsoNormal\" style=\"margin-bottom: 0cm; text-align: center; line-height: 150%;\" align=\"center\"><span style=\"font-size: 12.0pt; line-height: 150%; font-family: 'Aptos',sans-serif;\">45 x 45 mm<\/span><\/p>\n<\/td>\n<td style=\"width: 7.0cm; border-top: none; border-left: none; border-bottom: solid windowtext 1.0pt; border-right: solid windowtext 1.0pt; mso-border-top-alt: solid windowtext .5pt; mso-border-left-alt: solid windowtext .5pt; mso-border-alt: solid windowtext .5pt; padding: 0cm 3.5pt 0cm 3.5pt;\" valign=\"top\" width=\"265\">\n<p class=\"MsoNormal\" style=\"margin-bottom: 0cm; text-align: center; line-height: 150%;\" align=\"center\"><span style=\"font-size: 12.0pt; line-height: 150%; font-family: 'Aptos',sans-serif;\">1 port\u00a0de prise RJ45<\/span><\/p>\n<\/td>\n<\/tr>\n<tr style=\"mso-yfti-irow: 3; mso-yfti-lastrow: yes;\">\n<td style=\"width: 81.7pt; border: solid windowtext 1.0pt; border-top: none; mso-border-top-alt: solid windowtext .5pt; mso-border-alt: solid windowtext .5pt; padding: 0cm 3.5pt 0cm 3.5pt;\" valign=\"top\" width=\"109\">\n<p class=\"MsoNormal\" style=\"margin-bottom: 0cm; text-align: center; line-height: 150%;\" align=\"center\"><span style=\"font-size: 12.0pt; line-height: 150%; font-family: 'Aptos',sans-serif;\">SP105PL3<\/span><\/p>\n<\/td>\n<td style=\"width: 106.35pt; border-top: none; border-left: none; border-bottom: solid windowtext 1.0pt; border-right: solid windowtext 1.0pt; mso-border-top-alt: solid windowtext .5pt; mso-border-left-alt: solid windowtext .5pt; mso-border-alt: solid windowtext .5pt; padding: 0cm 3.5pt 0cm 3.5pt;\" valign=\"top\" width=\"142\">\n<p class=\"MsoNormal\" style=\"margin-bottom: 0cm; text-align: center; line-height: 150%;\" align=\"center\"><span style=\"font-size: 12.0pt; line-height: 150%; font-family: 'Aptos',sans-serif;\">45 x 45 mm<\/span><\/p>\n<\/td>\n<td style=\"width: 7.0cm; border-top: none; border-left: none; border-bottom: solid windowtext 1.0pt; border-right: solid windowtext 1.0pt; mso-border-top-alt: solid windowtext .5pt; mso-border-left-alt: solid windowtext .5pt; mso-border-alt: solid windowtext .5pt; padding: 0cm 3.5pt 0cm 3.5pt;\" valign=\"top\" width=\"265\">\n<p class=\"MsoNormal\" style=\"margin-bottom: 0cm; text-align: center; line-height: 150%;\" align=\"center\"><span style=\"font-size: 12.0pt; line-height: 150%; font-family: 'Aptos',sans-serif;\">2 ports\u00a0de prise RJ45<\/span><\/p>\n<\/td>\n<\/tr>\n<\/tbody>\n<\/table>\n<p class=\"MsoNormal\" style=\"text-align: justify; line-height: 150%;\">","protected":false},"excerpt":{"rendered":"<p class=\"MsoNormal\" style=\"text-align: justify; line-height: 150%;\"><span style=\"font-size: 12.0pt; line-height: 150%; font-family: 'Aptos',sans-serif;\">La <strong>plaque murale 45 x 45 mm<\/strong> est sp\u00e9cialement con\u00e7ue pour accueillir un <strong>connecteur RJ45<\/strong> (prise r\u00e9seau) de mani\u00e8re propre et esth\u00e9tique. Elle permet une installation discr\u00e8te et soign\u00e9e des prises RJ45 dans les murs, offrant une finition professionnelle aux environnements r\u00e9sidentiels, tertiaires et industriels.<\/span><\/p>\n<p class=\"MsoNormal\" style=\"text-align: justify; line-height: 150%;\"><span style=\"font-size: 12.0pt; line-height: 150%; font-family: 'Aptos',sans-serif;\">Compatible avec les bo\u00eetiers et supports standards, cette plaque est id\u00e9ale pour organiser les connexions r\u00e9seau tout en garantissant une bonne durabilit\u00e9 et une apparence uniforme.<\/span><\/p>","protected":false},"featured_media":5151,"comment_status":"open","ping_status":"closed","template":"","meta":{"om_disable_all_campaigns":false,"_monsterinsights_skip_tracking":false,"_monsterinsights_sitenote_active":false,"_monsterinsights_sitenote_note":"","_monsterinsights_sitenote_category":0},"product_cat":[215],"product_tag":[],"class_list":{"0":"post-238","1":"product","2":"type-product","3":"status-publish","4":"has-post-thumbnail","6":"product_cat-face-plate","8":"first","9":"instock","10":"shipping-taxable","11":"product-type-simple","12":"add-to-wishlist-after_add_to_cart"},"aioseo_notices":[],"_links":{"self":[{"href":"https:\/\/spider-lan.com\/en\/wp-json\/wp\/v2\/product\/238","targetHints":{"allow":["GET"]}}],"collection":[{"href":"https:\/\/spider-lan.com\/en\/wp-json\/wp\/v2\/product"}],"about":[{"href":"https:\/\/spider-lan.com\/en\/wp-json\/wp\/v2\/types\/product"}],"replies":[{"embeddable":true,"href":"https:\/\/spider-lan.com\/en\/wp-json\/wp\/v2\/comments?post=238"}],"wp:featuredmedia":[{"embeddable":true,"href":"https:\/\/spider-lan.com\/en\/wp-json\/wp\/v2\/media\/5151"}],"wp:attachment":[{"href":"https:\/\/spider-lan.com\/en\/wp-json\/wp\/v2\/media?parent=238"}],"wp:term":[{"taxonomy":"product_cat","embeddable":true,"href":"https:\/\/spider-lan.com\/en\/wp-json\/wp\/v2\/product_cat?post=238"},{"taxonomy":"product_tag","embeddable":true,"href":"https:\/\/spider-lan.com\/en\/wp-json\/wp\/v2\/product_tag?post=238"}],"curies":[{"name":"wp","href":"https:\/\/api.w.org\/{rel}","templated":true}]}}