{"id":250,"date":"2025-09-03T14:45:25","date_gmt":"2025-09-03T12:45:25","guid":{"rendered":"http:\/\/spider-lan.com\/?post_type=product&#038;p=250"},"modified":"2026-01-19T10:32:52","modified_gmt":"2026-01-19T09:32:52","slug":"panneau-obturateur-19","status":"publish","type":"product","link":"https:\/\/spider-lan.com\/en\/product\/panneau-obturateur-19\/","title":{"rendered":"Panneau obturateur 19&#8243;"},"content":{"rendered":"<p class=\"MsoNormal\" style=\"line-height: 150%; text-align: left;\"><strong><span style=\"font-size: 14.0pt; line-height: 150%; font-family: 'Aptos',sans-serif; color: #004e9a;\">Caract\u00e9ristiques principales<\/span><\/strong><\/p>\n<ul type=\"disc\">\n<li class=\"MsoNormal\" style=\"mso-margin-top-alt: auto; mso-margin-bottom-alt: auto; text-align: justify; line-height: 150%; mso-list: l1 level1 lfo1; tab-stops: list 36.0pt;\"><span style=\"font-size: 12.0pt; line-height: 150%; font-family: 'Aptos',sans-serif;\">Fonction : Obturation des espaces libres dans les racks<\/span><\/li>\n<li class=\"MsoNormal\" style=\"mso-margin-top-alt: auto; mso-margin-bottom-alt: auto; text-align: justify; line-height: 150%; mso-list: l1 level1 lfo1; tab-stops: list 36.0pt;\"><span style=\"font-size: 12.0pt; line-height: 150%; font-family: 'Aptos',sans-serif;\">Am\u00e9liore la circulation de l\u2019air froid \/ chaud<\/span><\/li>\n<li class=\"MsoNormal\" style=\"mso-margin-top-alt: auto; mso-margin-bottom-alt: auto; text-align: justify; line-height: 150%; mso-list: l1 level1 lfo1; tab-stops: list 36.0pt;\"><span style=\"font-size: 12.0pt; line-height: 150%; font-family: 'Aptos',sans-serif;\">R\u00e9duction de la recirculation de l\u2019air chaud<\/span><\/li>\n<li class=\"MsoNormal\" style=\"mso-margin-top-alt: auto; mso-margin-bottom-alt: auto; text-align: justify; line-height: 150%; mso-list: l1 level1 lfo1; tab-stops: list 36.0pt;\"><span style=\"font-size: 12.0pt; line-height: 150%; font-family: 'Aptos',sans-serif;\">Aspect esth\u00e9tique et installation professionnelle<\/span><\/li>\n<li class=\"MsoNormal\" style=\"mso-margin-top-alt: auto; mso-margin-bottom-alt: auto; text-align: justify; line-height: 150%; mso-list: l1 level1 lfo1; tab-stops: list 36.0pt;\"><span style=\"font-size: 12.0pt; line-height: 150%; font-family: 'Aptos',sans-serif;\">Id\u00e9al pour data centers et salles serveurs<\/span><\/li>\n<\/ul>\n<p class=\"MsoNormal\" style=\"text-align: justify; line-height: 150%;\"><strong><span style=\"font-size: 14.0pt; line-height: 150%; font-family: 'Aptos',sans-serif; color: #004e9a;\">Caract\u00e9ristiques techniques<\/span><\/strong><\/p>\n<ul type=\"disc\">\n<li class=\"MsoNormal\" style=\"mso-margin-top-alt: auto; mso-margin-bottom-alt: auto; text-align: justify; line-height: 150%; mso-list: l0 level1 lfo2; tab-stops: list 36.0pt;\"><span style=\"font-size: 12.0pt; line-height: 150%; font-family: 'Aptos',sans-serif;\">Format : 19 pouces<\/span><\/li>\n<li class=\"MsoNormal\" style=\"mso-margin-top-alt: auto; mso-margin-bottom-alt: auto; text-align: justify; line-height: 150%; mso-list: l0 level1 lfo2; tab-stops: list 36.0pt;\"><span style=\"font-size: 12.0pt; line-height: 150%; font-family: 'Aptos',sans-serif;\">Type de montage : Montage en rack<\/span><\/li>\n<li class=\"MsoNormal\" style=\"mso-margin-top-alt: auto; mso-margin-bottom-alt: auto; text-align: justify; line-height: 150%; mso-list: l0 level1 lfo2; tab-stops: list 36.0pt;\"><span style=\"font-size: 12.0pt; line-height: 150%; font-family: 'Aptos',sans-serif;\">Position de montage : Face avant<\/span><\/li>\n<li class=\"MsoNormal\" style=\"mso-margin-top-alt: auto; mso-margin-bottom-alt: auto; text-align: justify; line-height: 150%; mso-list: l0 level1 lfo2; tab-stops: list 36.0pt;\"><span style=\"font-size: 12.0pt; line-height: 150%; font-family: 'Aptos',sans-serif;\">Mat\u00e9riau : Acier SPCC<\/span><\/li>\n<li class=\"MsoNormal\" style=\"mso-margin-top-alt: auto; mso-margin-bottom-alt: auto; text-align: justify; line-height: 150%; mso-list: l0 level1 lfo2; tab-stops: list 36.0pt;\"><span style=\"font-size: 12.0pt; line-height: 150%; font-family: 'Aptos',sans-serif;\">Couleur : Noir<\/span><\/li>\n<li class=\"MsoNormal\" style=\"mso-margin-top-alt: auto; mso-margin-bottom-alt: auto; text-align: justify; line-height: 150%; mso-list: l0 level1 lfo2; tab-stops: list 36.0pt;\"><span style=\"font-size: 12.0pt; line-height: 150%; font-family: 'Aptos',sans-serif;\">Compatibilit\u00e9 : Baies et armoires standard 19&#8243;<\/span><\/li>\n<\/ul>\n<p class=\"MsoNormal\" style=\"text-align: justify; line-height: 150%;\"><strong><span style=\"font-size: 14.0pt; line-height: 150%; font-family: 'Aptos',sans-serif; color: #004e9a;\">R\u00e9f\u00e9rences<\/span><\/strong><span style=\"font-size: 12.0pt; line-height: 150%; font-family: 'Aptos',sans-serif;\"><br style=\"mso-special-character: line-break;\" \/><!--[endif]--><\/span><\/p>\n<table class=\"MsoTableGrid\" style=\"border-collapse: collapse; border: none; mso-border-alt: solid windowtext .5pt; mso-yfti-tbllook: 1184; mso-padding-alt: 0cm 5.4pt 0cm 5.4pt;\" border=\"1\" cellspacing=\"0\" cellpadding=\"0\">\n<tbody>\n<tr style=\"mso-yfti-irow: 0; mso-yfti-firstrow: yes;\">\n<td style=\"width: 134.45pt; border: solid windowtext 1.0pt; mso-border-alt: solid windowtext .5pt; padding: 0cm 5.4pt 0cm 5.4pt;\" valign=\"top\" width=\"179\">\n<p class=\"MsoNormal\" style=\"margin-bottom: 0cm; text-align: center; line-height: 150%;\" align=\"center\"><strong><span style=\"font-size: 14.0pt; line-height: 150%; font-family: 'Aptos',sans-serif;\">R\u00e9f\u00e9rence<\/span><\/strong><\/p>\n<\/td>\n<td style=\"width: 318.65pt; border: solid windowtext 1.0pt; border-left: none; mso-border-left-alt: solid windowtext .5pt; mso-border-alt: solid windowtext .5pt; padding: 0cm 5.4pt 0cm 5.4pt;\" valign=\"top\" width=\"425\">\n<p class=\"MsoNormal\" style=\"margin-bottom: 0cm; text-align: center; line-height: 150%;\" align=\"center\"><strong><span style=\"font-size: 14.0pt; line-height: 150%; font-family: 'Aptos',sans-serif;\">D\u00e9signation<\/span><\/strong><\/p>\n<\/td>\n<\/tr>\n<tr style=\"mso-yfti-irow: 1;\">\n<td style=\"width: 134.45pt; border: solid windowtext 1.0pt; border-top: none; mso-border-top-alt: solid windowtext .5pt; mso-border-alt: solid windowtext .5pt; padding: 0cm 5.4pt 0cm 5.4pt;\" valign=\"top\" width=\"179\">\n<p class=\"MsoNormal\" style=\"margin-bottom: 0cm; line-height: 150%; text-align: center;\"><span style=\"font-size: 12.0pt; line-height: 150%; font-family: 'Aptos',sans-serif;\">SP19-1UPO<\/span><\/p>\n<\/td>\n<td style=\"width: 318.65pt; border-top: none; border-left: none; border-bottom: 1pt solid windowtext; border-right: 1pt solid windowtext; padding: 0cm 5.4pt; text-align: center;\" valign=\"top\" width=\"425\">\n<p class=\"MsoNormal\" style=\"margin-bottom: 0cm; line-height: 150%;\"><span style=\"font-size: 12.0pt; line-height: 150%; font-family: 'Aptos',sans-serif;\">Panneau Obturateur 19\u2019\u2019 1U <\/span><\/p>\n<\/td>\n<\/tr>\n<tr style=\"mso-yfti-irow: 2; height: 3.5pt;\">\n<td style=\"width: 134.45pt; border: solid windowtext 1.0pt; border-top: none; mso-border-top-alt: solid windowtext .5pt; mso-border-alt: solid windowtext .5pt; padding: 0cm 5.4pt 0cm 5.4pt; height: 3.5pt;\" valign=\"top\" width=\"179\">\n<p class=\"MsoNormal\" style=\"margin-bottom: 0cm; line-height: 150%; text-align: center;\"><span style=\"font-size: 12.0pt; line-height: 150%; font-family: 'Aptos',sans-serif;\">SP19-1,5UPO<\/span><\/p>\n<\/td>\n<td style=\"width: 318.65pt; border-top: none; border-left: none; border-bottom: solid windowtext 1.0pt; border-right: solid windowtext 1.0pt; mso-border-top-alt: solid windowtext .5pt; mso-border-left-alt: solid windowtext .5pt; mso-border-alt: solid windowtext .5pt; padding: 0cm 5.4pt 0cm 5.4pt; height: 3.5pt;\" valign=\"top\" width=\"425\">\n<p class=\"MsoNormal\" style=\"margin-bottom: 0cm; line-height: 150%; text-align: center;\"><span style=\"font-size: 12.0pt; line-height: 150%; font-family: 'Aptos',sans-serif;\">Panneau Obturateur 19\u2019\u2019 1,5U<\/span><\/p>\n<\/td>\n<\/tr>\n<tr style=\"mso-yfti-irow: 3;\">\n<td style=\"width: 134.45pt; border: solid windowtext 1.0pt; border-top: none; mso-border-top-alt: solid windowtext .5pt; mso-border-alt: solid windowtext .5pt; padding: 0cm 5.4pt 0cm 5.4pt;\" valign=\"top\" width=\"179\">\n<p class=\"MsoNormal\" style=\"margin-bottom: 0cm; line-height: 150%; text-align: center;\"><span style=\"font-size: 12.0pt; line-height: 150%; font-family: 'Aptos',sans-serif;\">SP19-2UPO<\/span><\/p>\n<\/td>\n<td style=\"width: 318.65pt; border-top: none; border-left: none; border-bottom: solid windowtext 1.0pt; border-right: solid windowtext 1.0pt; mso-border-top-alt: solid windowtext .5pt; mso-border-left-alt: solid windowtext .5pt; mso-border-alt: solid windowtext .5pt; padding: 0cm 5.4pt 0cm 5.4pt;\" valign=\"top\" width=\"425\">\n<p class=\"MsoNormal\" style=\"margin-bottom: 0cm; line-height: 150%; text-align: center;\"><span style=\"font-size: 12.0pt; line-height: 150%; font-family: 'Aptos',sans-serif;\">Panneau Obturateur 19\u2019\u2019 2U<\/span><\/p>\n<\/td>\n<\/tr>\n<tr style=\"mso-yfti-irow: 4; mso-yfti-lastrow: yes;\">\n<td style=\"width: 134.45pt; border-right: 1pt solid windowtext; border-bottom: 1pt solid windowtext; border-left: 1pt solid windowtext; border-image: initial; border-top: none; padding: 0cm 5.4pt; text-align: center;\" valign=\"top\" width=\"179\">\n<p class=\"MsoNormal\" style=\"margin-bottom: 0cm; line-height: 150%;\"><span style=\"font-size: 12.0pt; line-height: 150%; font-family: 'Aptos',sans-serif;\">SP19-3UPO<\/span><\/p>\n<\/td>\n<td style=\"width: 318.65pt; border-top: none; border-left: none; border-bottom: solid windowtext 1.0pt; border-right: solid windowtext 1.0pt; mso-border-top-alt: solid windowtext .5pt; mso-border-left-alt: solid windowtext .5pt; mso-border-alt: solid windowtext .5pt; padding: 0cm 5.4pt 0cm 5.4pt;\" valign=\"top\" width=\"425\">\n<p class=\"MsoNormal\" style=\"margin-bottom: 0cm; line-height: 150%; text-align: center;\"><span style=\"font-size: 12.0pt; line-height: 150%; font-family: 'Aptos',sans-serif;\">Panneau Obturateur 19\u2019\u2019 3U<\/span><\/p>\n<\/td>\n<\/tr>\n<\/tbody>\n<\/table>\n<p style=\"text-align: justify; line-height: 150%;\">","protected":false},"excerpt":{"rendered":"<p class=\"MsoNormal\" style=\"mso-margin-top-alt: auto; mso-margin-bottom-alt: auto; margin-left: 18.0pt; text-align: justify; line-height: 150%;\"><span style=\"font-size: 12.0pt; line-height: 150%; font-family: 'Aptos',sans-serif; mso-fareast-font-family: 'Times New Roman'; mso-bidi-font-family: 'Times New Roman'; mso-font-kerning: 0pt; mso-ligatures: none; mso-fareast-language: FR;\">Le <strong>panneau obturateur 19 pouces<\/strong> assure une finition propre et professionnelle des baies et armoires r\u00e9seau en masquant les espaces vides et les c\u00e2bles visibles. Il joue \u00e9galement un r\u00f4le essentiel dans l\u2019optimisation de la gestion thermique, en limitant la recirculation de l\u2019air chaud \u00e0 l\u2019int\u00e9rieur du rack.<\/span><\/p>\n<p class=\"MsoNormal\" style=\"mso-margin-top-alt: auto; mso-margin-bottom-alt: auto; margin-left: 18.0pt; text-align: justify; line-height: 150%;\"><span style=\"font-size: 12.0pt; line-height: 150%; font-family: 'Aptos',sans-serif; mso-fareast-font-family: 'Times New Roman'; mso-bidi-font-family: 'Times New Roman'; mso-font-kerning: 0pt; mso-ligatures: none; mso-fareast-language: FR;\">Aussi appel\u00e9 panneau de remplissage, ce dispositif est largement utilis\u00e9 dans les centres de donn\u00e9es et locaux techniques afin d\u2019am\u00e9liorer l\u2019efficacit\u00e9 \u00e9nerg\u00e9tique et de r\u00e9duire les co\u00fbts li\u00e9s au refroidissement.<\/span><\/p>\n<p>&nbsp;<\/p>","protected":false},"featured_media":5157,"comment_status":"open","ping_status":"closed","template":"","meta":{"om_disable_all_campaigns":false,"_monsterinsights_skip_tracking":false,"_monsterinsights_sitenote_active":false,"_monsterinsights_sitenote_note":"","_monsterinsights_sitenote_category":0},"product_cat":[216],"product_tag":[],"class_list":{"0":"post-250","1":"product","2":"type-product","3":"status-publish","4":"has-post-thumbnail","6":"product_cat-cable-management","8":"first","9":"instock","10":"shipping-taxable","11":"product-type-simple","12":"add-to-wishlist-after_add_to_cart"},"aioseo_notices":[],"_links":{"self":[{"href":"https:\/\/spider-lan.com\/en\/wp-json\/wp\/v2\/product\/250","targetHints":{"allow":["GET"]}}],"collection":[{"href":"https:\/\/spider-lan.com\/en\/wp-json\/wp\/v2\/product"}],"about":[{"href":"https:\/\/spider-lan.com\/en\/wp-json\/wp\/v2\/types\/product"}],"replies":[{"embeddable":true,"href":"https:\/\/spider-lan.com\/en\/wp-json\/wp\/v2\/comments?post=250"}],"wp:featuredmedia":[{"embeddable":true,"href":"https:\/\/spider-lan.com\/en\/wp-json\/wp\/v2\/media\/5157"}],"wp:attachment":[{"href":"https:\/\/spider-lan.com\/en\/wp-json\/wp\/v2\/media?parent=250"}],"wp:term":[{"taxonomy":"product_cat","embeddable":true,"href":"https:\/\/spider-lan.com\/en\/wp-json\/wp\/v2\/product_cat?post=250"},{"taxonomy":"product_tag","embeddable":true,"href":"https:\/\/spider-lan.com\/en\/wp-json\/wp\/v2\/product_tag?post=250"}],"curies":[{"name":"wp","href":"https:\/\/api.w.org\/{rel}","templated":true}]}}