{"id":254,"date":"2025-09-03T14:56:33","date_gmt":"2025-09-03T12:56:33","guid":{"rendered":"http:\/\/spider-lan.com\/?post_type=product&#038;p=254"},"modified":"2026-01-19T09:43:55","modified_gmt":"2026-01-19T08:43:55","slug":"guide-cordons-noir-metallique-1u-24-emplacements","status":"publish","type":"product","link":"https:\/\/spider-lan.com\/en\/product\/guide-cordons-noir-metallique-1u-24-emplacements\/","title":{"rendered":"Guide-cordons noir m\u00e9tallique 1U \u2013 24 emplacements"},"content":{"rendered":"<p class=\"MsoNormal\" style=\"text-align: justify; line-height: 150%;\"><strong><span style=\"font-size: 14.0pt; line-height: 150%; font-family: 'Aptos',sans-serif; color: #004e9a;\">Caract\u00e9ristiques principales<\/span><\/strong><\/p>\n<p class=\"MsoNormal\" style=\"text-align: justify; line-height: 150%;\"><strong><span style=\"font-size: 12.0pt; line-height: 150%; font-family: 'Aptos',sans-serif;\">1. G\u00e9n\u00e9ralit\u00e9s<\/span><\/strong><\/p>\n<ul style=\"margin-top: 0cm;\" type=\"disc\">\n<li class=\"MsoNormal\" style=\"text-align: justify; line-height: 150%; mso-list: l2 level1 lfo1; tab-stops: list 36.0pt;\"><span style=\"font-size: 12.0pt; line-height: 150%; font-family: 'Aptos',sans-serif;\">Type : Gestionnaire de c\u00e2bles horizontal<\/span><\/li>\n<li class=\"MsoNormal\" style=\"text-align: justify; line-height: 150%; mso-list: l2 level1 lfo1; tab-stops: list 36.0pt;\"><span style=\"font-size: 12.0pt; line-height: 150%; font-family: 'Aptos',sans-serif;\">Hauteur : 1U<\/span><\/li>\n<li class=\"MsoNormal\" style=\"text-align: justify; line-height: 150%; mso-list: l2 level1 lfo1; tab-stops: list 36.0pt;\"><span style=\"font-size: 12.0pt; line-height: 150%; font-family: 'Aptos',sans-serif;\">Nombre d\u2019emplacements : 24 slots<\/span><\/li>\n<li class=\"MsoNormal\" style=\"text-align: justify; line-height: 150%; mso-list: l2 level1 lfo1; tab-stops: list 36.0pt;\"><span style=\"font-size: 12.0pt; line-height: 150%; font-family: 'Aptos',sans-serif;\">Montage : Rack standard 19 pouces<\/span><\/li>\n<li class=\"MsoNormal\" style=\"text-align: justify; line-height: 150%; mso-list: l2 level1 lfo1; tab-stops: list 36.0pt;\"><span style=\"font-size: 12.0pt; line-height: 150%; font-family: 'Aptos',sans-serif;\">Application : Centres de donn\u00e9es, salles serveurs, locaux techniques, installations r\u00e9seau<\/span><\/li>\n<\/ul>\n<p class=\"MsoNormal\" style=\"text-align: justify; line-height: 150%;\"><strong><span style=\"font-size: 12.0pt; line-height: 150%; font-family: 'Aptos',sans-serif;\">2. Gestion des c\u00e2bles<\/span><\/strong><\/p>\n<ul style=\"margin-top: 0cm;\" type=\"disc\">\n<li class=\"MsoNormal\" style=\"text-align: justify; line-height: 150%; mso-list: l1 level1 lfo2; tab-stops: list 36.0pt;\"><span style=\"font-size: 12.0pt; line-height: 150%; font-family: 'Aptos',sans-serif;\">Organisation horizontale pour un c\u00e2blage propre et structur\u00e9<\/span><\/li>\n<li class=\"MsoNormal\" style=\"text-align: justify; line-height: 150%; mso-list: l1 level1 lfo2; tab-stops: list 36.0pt;\"><span style=\"font-size: 12.0pt; line-height: 150%; font-family: 'Aptos',sans-serif;\">Acc\u00e8s facile aux c\u00e2bles pour les op\u00e9rations d\u2019ajout, de modification ou de maintenance<\/span><\/li>\n<li class=\"MsoNormal\" style=\"text-align: justify; line-height: 150%; mso-list: l1 level1 lfo2; tab-stops: list 36.0pt;\"><span style=\"font-size: 12.0pt; line-height: 150%; font-family: 'Aptos',sans-serif;\">Am\u00e9liore la lisibilit\u00e9 et l\u2019identification des fonctions de chaque c\u00e2ble<\/span><\/li>\n<\/ul>\n<p class=\"MsoNormal\" style=\"text-align: justify; line-height: 150%;\"><strong><span style=\"font-size: 12.0pt; line-height: 150%; font-family: 'Aptos',sans-serif;\">3. Mat\u00e9riaux et structure<\/span><\/strong><\/p>\n<ul style=\"margin-top: 0cm;\" type=\"disc\">\n<li class=\"MsoNormal\" style=\"text-align: justify; line-height: 150%; mso-list: l0 level1 lfo3; tab-stops: list 36.0pt;\"><span style=\"font-size: 12.0pt; line-height: 150%; font-family: 'Aptos',sans-serif;\">Mat\u00e9riau : Acier SPCC lamin\u00e9 \u00e0 froid<\/span><\/li>\n<li class=\"MsoNormal\" style=\"text-align: justify; line-height: 150%; mso-list: l0 level1 lfo3; tab-stops: list 36.0pt;\"><span style=\"font-size: 12.0pt; line-height: 150%; font-family: 'Aptos',sans-serif;\">\u00c9paisseur : 1,2 mm<\/span><\/li>\n<li class=\"MsoNormal\" style=\"text-align: justify; line-height: 150%; mso-list: l0 level1 lfo3; tab-stops: list 36.0pt;\"><span style=\"font-size: 12.0pt; line-height: 150%; font-family: 'Aptos',sans-serif;\">Structure m\u00e9tallique robuste assurant stabilit\u00e9 et durabilit\u00e9<\/span><\/li>\n<\/ul>","protected":false},"excerpt":{"rendered":"<p class=\"MsoNormal\" style=\"text-align: justify; line-height: 150%;\"><span style=\"font-size: 12.0pt; line-height: 150%; font-family: 'Aptos',sans-serif;\">L\u2019<strong>organisateur de c\u00e2bles horizontal 1U \u00e0 24 slots<\/strong> est con\u00e7u pour assurer une gestion efficace et ordonn\u00e9e des c\u00e2bles dans les baies r\u00e9seau, salles serveurs et environnements IT. Il permet de structurer clairement les faisceaux de c\u00e2bles, facilitant ainsi l\u2019identification des diff\u00e9rentes connexions et am\u00e9liorant la maintenance du r\u00e9seau.<\/span><\/p>\n<p class=\"MsoNormal\" style=\"text-align: justify; line-height: 150%;\"><span style=\"font-size: 12.0pt; line-height: 150%; font-family: 'Aptos',sans-serif;\">Fabriqu\u00e9 en acier lamin\u00e9 \u00e0 froid SPCC de haute qualit\u00e9, cet accessoire garantit une excellente robustesse et une longue dur\u00e9e de vie, m\u00eame dans les installations professionnelles \u00e0 forte densit\u00e9.<\/span><\/p>","protected":false},"featured_media":5153,"comment_status":"open","ping_status":"closed","template":"","meta":{"om_disable_all_campaigns":false,"_monsterinsights_skip_tracking":false,"_monsterinsights_sitenote_active":false,"_monsterinsights_sitenote_note":"","_monsterinsights_sitenote_category":0},"product_cat":[216],"product_tag":[],"class_list":{"0":"post-254","1":"product","2":"type-product","3":"status-publish","4":"has-post-thumbnail","6":"product_cat-cable-management","8":"first","9":"instock","10":"shipping-taxable","11":"product-type-simple","12":"add-to-wishlist-after_add_to_cart"},"aioseo_notices":[],"_links":{"self":[{"href":"https:\/\/spider-lan.com\/en\/wp-json\/wp\/v2\/product\/254","targetHints":{"allow":["GET"]}}],"collection":[{"href":"https:\/\/spider-lan.com\/en\/wp-json\/wp\/v2\/product"}],"about":[{"href":"https:\/\/spider-lan.com\/en\/wp-json\/wp\/v2\/types\/product"}],"replies":[{"embeddable":true,"href":"https:\/\/spider-lan.com\/en\/wp-json\/wp\/v2\/comments?post=254"}],"wp:featuredmedia":[{"embeddable":true,"href":"https:\/\/spider-lan.com\/en\/wp-json\/wp\/v2\/media\/5153"}],"wp:attachment":[{"href":"https:\/\/spider-lan.com\/en\/wp-json\/wp\/v2\/media?parent=254"}],"wp:term":[{"taxonomy":"product_cat","embeddable":true,"href":"https:\/\/spider-lan.com\/en\/wp-json\/wp\/v2\/product_cat?post=254"},{"taxonomy":"product_tag","embeddable":true,"href":"https:\/\/spider-lan.com\/en\/wp-json\/wp\/v2\/product_tag?post=254"}],"curies":[{"name":"wp","href":"https:\/\/api.w.org\/{rel}","templated":true}]}}