{"id":260,"date":"2025-11-13T15:05:45","date_gmt":"2025-11-13T14:05:45","guid":{"rendered":"http:\/\/spider-lan.com\/?post_type=product&#038;p=260"},"modified":"2026-01-16T17:14:13","modified_gmt":"2026-01-16T16:14:13","slug":"panneau-de-brassage-rj45-cat6-utp-48-ports-modulaire-2u-19-pouces","status":"publish","type":"product","link":"https:\/\/spider-lan.com\/en\/product\/panneau-de-brassage-rj45-cat6-utp-48-ports-modulaire-2u-19-pouces\/","title":{"rendered":"RJ45 Cat6 UTP Patch Panel \u2013 48 Ports | Modular | 2U \u2013 19 Inch"},"content":{"rendered":"<p class=\"MsoNormal\" style=\"line-height: 150%;\"><strong><span style=\"font-size: 16.0pt; line-height: 150%; font-family: 'Aptos',sans-serif; color: #004f88;\">Caract\u00e9ristiques principales<\/span><\/strong><\/p>\n<p class=\"MsoNormal\" style=\"line-height: 150%;\"><strong><span style=\"font-size: 12.0pt; line-height: 150%; font-family: 'Aptos',sans-serif;\">1. Conception et structure<\/span><\/strong><\/p>\n<ul style=\"margin-top: 0cm;\" type=\"disc\">\n<li class=\"MsoNormal\" style=\"line-height: 150%; mso-list: l1 level1 lfo1; tab-stops: list 36.0pt;\"><span style=\"font-size: 12.0pt; line-height: 150%; font-family: 'Aptos',sans-serif;\">Type : Panneau de brassage RJ45 UTP non blind\u00e9<\/span><\/li>\n<li class=\"MsoNormal\" style=\"line-height: 150%;\"><span style=\"font-size: 12.0pt; line-height: 150%; font-family: 'Aptos',sans-serif;\">Cat\u00e9gorie : Cat6<\/span><\/li>\n<li class=\"MsoNormal\" style=\"line-height: 150%;\"><span style=\"font-size: 12.0pt; line-height: 150%; font-family: 'Aptos',sans-serif;\">Nombre de ports : 48 ports RJ45<\/span><\/li>\n<li class=\"MsoNormal\" style=\"line-height: 150%;\"><span style=\"font-size: 12.0pt; line-height: 150%; font-family: 'Aptos',sans-serif;\">Format : 2U \u2013 montage rack 19 pouces<\/span><\/li>\n<li class=\"MsoNormal\" style=\"line-height: 150%;\"><span style=\"font-size: 12.0pt; line-height: 150%; font-family: 'Aptos',sans-serif;\">Acc\u00e8s frontal : facilite l\u2019intervention sur les c\u00e2bles et les terminaisons<\/span><\/li>\n<\/ul>\n<p class=\"MsoNormal\" style=\"line-height: 150%;\"><strong><span style=\"font-size: 12.0pt; line-height: 150%; font-family: 'Aptos',sans-serif;\">2. Gestion des c\u00e2bles<\/span><\/strong><\/p>\n<ul style=\"margin-top: 0cm;\" type=\"disc\">\n<li class=\"MsoNormal\" style=\"line-height: 150%; mso-list: l0 level1 lfo2; tab-stops: list 36.0pt;\"><span style=\"font-size: 12.0pt; line-height: 150%; font-family: 'Aptos',sans-serif;\">Barre arri\u00e8re int\u00e9gr\u00e9e avec 24 anneaux ind\u00e9pendants<\/span><\/li>\n<li class=\"MsoNormal\" style=\"line-height: 150%; mso-list: l0 level1 lfo2; tab-stops: list 36.0pt;\"><span style=\"font-size: 12.0pt; line-height: 150%; font-family: 'Aptos',sans-serif;\">Organisation claire et efficace des c\u00e2bles<\/span><\/li>\n<li class=\"MsoNormal\" style=\"line-height: 150%; mso-list: l0 level1 lfo2; tab-stops: list 36.0pt;\"><span style=\"font-size: 12.0pt; line-height: 150%; font-family: 'Aptos',sans-serif;\">Anneaux d\u00e9montables selon les besoins sp\u00e9cifiques de l\u2019installation<\/span><\/li>\n<li class=\"MsoNormal\" style=\"line-height: 150%; mso-list: l0 level1 lfo2; tab-stops: list 36.0pt;\"><span style=\"font-size: 12.0pt; line-height: 150%; font-family: 'Aptos',sans-serif;\">R\u00e9duction de la tension sur les c\u00e2bles pour une meilleure durabilit\u00e9<\/span><\/li>\n<\/ul>\n<p class=\"MsoNormal\" style=\"line-height: 150%;\"><strong><span style=\"font-size: 12.0pt; line-height: 150%; font-family: 'Aptos',sans-serif;\">3. Installation et connectique<\/span><\/strong><\/p>\n<ul style=\"margin-top: 0cm;\" type=\"disc\">\n<li class=\"MsoNormal\" style=\"line-height: 150%; mso-list: l2 level1 lfo3; tab-stops: list 36.0pt;\"><span style=\"font-size: 12.0pt; line-height: 150%; font-family: 'Aptos',sans-serif;\">Jacks RJ45 Cat6 pr\u00e9charg\u00e9s<\/span><\/li>\n<li class=\"MsoNormal\" style=\"line-height: 150%;\"><span style=\"font-size: 12.0pt; line-height: 150%; font-family: 'Aptos',sans-serif;\">Terminaison IDC : Double compatibilit\u00e9 110 \/ Krone<\/span><\/li>\n<li class=\"MsoNormal\" style=\"line-height: 150%;\"><span style=\"font-size: 12.0pt; line-height: 150%; font-family: 'Aptos',sans-serif;\">Sch\u00e9mas de c\u00e2blage : T568A \/ T568B<\/span><\/li>\n<li class=\"MsoNormal\" style=\"line-height: 150%;\"><span style=\"font-size: 12.0pt; line-height: 150%; font-family: 'Aptos',sans-serif;\">Conforme aux exigences FCC Part 68<\/span><\/li>\n<li class=\"MsoNormal\" style=\"line-height: 150%;\"><span style=\"font-size: 12.0pt; line-height: 150%; font-family: 'Aptos',sans-serif;\">Porte-\u00e9tiquette transparent amovible pour une identification facile et rempla\u00e7able<\/span><\/li>\n<\/ul>","protected":false},"excerpt":{"rendered":"<p class=\"MsoNormal\" style=\"text-align: justify; line-height: 150%;\"><span style=\"font-size: 12.0pt; line-height: 150%; font-family: 'Aptos',sans-serif;\">Le <strong>panneau de brassage RJ45 Cat6 UTP 48 ports modulaire<\/strong> est une solution haut de gamme destin\u00e9e aux infrastructures de c\u00e2blage structur\u00e9 n\u00e9cessitant flexibilit\u00e9, performance et facilit\u00e9 de maintenance. Sa conception modulaire avec blocs amovibles permet une installation rapide ainsi qu\u2019un remplacement simple des ports, sans d\u00e9montage complet du panneau.<\/span><\/p>\n<p class=\"MsoNormal\" style=\"text-align: justify; line-height: 150%;\"><span style=\"font-size: 12.0pt; line-height: 150%; font-family: 'Aptos',sans-serif;\">Con\u00e7u pour un montage en baie 19 pouces (2U), ce patch panel est parfaitement adapt\u00e9 aux applications r\u00e9seau voix et donn\u00e9es dans les environnements professionnels tels que bureaux, data centers et locaux techniques.<\/span><\/p>","protected":false},"featured_media":5146,"comment_status":"open","ping_status":"closed","template":"","meta":{"om_disable_all_campaigns":false,"_monsterinsights_skip_tracking":false,"_monsterinsights_sitenote_active":false,"_monsterinsights_sitenote_note":"","_monsterinsights_sitenote_category":0},"product_cat":[212],"product_tag":[],"class_list":{"0":"post-260","1":"product","2":"type-product","3":"status-publish","4":"has-post-thumbnail","6":"product_cat-panneaux-de-brassage","8":"first","9":"instock","10":"shipping-taxable","11":"product-type-simple","12":"add-to-wishlist-after_add_to_cart"},"aioseo_notices":[],"_links":{"self":[{"href":"https:\/\/spider-lan.com\/en\/wp-json\/wp\/v2\/product\/260","targetHints":{"allow":["GET"]}}],"collection":[{"href":"https:\/\/spider-lan.com\/en\/wp-json\/wp\/v2\/product"}],"about":[{"href":"https:\/\/spider-lan.com\/en\/wp-json\/wp\/v2\/types\/product"}],"replies":[{"embeddable":true,"href":"https:\/\/spider-lan.com\/en\/wp-json\/wp\/v2\/comments?post=260"}],"wp:featuredmedia":[{"embeddable":true,"href":"https:\/\/spider-lan.com\/en\/wp-json\/wp\/v2\/media\/5146"}],"wp:attachment":[{"href":"https:\/\/spider-lan.com\/en\/wp-json\/wp\/v2\/media?parent=260"}],"wp:term":[{"taxonomy":"product_cat","embeddable":true,"href":"https:\/\/spider-lan.com\/en\/wp-json\/wp\/v2\/product_cat?post=260"},{"taxonomy":"product_tag","embeddable":true,"href":"https:\/\/spider-lan.com\/en\/wp-json\/wp\/v2\/product_tag?post=260"}],"curies":[{"name":"wp","href":"https:\/\/api.w.org\/{rel}","templated":true}]}}