{"id":261,"date":"2025-11-03T15:09:13","date_gmt":"2025-11-03T14:09:13","guid":{"rendered":"http:\/\/spider-lan.com\/?post_type=product&#038;p=261"},"modified":"2026-01-16T16:31:45","modified_gmt":"2026-01-16T15:31:45","slug":"panneau-de-brassage-rj45-ftp-cat6a-24-ports-1u","status":"publish","type":"product","link":"https:\/\/spider-lan.com\/en\/product\/panneau-de-brassage-rj45-ftp-cat6a-24-ports-1u\/","title":{"rendered":"RJ45 FTP Cat6A Patch Panel \u2013 24 Ports | 1U"},"content":{"rendered":"<p class=\"MsoNormal\" style=\"line-height: 150%;\"><strong><span style=\"font-size: 14.0pt; line-height: 150%; font-family: 'Aptos',sans-serif; color: #004f88;\">Caract\u00e9ristiques techniques<\/span><\/strong><\/p>\n<p class=\"MsoNormal\" style=\"line-height: 150%;\"><strong><span style=\"font-size: 12.0pt; line-height: 150%; font-family: 'Aptos',sans-serif;\">1. Caract\u00e9ristiques g\u00e9n\u00e9rales<\/span><\/strong><\/p>\n<ul style=\"margin-top: 0cm;\" type=\"disc\">\n<li class=\"MsoNormal\" style=\"line-height: 150%; mso-list: l2 level1 lfo1; tab-stops: list 36.0pt;\"><span style=\"font-size: 12.0pt; line-height: 150%; font-family: 'Aptos',sans-serif;\">Type : Panneau de brassage RJ45 FTP blind\u00e9<\/span><\/li>\n<li class=\"MsoNormal\" style=\"line-height: 150%; mso-list: l2 level1 lfo1; tab-stops: list 36.0pt;\"><span style=\"font-size: 12.0pt; line-height: 150%; font-family: 'Aptos',sans-serif;\">Cat\u00e9gorie : Cat6A \u2013 10G Ethernet<\/span><\/li>\n<li class=\"MsoNormal\" style=\"line-height: 150%; mso-list: l2 level1 lfo1; tab-stops: list 36.0pt;\"><span style=\"font-size: 12.0pt; line-height: 150%; font-family: 'Aptos',sans-serif;\">Nombre de ports : 24 ports RJ45<\/span><\/li>\n<li class=\"MsoNormal\" style=\"line-height: 150%; mso-list: l2 level1 lfo1; tab-stops: list 36.0pt;\"><span style=\"font-size: 12.0pt; line-height: 150%; font-family: 'Aptos',sans-serif;\">Format : 1U \u2013 Haute densit\u00e9<\/span><\/li>\n<li class=\"MsoNormal\" style=\"line-height: 150%; mso-list: l2 level1 lfo1; tab-stops: list 36.0pt;\"><span style=\"font-size: 12.0pt; line-height: 150%; font-family: 'Aptos',sans-serif;\">Largeur standard : 19 pouces<\/span><\/li>\n<li class=\"MsoNormal\" style=\"line-height: 150%; mso-list: l2 level1 lfo1; tab-stops: list 36.0pt;\"><span style=\"font-size: 12.0pt; line-height: 150%; font-family: 'Aptos',sans-serif;\">Structure int\u00e9gr\u00e9e avec barre arri\u00e8re de gestion des c\u00e2bles<\/span><\/li>\n<\/ul>\n<p class=\"MsoNormal\" style=\"line-height: 150%;\"><strong><span style=\"font-size: 12.0pt; line-height: 150%; font-family: 'Aptos',sans-serif;\">2. Conception et installation<\/span><\/strong><\/p>\n<ul style=\"margin-top: 0cm;\" type=\"disc\">\n<li class=\"MsoNormal\" style=\"line-height: 150%; mso-list: l1 level1 lfo2; tab-stops: list 36.0pt;\"><span style=\"font-size: 12.0pt; line-height: 150%; font-family: 'Aptos',sans-serif;\">Ch\u00e2ssis : Acier SPCC lamin\u00e9 \u00e0 froid, haute r\u00e9sistance<\/span><\/li>\n<li class=\"MsoNormal\" style=\"line-height: 150%; mso-list: l1 level1 lfo2; tab-stops: list 36.0pt;\"><span style=\"font-size: 12.0pt; line-height: 150%; font-family: 'Aptos',sans-serif;\">Finition : Rev\u00eatement peinture poudre (face avant et capot)<\/span><\/li>\n<li class=\"MsoNormal\" style=\"line-height: 150%; mso-list: l1 level1 lfo2; tab-stops: list 36.0pt;\"><span style=\"font-size: 12.0pt; line-height: 150%; font-family: 'Aptos',sans-serif;\">Face avant : Num\u00e9rotation des ports et indication de cat\u00e9gorie<\/span><\/li>\n<li class=\"MsoNormal\" style=\"line-height: 150%; mso-list: l1 level1 lfo2; tab-stops: list 36.0pt;\"><span style=\"font-size: 12.0pt; line-height: 150%; font-family: 'Aptos',sans-serif;\">PCB avec terminaison c\u00e2bles int\u00e9gr\u00e9e<\/span><\/li>\n<li class=\"MsoNormal\" style=\"line-height: 150%; mso-list: l1 level1 lfo2; tab-stops: list 36.0pt;\"><span style=\"font-size: 12.0pt; line-height: 150%; font-family: 'Aptos',sans-serif;\">Compatibilit\u00e9 c\u00e2blage : T568A \/ T568B<\/span><\/li>\n<li class=\"MsoNormal\" style=\"line-height: 150%; mso-list: l1 level1 lfo2; tab-stops: list 36.0pt;\"><span style=\"font-size: 12.0pt; line-height: 150%; font-family: 'Aptos',sans-serif;\">Type de terminaison : IDC 110 ou LSA pour une connexion fiable<\/span><\/li>\n<li class=\"MsoNormal\" style=\"line-height: 150%; mso-list: l1 level1 lfo2; tab-stops: list 36.0pt;\"><span style=\"font-size: 12.0pt; line-height: 150%; font-family: 'Aptos',sans-serif;\">Barre arri\u00e8re int\u00e9gr\u00e9e : r\u00e9duction de la tension sur les c\u00e2bles et organisation claire du c\u00e2blage<\/span><\/li>\n<\/ul>\n<p class=\"MsoNormal\" style=\"line-height: 150%;\"><strong><span style=\"font-size: 12.0pt; line-height: 150%; font-family: 'Aptos',sans-serif;\">3. Caract\u00e9ristiques environnementales<\/span><\/strong><\/p>\n<ul style=\"margin-top: 0cm;\" type=\"disc\">\n<li class=\"MsoNormal\" style=\"line-height: 150%; mso-list: l0 level1 lfo3; tab-stops: list 36.0pt;\"><span style=\"font-size: 12.0pt; line-height: 150%; font-family: 'Aptos',sans-serif;\">Temp\u00e9rature de fonctionnement : -20 \u00b0C \u00e0 +65 \u00b0C<\/span><\/li>\n<\/ul>\n<p class=\"MsoNormal\" style=\"line-height: 150%;\"><strong><span style=\"font-size: 14.0pt; line-height: 150%; font-family: 'Aptos',sans-serif; color: #004f88;\">Conformit\u00e9 aux normes<\/span><\/strong><\/p>\n<ul style=\"margin-top: 0cm;\" type=\"disc\">\n<li class=\"MsoNormal\" style=\"line-height: 150%; mso-list: l3 level1 lfo4; tab-stops: list 36.0pt;\"><span style=\"font-size: 12.0pt; line-height: 150%; font-family: 'Aptos',sans-serif;\">ISO\/IEC 11801<\/span><\/li>\n<li class=\"MsoNormal\" style=\"line-height: 150%; mso-list: l3 level1 lfo4; tab-stops: list 36.0pt;\"><span style=\"font-size: 12.0pt; line-height: 150%; font-family: 'Aptos',sans-serif;\">TIA\/EIA-568-B.2-1<\/span><\/li>\n<li class=\"MsoNormal\" style=\"line-height: 150%; mso-list: l3 level1 lfo4; tab-stops: list 36.0pt;\"><span style=\"font-size: 12.0pt; line-height: 150%; font-family: 'Aptos',sans-serif;\">EN 50173<\/span><\/li>\n<li class=\"MsoNormal\" style=\"line-height: 150%; mso-list: l3 level1 lfo4; tab-stops: list 36.0pt;\"><span style=\"font-size: 12.0pt; line-height: 150%; font-family: 'Aptos',sans-serif;\">UL 94V-0<\/span><\/li>\n<\/ul>","protected":false},"excerpt":{"rendered":"<p class=\"MsoNormal\" style=\"text-align: justify; line-height: 150%;\"><span style=\"font-size: 12.0pt; line-height: 150%; font-family: 'Aptos',sans-serif;\">Le <strong>panneau de brassage RJ45 FTP Cat6A blind\u00e9<\/strong> est con\u00e7u pour les infrastructures de c\u00e2blage structur\u00e9 haut d\u00e9bit n\u00e9cessitant des performances \u00e9lev\u00e9es, une excellente gestion des c\u00e2bles et une protection efficace contre les interf\u00e9rences \u00e9lectromagn\u00e9tiques. Compatible avec les r\u00e9seaux <strong>10 Gigabit Ethernet<\/strong>, il est id\u00e9al pour les environnements professionnels, data centers et installations r\u00e9seau exigeantes.<\/span><\/p>\n<p class=\"MsoNormal\" style=\"text-align: justify; line-height: 150%;\"><span style=\"font-size: 12.0pt; line-height: 150%; font-family: 'Aptos',sans-serif;\">Son format <strong>1U haute densit\u00e9<\/strong>, int\u00e9grant <strong>24 ports RJ45<\/strong>, permet une installation optimis\u00e9e dans les baies et armoires <strong>19 pouces<\/strong>. La structure robuste en <strong>acier SPCC lamin\u00e9 \u00e0 froid<\/strong>, associ\u00e9e \u00e0 un rev\u00eatement en peinture poudre, garantit solidit\u00e9, durabilit\u00e9 et r\u00e9sistance \u00e0 la corrosion.<\/span><\/p>","protected":false},"featured_media":5142,"comment_status":"open","ping_status":"closed","template":"","meta":{"om_disable_all_campaigns":false,"_monsterinsights_skip_tracking":false,"_monsterinsights_sitenote_active":false,"_monsterinsights_sitenote_note":"","_monsterinsights_sitenote_category":0},"product_cat":[212],"product_tag":[],"class_list":{"0":"post-261","1":"product","2":"type-product","3":"status-publish","4":"has-post-thumbnail","6":"product_cat-panneaux-de-brassage","8":"first","9":"instock","10":"shipping-taxable","11":"product-type-simple","12":"add-to-wishlist-after_add_to_cart"},"aioseo_notices":[],"_links":{"self":[{"href":"https:\/\/spider-lan.com\/en\/wp-json\/wp\/v2\/product\/261","targetHints":{"allow":["GET"]}}],"collection":[{"href":"https:\/\/spider-lan.com\/en\/wp-json\/wp\/v2\/product"}],"about":[{"href":"https:\/\/spider-lan.com\/en\/wp-json\/wp\/v2\/types\/product"}],"replies":[{"embeddable":true,"href":"https:\/\/spider-lan.com\/en\/wp-json\/wp\/v2\/comments?post=261"}],"wp:featuredmedia":[{"embeddable":true,"href":"https:\/\/spider-lan.com\/en\/wp-json\/wp\/v2\/media\/5142"}],"wp:attachment":[{"href":"https:\/\/spider-lan.com\/en\/wp-json\/wp\/v2\/media?parent=261"}],"wp:term":[{"taxonomy":"product_cat","embeddable":true,"href":"https:\/\/spider-lan.com\/en\/wp-json\/wp\/v2\/product_cat?post=261"},{"taxonomy":"product_tag","embeddable":true,"href":"https:\/\/spider-lan.com\/en\/wp-json\/wp\/v2\/product_tag?post=261"}],"curies":[{"name":"wp","href":"https:\/\/api.w.org\/{rel}","templated":true}]}}