{"id":272,"date":"2025-09-12T15:18:10","date_gmt":"2025-09-12T13:18:10","guid":{"rendered":"http:\/\/spider-lan.com\/?post_type=product&#038;p=272"},"modified":"2026-01-16T15:29:20","modified_gmt":"2026-01-16T14:29:20","slug":"capuchon-pour-plug-rj45-cat6a","status":"publish","type":"product","link":"https:\/\/spider-lan.com\/en\/product\/capuchon-pour-plug-rj45-cat6a\/","title":{"rendered":"Capuchon pour plug RJ45 CAT6A"},"content":{"rendered":"<p class=\"MsoNormal\" style=\"text-align: justify; line-height: 150%;\"><strong><span style=\"font-size: 14.0pt; line-height: 150%; font-family: 'Aptos',sans-serif; color: #004f88;\">Caract\u00e9ristiques principales<\/span><\/strong><\/p>\n<ul style=\"margin-top: 0cm;\" type=\"disc\">\n<li class=\"MsoNormal\" style=\"text-align: justify; line-height: 150%; mso-list: l0 level1 lfo1; tab-stops: list 36.0pt;\"><strong><span style=\"font-size: 12.0pt; line-height: 150%; font-family: 'Aptos',sans-serif;\">Compatibilit\u00e9 :<\/span><\/strong><span style=\"font-size: 12.0pt; line-height: 150%; font-family: 'Aptos',sans-serif;\"> Connecteurs RJ45 Cat6A et Cat7<\/span><\/li>\n<li class=\"MsoNormal\" style=\"text-align: justify; line-height: 150%; mso-list: l0 level1 lfo1; tab-stops: list 36.0pt;\"><strong><span style=\"font-size: 12.0pt; line-height: 150%; font-family: 'Aptos',sans-serif;\">Diam\u00e8tre :<\/span><\/strong><span style=\"font-size: 12.0pt; line-height: 150%; font-family: 'Aptos',sans-serif;\"> 8.0 mm<\/span><\/li>\n<li class=\"MsoNormal\" style=\"text-align: justify; line-height: 150%; mso-list: l0 level1 lfo1; tab-stops: list 36.0pt;\"><strong><span style=\"font-size: 12.0pt; line-height: 150%; font-family: 'Aptos',sans-serif;\">Mat\u00e9riau :<\/span><\/strong><span style=\"font-size: 12.0pt; line-height: 150%; font-family: 'Aptos',sans-serif;\"> Plastique r\u00e9sistant et flexible<\/span><\/li>\n<li class=\"MsoNormal\" style=\"text-align: justify; line-height: 150%; mso-list: l0 level1 lfo1; tab-stops: list 36.0pt;\"><strong><span style=\"font-size: 12.0pt; line-height: 150%; font-family: 'Aptos',sans-serif;\">Protection :<\/span><\/strong><span style=\"font-size: 12.0pt; line-height: 150%; font-family: 'Aptos',sans-serif;\"> Contre la poussi\u00e8re, l\u2019humidit\u00e9 et les chocs m\u00e9caniques<\/span><\/li>\n<li class=\"MsoNormal\" style=\"text-align: justify; line-height: 150%; mso-list: l0 level1 lfo1; tab-stops: list 36.0pt;\"><strong><span style=\"font-size: 12.0pt; line-height: 150%; font-family: 'Aptos',sans-serif;\">Installation :<\/span><\/strong><span style=\"font-size: 12.0pt; line-height: 150%; font-family: 'Aptos',sans-serif;\"> Facile \u00e0 enfiler sur le connecteur RJ45<\/span><\/li>\n<li class=\"MsoNormal\" style=\"text-align: justify; line-height: 150%; mso-list: l0 level1 lfo1; tab-stops: list 36.0pt;\"><strong><span style=\"font-size: 12.0pt; line-height: 150%; font-family: 'Aptos',sans-serif;\">Couleur :<\/span><\/strong><span style=\"font-size: 12.0pt; line-height: 150%; font-family: 'Aptos',sans-serif;\"> Disponible en plusieurs couleurs <\/span><\/li>\n<\/ul>","protected":false},"excerpt":{"rendered":"<p class=\"MsoNormal\" style=\"text-align: justify; line-height: 150%;\"><span style=\"font-size: 12.0pt; line-height: 150%; font-family: 'Aptos',sans-serif;\">Le <strong>capuchon pour connecteur RJ45 8.0 mm<\/strong> est con\u00e7u pour prot\u00e9ger efficacement les connecteurs RJ45 <strong>Cat6A et Cat7<\/strong> contre la poussi\u00e8re, l\u2019humidit\u00e9 et les d\u00e9bris tout en maintenant l\u2019int\u00e9grit\u00e9 m\u00e9canique et \u00e9lectrique de la connexion. Il permet \u00e9galement de r\u00e9duire les risques de d\u00e9connexion accidentelle et d\u2019usure pr\u00e9matur\u00e9e du c\u00e2ble.<\/span><\/p>","protected":false},"featured_media":5125,"comment_status":"open","ping_status":"closed","template":"","meta":{"om_disable_all_campaigns":false,"_monsterinsights_skip_tracking":false,"_monsterinsights_sitenote_active":false,"_monsterinsights_sitenote_note":"","_monsterinsights_sitenote_category":0},"product_cat":[218],"product_tag":[],"class_list":{"0":"post-272","1":"product","2":"type-product","3":"status-publish","4":"has-post-thumbnail","6":"product_cat-plugs-rj45","7":"ts_product_brand-japan-autopart","9":"first","10":"instock","11":"shipping-taxable","12":"product-type-simple","13":"add-to-wishlist-after_add_to_cart"},"aioseo_notices":[],"_links":{"self":[{"href":"https:\/\/spider-lan.com\/en\/wp-json\/wp\/v2\/product\/272","targetHints":{"allow":["GET"]}}],"collection":[{"href":"https:\/\/spider-lan.com\/en\/wp-json\/wp\/v2\/product"}],"about":[{"href":"https:\/\/spider-lan.com\/en\/wp-json\/wp\/v2\/types\/product"}],"replies":[{"embeddable":true,"href":"https:\/\/spider-lan.com\/en\/wp-json\/wp\/v2\/comments?post=272"}],"wp:featuredmedia":[{"embeddable":true,"href":"https:\/\/spider-lan.com\/en\/wp-json\/wp\/v2\/media\/5125"}],"wp:attachment":[{"href":"https:\/\/spider-lan.com\/en\/wp-json\/wp\/v2\/media?parent=272"}],"wp:term":[{"taxonomy":"product_cat","embeddable":true,"href":"https:\/\/spider-lan.com\/en\/wp-json\/wp\/v2\/product_cat?post=272"},{"taxonomy":"product_tag","embeddable":true,"href":"https:\/\/spider-lan.com\/en\/wp-json\/wp\/v2\/product_tag?post=272"}],"curies":[{"name":"wp","href":"https:\/\/api.w.org\/{rel}","templated":true}]}}