{"id":277,"date":"2025-09-07T15:35:25","date_gmt":"2025-09-07T13:35:25","guid":{"rendered":"http:\/\/spider-lan.com\/?post_type=product&#038;p=277"},"modified":"2026-01-16T11:34:05","modified_gmt":"2026-01-16T10:34:05","slug":"fiche-modulaire-rj45-cat6a-ftp-ecrou","status":"publish","type":"product","link":"https:\/\/spider-lan.com\/en\/product\/fiche-modulaire-rj45-cat6a-ftp-ecrou\/","title":{"rendered":"Fiche modulaire RJ45 CAT6A FTP (Ecrou)"},"content":{"rendered":"<p class=\"MsoNormal\" style=\"text-align: justify; line-height: 150%;\"><strong><span style=\"font-size: 14.0pt; line-height: 150%; font-family: 'Aptos',sans-serif; color: #004f88;\">Caract\u00e9ristiques principales<\/span><\/strong><\/p>\n<ul style=\"margin-top: 0cm;\" type=\"disc\">\n<li class=\"MsoNormal\" style=\"text-align: justify; line-height: 150%; mso-list: l0 level1 lfo1; tab-stops: list 36.0pt;\"><span style=\"font-family: 'Aptos',sans-serif;\">Type de connecteur : RJ45 m\u00e2le 8P8C<\/span><\/li>\n<li class=\"MsoNormal\" style=\"text-align: justify; line-height: 150%; mso-list: l0 level1 lfo1; tab-stops: list 36.0pt;\"><span style=\"font-size: 12.0pt; line-height: 150%; font-family: 'Aptos',sans-serif;\">Cat\u00e9gorie : Cat6A \u2013 jusqu\u2019\u00e0 10 Gbps, bande passante 500 MHz<\/span><\/li>\n<li class=\"MsoNormal\" style=\"text-align: justify; line-height: 150%; mso-list: l0 level1 lfo1; tab-stops: list 36.0pt;\"><span style=\"font-size: 12.0pt; line-height: 150%; font-family: 'Aptos',sans-serif;\">Blindage : FTP (Foiled Twisted Pair)<\/span><\/li>\n<li class=\"MsoNormal\" style=\"text-align: justify; line-height: 150%; mso-list: l0 level1 lfo1; tab-stops: list 36.0pt;\"><span style=\"font-size: 12.0pt; line-height: 150%; font-family: 'Aptos',sans-serif;\">Fixation : Avec \u00e9crou de serrage pour une tenue optimale du c\u00e2ble<\/span><\/li>\n<li class=\"MsoNormal\" style=\"text-align: justify; line-height: 150%; mso-list: l0 level1 lfo1; tab-stops: list 36.0pt;\"><span style=\"font-size: 12.0pt; line-height: 150%; font-family: 'Aptos',sans-serif;\">Compatibilit\u00e9 c\u00e2bles : AWG 22 \u00e0 26<\/span><\/li>\n<li class=\"MsoNormal\" style=\"text-align: justify; line-height: 150%; mso-list: l0 level1 lfo1; tab-stops: list 36.0pt;\"><span style=\"font-size: 12.0pt; line-height: 150%; font-family: 'Aptos',sans-serif;\">Normes de c\u00e2blage : T568A \/ T568B<\/span><\/li>\n<li class=\"MsoNormal\" style=\"text-align: justify; line-height: 150%; mso-list: l0 level1 lfo1; tab-stops: list 36.0pt;\"><span style=\"font-size: 12.0pt; line-height: 150%; font-family: 'Aptos',sans-serif;\">Contacts : Alliage cuivreux avec placage or pour une conductivit\u00e9 fiable et durable<\/span><\/li>\n<li class=\"MsoNormal\" style=\"text-align: justify; line-height: 150%; mso-list: l0 level1 lfo1; tab-stops: list 36.0pt;\"><span style=\"font-size: 12.0pt; line-height: 150%; font-family: 'Aptos',sans-serif;\">Utilisation recommand\u00e9e : Installations professionnelles, r\u00e9seaux structur\u00e9s, environnements \u00e0 fortes interf\u00e9rences. <\/span><\/li>\n<\/ul>","protected":false},"excerpt":{"rendered":"<p class=\"MsoNormal\" style=\"text-align: justify; line-height: 150%;\"><span style=\"font-size: 12.0pt; line-height: 150%; font-family: 'Aptos',sans-serif;\">La <strong>fiche modulaire RJ45 Cat6A FTP avec \u00e9crou<\/strong> est con\u00e7ue pour les installations r\u00e9seau haut d\u00e9bit n\u00e9cessitant une <strong>connexion robuste, stable et parfaitement blind\u00e9e<\/strong>. Elle prend en charge les applications <strong>10 Gigabit Ethernet<\/strong> tout en assurant une excellente protection contre les interf\u00e9rences \u00e9lectromagn\u00e9tiques gr\u00e2ce \u00e0 son blindage FTP.<\/span><\/p>\n<p class=\"MsoNormal\" style=\"text-align: justify; line-height: 150%;\"><span style=\"font-size: 12.0pt; line-height: 150%; font-family: 'Aptos',sans-serif;\">L\u2019\u00e9crou de serrage int\u00e9gr\u00e9 permet un <strong>maintien m\u00e9canique renforc\u00e9 du c\u00e2ble<\/strong>, garantissant une excellente tenue dans le temps, m\u00eame dans les environnements professionnels exigeants (baies de brassage, data centers, installations industrielles).<\/span><\/p>","protected":false},"featured_media":5129,"comment_status":"open","ping_status":"closed","template":"","meta":{"om_disable_all_campaigns":false,"_monsterinsights_skip_tracking":false,"_monsterinsights_sitenote_active":false,"_monsterinsights_sitenote_note":"","_monsterinsights_sitenote_category":0},"product_cat":[15,210],"product_tag":[],"class_list":{"0":"post-277","1":"product","2":"type-product","3":"status-publish","4":"has-post-thumbnail","6":"product_cat-uncategorized","7":"product_cat-fiches-modulaires-rj45","8":"ts_product_brand-huyndai","10":"first","11":"instock","12":"shipping-taxable","13":"product-type-simple","14":"add-to-wishlist-after_add_to_cart"},"aioseo_notices":[],"_links":{"self":[{"href":"https:\/\/spider-lan.com\/en\/wp-json\/wp\/v2\/product\/277","targetHints":{"allow":["GET"]}}],"collection":[{"href":"https:\/\/spider-lan.com\/en\/wp-json\/wp\/v2\/product"}],"about":[{"href":"https:\/\/spider-lan.com\/en\/wp-json\/wp\/v2\/types\/product"}],"replies":[{"embeddable":true,"href":"https:\/\/spider-lan.com\/en\/wp-json\/wp\/v2\/comments?post=277"}],"wp:featuredmedia":[{"embeddable":true,"href":"https:\/\/spider-lan.com\/en\/wp-json\/wp\/v2\/media\/5129"}],"wp:attachment":[{"href":"https:\/\/spider-lan.com\/en\/wp-json\/wp\/v2\/media?parent=277"}],"wp:term":[{"taxonomy":"product_cat","embeddable":true,"href":"https:\/\/spider-lan.com\/en\/wp-json\/wp\/v2\/product_cat?post=277"},{"taxonomy":"product_tag","embeddable":true,"href":"https:\/\/spider-lan.com\/en\/wp-json\/wp\/v2\/product_tag?post=277"}],"curies":[{"name":"wp","href":"https:\/\/api.w.org\/{rel}","templated":true}]}}