{"id":295,"date":"2025-10-21T09:50:45","date_gmt":"2025-10-21T07:50:45","guid":{"rendered":"http:\/\/spider-lan.com\/?post_type=product&#038;p=295"},"modified":"2026-01-13T16:45:21","modified_gmt":"2026-01-13T15:45:21","slug":"keystone-rj45-cat6-utp-femelle-toolless-180","status":"publish","type":"product","link":"https:\/\/spider-lan.com\/en\/product\/keystone-rj45-cat6-utp-femelle-toolless-180\/","title":{"rendered":"RJ45 Cat6 UTP Keystone Jack Female \u2013 Toolless 180\u00b0"},"content":{"rendered":"<p class=\"MsoNormal\" style=\"text-align: justify; line-height: 150%;\"><strong><span style=\"font-size: 14.0pt; line-height: 150%; font-family: 'Aptos',sans-serif; color: #004f88;\">Caract\u00e9ristiques techniques<\/span><\/strong><\/p>\n<p class=\"MsoListParagraph\" style=\"text-align: justify; text-indent: -18.0pt; line-height: 150%; mso-list: l0 level1 lfo5;\"><!-- [if !supportLists]--><strong><span style=\"font-size: 12.0pt; line-height: 150%; font-family: 'Aptos',sans-serif; mso-fareast-font-family: Aptos; mso-bidi-font-family: Aptos;\"><span style=\"mso-list: Ignore;\">\u00a0 \u00a0 \u00a0 \u00a0 1.<span style=\"font: 7.0pt 'Times New Roman';\">\u00a0\u00a0\u00a0\u00a0\u00a0 <\/span><\/span><\/span><\/strong><!--[endif]--><strong><span style=\"font-size: 12.0pt; line-height: 150%; font-family: 'Aptos',sans-serif;\">Performances \u00e9lectriques<\/span><\/strong><\/p>\n<ul style=\"margin-top: 0cm;\" type=\"disc\">\n<li class=\"MsoNormal\" style=\"text-align: justify; line-height: 150%; mso-list: l2 level1 lfo1; tab-stops: list 36.0pt;\"><span style=\"font-size: 12.0pt; line-height: 150%; font-family: 'Aptos',sans-serif;\">R\u00e9sistance DC : <strong>\u2264 300 m\u03a9<\/strong><\/span><\/li>\n<li class=\"MsoNormal\" style=\"text-align: justify; line-height: 150%; mso-list: l2 level1 lfo1; tab-stops: list 36.0pt;\"><span style=\"font-size: 12.0pt; line-height: 150%; font-family: 'Aptos',sans-serif;\">R\u00e9sistance de contact : <strong>\u2264 20 m\u03a9<\/strong><\/span><\/li>\n<li class=\"MsoNormal\" style=\"text-align: justify; line-height: 150%; mso-list: l2 level1 lfo1; tab-stops: list 36.0pt;\"><span style=\"font-size: 12.0pt; line-height: 150%; font-family: 'Aptos',sans-serif;\">Tenue di\u00e9lectrique : <strong>1000 V (AC 750 V pendant 1 minute)<\/strong><\/span><\/li>\n<li class=\"MsoNormal\" style=\"text-align: justify; line-height: 150%; mso-list: l2 level1 lfo1; tab-stops: list 36.0pt;\"><span style=\"font-size: 12.0pt; line-height: 150%; font-family: 'Aptos',sans-serif;\">R\u00e9sistance d\u2019isolation : <strong>\u2265 1000 M\u03a9<\/strong><\/span><\/li>\n<\/ul>\n<p class=\"MsoListParagraph\" style=\"text-align: justify; text-indent: -18.0pt; line-height: 150%; mso-list: l0 level1 lfo5;\"><!-- [if !supportLists]--><strong><span style=\"font-size: 12.0pt; line-height: 150%; font-family: 'Aptos',sans-serif; mso-fareast-font-family: Aptos; mso-bidi-font-family: Aptos;\"><span style=\"mso-list: Ignore;\">\u00a0 \u00a0 \u00a0 \u00a0 2.<span style=\"font: 7.0pt 'Times New Roman';\">\u00a0\u00a0\u00a0\u00a0\u00a0 <\/span><\/span><\/span><\/strong><!--[endif]--><strong><span style=\"font-size: 12.0pt; line-height: 150%; font-family: 'Aptos',sans-serif;\">Caract\u00e9ristiques m\u00e9caniques<\/span><\/strong><\/p>\n<ul style=\"margin-top: 0cm;\" type=\"disc\">\n<li class=\"MsoNormal\" style=\"text-align: justify; line-height: 150%; mso-list: l4 level1 lfo2; tab-stops: list 36.0pt;\"><span style=\"font-size: 12.0pt; line-height: 150%; font-family: 'Aptos',sans-serif;\">Broches de contact : <strong>Bronze phosphoreux plaqu\u00e9 nickel avec contacts plaqu\u00e9s or<\/strong><\/span><\/li>\n<li class=\"MsoNormal\" style=\"text-align: justify; line-height: 150%; mso-list: l4 level1 lfo2; tab-stops: list 36.0pt;\"><span style=\"font-size: 12.0pt; line-height: 150%; font-family: 'Aptos',sans-serif;\">Contacts IDC : <strong>Bronze phosphoreux \u00e9tam\u00e9 et plaqu\u00e9 nickel<\/strong><\/span><\/li>\n<li class=\"MsoNormal\" style=\"text-align: justify; line-height: 150%; mso-list: l4 level1 lfo2; tab-stops: list 36.0pt;\"><span style=\"font-size: 12.0pt; line-height: 150%; font-family: 'Aptos',sans-serif;\">Compatibilit\u00e9 des c\u00e2bles : <strong>AWG 22 \u00e0 26<\/strong><\/span><\/li>\n<li class=\"MsoNormal\" style=\"text-align: justify; line-height: 150%; mso-list: l4 level1 lfo2; tab-stops: list 36.0pt;\"><span style=\"font-size: 12.0pt; line-height: 150%; font-family: 'Aptos',sans-serif;\">Dur\u00e9e de vie d\u2019insertion RJ45 : <strong>\u2265 750 cycles<\/strong><\/span><\/li>\n<li class=\"MsoNormal\" style=\"text-align: justify; line-height: 150%; mso-list: l4 level1 lfo2; tab-stops: list 36.0pt;\"><span style=\"font-size: 12.0pt; line-height: 150%; font-family: 'Aptos',sans-serif;\">Dur\u00e9e de vie des contacts IDC : <strong>\u2265 250 cycles de raccordement<\/strong><\/span><\/li>\n<\/ul>\n<p class=\"MsoListParagraph\" style=\"text-align: justify; text-indent: -18.0pt; line-height: 150%; mso-list: l0 level1 lfo5;\"><!-- [if !supportLists]--><strong><span style=\"font-size: 12.0pt; line-height: 150%; font-family: 'Aptos',sans-serif; mso-fareast-font-family: Aptos; mso-bidi-font-family: Aptos;\"><span style=\"mso-list: Ignore;\">\u00a0\u00a0 \u00a0 \u00a0 \u00a0 3.<span style=\"font: 7.0pt 'Times New Roman';\">\u00a0\u00a0\u00a0\u00a0\u00a0 <\/span><\/span><\/span><\/strong><!--[endif]--><strong><span style=\"font-size: 12.0pt; line-height: 150%; font-family: 'Aptos',sans-serif;\">Mat\u00e9riaux et conditions d\u2019utilisation<\/span><\/strong><\/p>\n<ul style=\"margin-top: 0cm;\" type=\"disc\">\n<li class=\"MsoNormal\" style=\"text-align: justify; line-height: 150%; mso-list: l3 level1 lfo3; tab-stops: list 36.0pt;\"><span style=\"font-size: 12.0pt; line-height: 150%; font-family: 'Aptos',sans-serif;\">Bo\u00eetier du jack : <strong>Plastique ignifug\u00e9 UL94V-2<\/strong><\/span><\/li>\n<li class=\"MsoNormal\" style=\"text-align: justify; line-height: 150%; mso-list: l3 level1 lfo3; tab-stops: list 36.0pt;\"><span style=\"font-size: 12.0pt; line-height: 150%; font-family: 'Aptos',sans-serif;\">Capuchon de terminaison : <strong>Mat\u00e9riau UL94V-2<\/strong><\/span><\/li>\n<li class=\"MsoNormal\" style=\"text-align: justify; line-height: 150%; mso-list: l3 level1 lfo3; tab-stops: list 36.0pt;\"><span style=\"font-size: 12.0pt; line-height: 150%; font-family: 'Aptos',sans-serif;\">Temp\u00e9rature de fonctionnement : <strong>-25 \u00b0C \u00e0 +60 \u00b0C<\/strong><\/span><\/li>\n<li class=\"MsoNormal\" style=\"text-align: justify; line-height: 150%; mso-list: l3 level1 lfo3; tab-stops: list 36.0pt;\"><span style=\"font-size: 12.0pt; line-height: 150%; font-family: 'Aptos',sans-serif;\">Couleurs disponibles : rouge, jaune, bleu, vert, noir (autres sur demande)<\/span><\/li>\n<li class=\"MsoNormal\" style=\"text-align: justify; line-height: 150%; mso-list: l3 level1 lfo3; tab-stops: list 36.0pt;\"><span style=\"font-size: 12.0pt; line-height: 150%; font-family: 'Aptos',sans-serif;\">Orientation : <strong>180\u00b0<\/strong><\/span><\/li>\n<\/ul>\n<p class=\"MsoNormal\" style=\"text-align: justify; line-height: 150%;\"><strong><span style=\"font-size: 12.0pt; line-height: 150%; font-family: 'Aptos',sans-serif;\">Conformit\u00e9 aux normes<\/span><\/strong><\/p>\n<ul style=\"margin-top: 0cm;\" type=\"disc\">\n<li class=\"MsoNormal\" style=\"text-align: justify; line-height: 150%; mso-list: l1 level1 lfo4; tab-stops: list 36.0pt;\"><span style=\"font-size: 12.0pt; line-height: 150%; font-family: 'Aptos',sans-serif;\">ISO\/IEC 11801<\/span><\/li>\n<li class=\"MsoNormal\" style=\"text-align: justify; line-height: 150%; mso-list: l1 level1 lfo4; tab-stops: list 36.0pt;\"><span style=\"font-size: 12.0pt; line-height: 150%; font-family: 'Aptos',sans-serif;\">TIA\/EIA-568-B.2-1<\/span><\/li>\n<li class=\"MsoNormal\" style=\"text-align: justify; line-height: 150%; mso-list: l1 level1 lfo4; tab-stops: list 36.0pt;\"><span style=\"font-size: 12.0pt; line-height: 150%; font-family: 'Aptos',sans-serif;\">EN 50173<\/span><\/li>\n<li class=\"MsoNormal\" style=\"text-align: justify; line-height: 150%; mso-list: l1 level1 lfo4; tab-stops: list 36.0pt;\"><span style=\"font-size: 12.0pt; line-height: 150%; font-family: 'Aptos',sans-serif;\">UL 94<\/span><\/li>\n<\/ul>\n<p class=\"MsoNormal\" style=\"text-align: justify; line-height: 150%;\"><span style=\"font-size: 12.0pt; line-height: 150%; font-family: 'Aptos',sans-serif;\">\u00a0<\/span><\/p>","protected":false},"excerpt":{"rendered":"<p class=\"MsoNormal\" style=\"text-align: justify; line-height: 150%;\"><span style=\"font-size: 12.0pt; line-height: 150%; font-family: 'Aptos',sans-serif;\">Le Keystone RJ45 Cat6 UTP femelle toolless \u00e0 180 degr\u00e9s est con\u00e7u pour assurer une connectivit\u00e9 r\u00e9seau fiable et durable dans les installations Ethernet Cat6. Son syst\u00e8me de terminaison sans outil permet un c\u00e2blage rapide, propre et s\u00e9curis\u00e9, id\u00e9al pour les panneaux de brassage, prises murales et faceplates Keystone.<\/span><\/p>\n<p class=\"MsoNormal\" style=\"text-align: justify; line-height: 150%;\"><span style=\"font-size: 12.0pt; line-height: 150%; font-family: 'Aptos',sans-serif;\">Gr\u00e2ce \u00e0 sa structure interne optimis\u00e9e et \u00e0 l\u2019utilisation de mat\u00e9riaux conducteurs de haute qualit\u00e9, ce connecteur garantit une excellente stabilit\u00e9 \u00e9lectrique et une transmission conforme aux normes internationales. Les contacts plaqu\u00e9s or, associ\u00e9s \u00e0 un placage nickel, offrent une protection efficace contre l\u2019oxydation et prolongent la dur\u00e9e de vie du produit.<\/span><\/p>","protected":false},"featured_media":5136,"comment_status":"open","ping_status":"closed","template":"","meta":{"om_disable_all_campaigns":false,"_monsterinsights_skip_tracking":false,"_monsterinsights_sitenote_active":false,"_monsterinsights_sitenote_note":"","_monsterinsights_sitenote_category":0},"product_cat":[211],"product_tag":[58,120,139],"class_list":{"0":"post-295","1":"product","2":"type-product","3":"status-publish","4":"has-post-thumbnail","6":"product_cat-keystone-rj45","7":"product_tag-car","8":"product_tag-stainless","9":"product_tag-wheel","10":"ts_product_brand-japan-autopart","12":"first","13":"instock","14":"featured","15":"shipping-taxable","16":"product-type-simple","17":"add-to-wishlist-after_add_to_cart"},"aioseo_notices":[],"_links":{"self":[{"href":"https:\/\/spider-lan.com\/en\/wp-json\/wp\/v2\/product\/295","targetHints":{"allow":["GET"]}}],"collection":[{"href":"https:\/\/spider-lan.com\/en\/wp-json\/wp\/v2\/product"}],"about":[{"href":"https:\/\/spider-lan.com\/en\/wp-json\/wp\/v2\/types\/product"}],"replies":[{"embeddable":true,"href":"https:\/\/spider-lan.com\/en\/wp-json\/wp\/v2\/comments?post=295"}],"wp:featuredmedia":[{"embeddable":true,"href":"https:\/\/spider-lan.com\/en\/wp-json\/wp\/v2\/media\/5136"}],"wp:attachment":[{"href":"https:\/\/spider-lan.com\/en\/wp-json\/wp\/v2\/media?parent=295"}],"wp:term":[{"taxonomy":"product_cat","embeddable":true,"href":"https:\/\/spider-lan.com\/en\/wp-json\/wp\/v2\/product_cat?post=295"},{"taxonomy":"product_tag","embeddable":true,"href":"https:\/\/spider-lan.com\/en\/wp-json\/wp\/v2\/product_tag?post=295"}],"curies":[{"name":"wp","href":"https:\/\/api.w.org\/{rel}","templated":true}]}}