{"id":296,"date":"2025-10-15T11:53:15","date_gmt":"2025-10-15T09:53:15","guid":{"rendered":"http:\/\/spider-lan.com\/?post_type=product&#038;p=296"},"modified":"2026-01-13T10:35:49","modified_gmt":"2026-01-13T09:35:49","slug":"keystone-rj45-cat6-utp-toolless-angle-90","status":"publish","type":"product","link":"https:\/\/spider-lan.com\/en\/product\/keystone-rj45-cat6-utp-toolless-angle-90\/","title":{"rendered":"RJ45 Cat6 UTP Keystone Jack \u2013 Toolless 90\u00b0 Angle"},"content":{"rendered":"<p class=\"MsoNormal\"><strong><span style=\"font-size: 14.0pt; line-height: 107%; font-family: 'Aptos',sans-serif; color: #004f88;\">Caract\u00e9ristiques techniques\u00a0 \u00a0<\/span><\/strong><\/p>\n<p class=\"MsoListParagraph\" style=\"text-indent: -18.0pt; mso-list: l1 level1 lfo2;\"><!-- [if !supportLists]--><strong><span style=\"font-size: 12.0pt; line-height: 107%; font-family: 'Aptos',sans-serif; mso-fareast-font-family: Aptos; mso-bidi-font-family: Aptos;\"><span style=\"mso-list: Ignore;\">\u00a0 \u00a0 \u00a0 \u00a0 \u00a01.<span style=\"font: 7.0pt 'Times New Roman';\">\u00a0\u00a0\u00a0\u00a0\u00a0 <\/span><\/span><\/span><\/strong><!--[endif]--><strong><span style=\"font-size: 12.0pt; line-height: 107%; font-family: 'Aptos',sans-serif;\">Caract\u00e9ristiques techniques g\u00e9n\u00e9rales<\/span><\/strong><\/p>\n<p class=\"MsoNormal\" style=\"margin-left: 49.65pt; text-indent: -18.0pt; mso-list: l0 level1 lfo1;\"><!-- [if !supportLists]--><span style=\"font-size: 10.0pt; mso-bidi-font-size: 12.0pt; line-height: 107%; font-family: Symbol; mso-fareast-font-family: Symbol; mso-bidi-font-family: Symbol;\"><span style=\"mso-list: Ignore;\">\u00b7<span style=\"font: 7.0pt 'Times New Roman';\">\u00a0\u00a0\u00a0\u00a0\u00a0\u00a0\u00a0\u00a0 <\/span><\/span><\/span><!--[endif]--><span style=\"font-size: 12.0pt; line-height: 107%; font-family: 'Aptos',sans-serif;\">Bo\u00eetier : Polycarbonate (PC) UL94V-2<\/span><\/p>\n<p class=\"MsoNormal\" style=\"margin-left: 49.65pt; text-indent: -18.0pt; mso-list: l0 level1 lfo1;\"><!-- [if !supportLists]--><span style=\"font-size: 10.0pt; mso-bidi-font-size: 12.0pt; line-height: 107%; font-family: Symbol; mso-fareast-font-family: Symbol; mso-bidi-font-family: Symbol;\"><span style=\"mso-list: Ignore;\">\u00b7<span style=\"font: 7.0pt 'Times New Roman';\">\u00a0\u00a0\u00a0\u00a0\u00a0\u00a0\u00a0\u00a0 <\/span><\/span><\/span><!--[endif]--><span style=\"font-size: 12.0pt; line-height: 107%; font-family: 'Aptos',sans-serif;\">Conception : Angle 90\u00b0<\/span><\/p>\n<p class=\"MsoNormal\" style=\"margin-left: 49.65pt; text-indent: -18.0pt; mso-list: l0 level1 lfo1;\"><!-- [if !supportLists]--><span style=\"font-size: 10.0pt; mso-bidi-font-size: 12.0pt; line-height: 107%; font-family: Symbol; mso-fareast-font-family: Symbol; mso-bidi-font-family: Symbol;\"><span style=\"mso-list: Ignore;\">\u00b7<span style=\"font: 7.0pt 'Times New Roman';\">\u00a0\u00a0\u00a0\u00a0\u00a0\u00a0\u00a0\u00a0 <\/span><\/span><\/span><!--[endif]--><span style=\"font-size: 12.0pt; line-height: 107%; font-family: 'Aptos',sans-serif;\">Type : RJ45 Cat6 UTP \u2013 Toolless<\/span><\/p>\n<p class=\"MsoNormal\" style=\"margin-left: 49.65pt; text-indent: -18.0pt; mso-list: l0 level1 lfo1;\"><!-- [if !supportLists]--><span style=\"font-size: 10.0pt; mso-bidi-font-size: 12.0pt; line-height: 107%; font-family: Symbol; mso-fareast-font-family: Symbol; mso-bidi-font-family: Symbol;\"><span style=\"mso-list: Ignore;\">\u00b7<span style=\"font: 7.0pt 'Times New Roman';\">\u00a0\u00a0\u00a0\u00a0\u00a0\u00a0\u00a0\u00a0 <\/span><\/span><\/span><!--[endif]--><span style=\"font-size: 12.0pt; line-height: 107%; font-family: 'Aptos',sans-serif;\">Compatibilit\u00e9 c\u00e2blage : T568A \/ T568B (rep\u00e9rage couleur clair)<\/span><\/p>\n<p class=\"MsoNormal\" style=\"margin-left: 49.65pt; text-indent: -18.0pt; mso-list: l0 level1 lfo1;\"><!-- [if !supportLists]--><span style=\"font-size: 10.0pt; mso-bidi-font-size: 12.0pt; line-height: 107%; font-family: Symbol; mso-fareast-font-family: Symbol; mso-bidi-font-family: Symbol;\"><span style=\"mso-list: Ignore;\">\u00b7<span style=\"font: 7.0pt 'Times New Roman';\">\u00a0\u00a0\u00a0\u00a0\u00a0\u00a0\u00a0\u00a0 <\/span><\/span><\/span><!--[endif]--><span style=\"font-size: 12.0pt; line-height: 107%; font-family: 'Aptos',sans-serif;\">Capuchon de terminaison : protection contre la poussi\u00e8re et le d\u00e9logement des fils<\/span><\/p>\n<p class=\"MsoListParagraph\" style=\"text-indent: -18.0pt; mso-list: l1 level1 lfo2;\"><!-- [if !supportLists]--><strong><span style=\"font-size: 12.0pt; line-height: 107%; font-family: 'Aptos',sans-serif; mso-fareast-font-family: Aptos; mso-bidi-font-family: Aptos;\"><span style=\"mso-list: Ignore;\">\u00a0 \u00a0 \u00a0 \u00a0 \u00a02.<span style=\"font: 7.0pt 'Times New Roman';\">\u00a0\u00a0\u00a0\u00a0\u00a0 <\/span><\/span><\/span><\/strong><!--[endif]--><strong><span style=\"font-size: 12.0pt; line-height: 107%; font-family: 'Aptos',sans-serif;\">Performances \u00e9lectriques<\/span><\/strong><\/p>\n<p class=\"MsoNormal\" style=\"margin-left: 49.65pt; text-indent: -18.0pt; mso-list: l0 level1 lfo1;\"><!-- [if !supportLists]--><span style=\"font-size: 10.0pt; mso-bidi-font-size: 12.0pt; line-height: 107%; font-family: Symbol; mso-fareast-font-family: Symbol; mso-bidi-font-family: Symbol;\"><span style=\"mso-list: Ignore;\">\u00b7<span style=\"font: 7.0pt 'Times New Roman';\">\u00a0\u00a0\u00a0\u00a0\u00a0\u00a0\u00a0\u00a0 <\/span><\/span><\/span><!--[endif]--><span style=\"font-size: 12.0pt; line-height: 107%; font-family: 'Aptos',sans-serif;\">R\u00e9sistance DC : \u2264 300 m\u03a9<\/span><\/p>\n<p class=\"MsoNormal\" style=\"margin-left: 49.65pt; text-indent: -18.0pt; mso-list: l0 level1 lfo1;\"><!-- [if !supportLists]--><span style=\"font-size: 10.0pt; mso-bidi-font-size: 12.0pt; line-height: 107%; font-family: Symbol; mso-fareast-font-family: Symbol; mso-bidi-font-family: Symbol;\"><span style=\"mso-list: Ignore;\">\u00b7<span style=\"font: 7.0pt 'Times New Roman';\">\u00a0\u00a0\u00a0\u00a0\u00a0\u00a0\u00a0\u00a0 <\/span><\/span><\/span><!--[endif]--><span style=\"font-size: 12.0pt; line-height: 107%; font-family: 'Aptos',sans-serif;\">R\u00e9sistance de contact : \u2264 20 m\u03a9<\/span><\/p>\n<p class=\"MsoNormal\" style=\"margin-left: 49.65pt; text-indent: -18.0pt; mso-list: l0 level1 lfo1;\"><!-- [if !supportLists]--><span style=\"font-size: 10.0pt; mso-bidi-font-size: 12.0pt; line-height: 107%; font-family: Symbol; mso-fareast-font-family: Symbol; mso-bidi-font-family: Symbol;\"><span style=\"mso-list: Ignore;\">\u00b7<span style=\"font: 7.0pt 'Times New Roman';\">\u00a0\u00a0\u00a0\u00a0\u00a0\u00a0\u00a0\u00a0 <\/span><\/span><\/span><!--[endif]--><span style=\"font-size: 12.0pt; line-height: 107%; font-family: 'Aptos',sans-serif;\">Tension de tenue di\u00e9lectrique : 1000 V (AC 750 V \/ 1 min)<\/span><\/p>\n<p class=\"MsoNormal\" style=\"margin-left: 49.65pt; text-indent: -18.0pt; mso-list: l0 level1 lfo1;\"><!-- [if !supportLists]--><span style=\"font-size: 10.0pt; mso-bidi-font-size: 12.0pt; line-height: 107%; font-family: Symbol; mso-fareast-font-family: Symbol; mso-bidi-font-family: Symbol;\"><span style=\"mso-list: Ignore;\">\u00b7<span style=\"font: 7.0pt 'Times New Roman';\">\u00a0\u00a0\u00a0\u00a0\u00a0\u00a0\u00a0\u00a0 <\/span><\/span><\/span><!--[endif]--><span style=\"font-size: 12.0pt; line-height: 107%; font-family: 'Aptos',sans-serif;\">R\u00e9sistance d\u2019isolation : \u2265 1000 M\u03a9<\/span><\/p>\n<p class=\"MsoListParagraph\" style=\"text-indent: -18.0pt; mso-list: l1 level1 lfo2;\"><!-- [if !supportLists]--><strong><span style=\"font-size: 12.0pt; line-height: 107%; font-family: 'Aptos',sans-serif; mso-fareast-font-family: Aptos; mso-bidi-font-family: Aptos;\"><span style=\"mso-list: Ignore;\">\u00a0 \u00a0 \u00a0 \u00a0 \u00a03.<span style=\"font: 7.0pt 'Times New Roman';\">\u00a0\u00a0\u00a0\u00a0\u00a0 <\/span><\/span><\/span><\/strong><!--[endif]--><strong><span style=\"font-size: 12.0pt; line-height: 107%; font-family: 'Aptos',sans-serif;\">Caract\u00e9ristiques m\u00e9caniques<\/span><\/strong><\/p>\n<p class=\"MsoNormal\" style=\"margin-left: 49.65pt; text-indent: -18.0pt; mso-list: l0 level1 lfo1;\"><!-- [if !supportLists]--><span style=\"font-size: 10.0pt; mso-bidi-font-size: 12.0pt; line-height: 107%; font-family: Symbol; mso-fareast-font-family: Symbol; mso-bidi-font-family: Symbol;\"><span style=\"mso-list: Ignore;\">\u00b7<span style=\"font: 7.0pt 'Times New Roman';\">\u00a0\u00a0\u00a0\u00a0\u00a0\u00a0\u00a0\u00a0 <\/span><\/span><\/span><!--[endif]--><span style=\"font-size: 12.0pt; line-height: 107%; font-family: 'Aptos',sans-serif;\">Broches de contact : Bronze phosphoreux plaqu\u00e9 nickel avec contacts plaqu\u00e9s or<\/span><\/p>\n<p class=\"MsoNormal\" style=\"margin-left: 49.65pt; text-indent: -18.0pt; mso-list: l0 level1 lfo1;\"><!-- [if !supportLists]--><span style=\"font-size: 10.0pt; mso-bidi-font-size: 12.0pt; line-height: 107%; font-family: Symbol; mso-fareast-font-family: Symbol; mso-bidi-font-family: Symbol;\"><span style=\"mso-list: Ignore;\">\u00b7<span style=\"font: 7.0pt 'Times New Roman';\">\u00a0\u00a0\u00a0\u00a0\u00a0\u00a0\u00a0\u00a0 <\/span><\/span><\/span><!--[endif]--><span style=\"font-size: 12.0pt; line-height: 107%; font-family: 'Aptos',sans-serif;\">Clips IDC : Bronze phosphoreux \u00e9tam\u00e9, plaqu\u00e9 nickel<\/span><\/p>\n<p class=\"MsoNormal\" style=\"margin-left: 49.65pt; text-indent: -18.0pt; mso-list: l0 level1 lfo1;\"><!-- [if !supportLists]--><span style=\"font-size: 10.0pt; mso-bidi-font-size: 12.0pt; line-height: 107%; font-family: Symbol; mso-fareast-font-family: Symbol; mso-bidi-font-family: Symbol;\"><span style=\"mso-list: Ignore;\">\u00b7<span style=\"font: 7.0pt 'Times New Roman';\">\u00a0\u00a0\u00a0\u00a0\u00a0\u00a0\u00a0\u00a0 <\/span><\/span><\/span><!--[endif]--><span style=\"font-size: 12.0pt; line-height: 107%; font-family: 'Aptos',sans-serif;\">Compatibilit\u00e9 c\u00e2bles : AWG 22 \u00e0 26<\/span><\/p>\n<p class=\"MsoNormal\" style=\"margin-left: 49.65pt; text-indent: -18.0pt; mso-list: l0 level1 lfo1;\"><!-- [if !supportLists]--><span style=\"font-size: 10.0pt; mso-bidi-font-size: 12.0pt; line-height: 107%; font-family: Symbol; mso-fareast-font-family: Symbol; mso-bidi-font-family: Symbol;\"><span style=\"mso-list: Ignore;\">\u00b7<span style=\"font: 7.0pt 'Times New Roman';\">\u00a0\u00a0\u00a0\u00a0\u00a0\u00a0\u00a0\u00a0 <\/span><\/span><\/span><!--[endif]--><span style=\"font-size: 12.0pt; line-height: 107%; font-family: 'Aptos',sans-serif;\">Dur\u00e9e de vie d\u2019insertion RJ45 : \u2265 750 cycles<\/span><\/p>\n<p class=\"MsoNormal\" style=\"margin-left: 49.65pt; text-indent: -18.0pt; mso-list: l0 level1 lfo1;\"><!-- [if !supportLists]--><span style=\"font-size: 10.0pt; mso-bidi-font-size: 12.0pt; line-height: 107%; font-family: Symbol; mso-fareast-font-family: Symbol; mso-bidi-font-family: Symbol;\"><span style=\"mso-list: Ignore;\">\u00b7<span style=\"font: 7.0pt 'Times New Roman';\">\u00a0\u00a0\u00a0\u00a0\u00a0\u00a0\u00a0\u00a0 <\/span><\/span><\/span><!--[endif]--><span style=\"font-size: 12.0pt; line-height: 107%; font-family: 'Aptos',sans-serif;\">Dur\u00e9e de vie des contacts IDC : \u2265 250 raccordements<\/span><\/p>\n<p class=\"MsoNormal\" style=\"margin-left: 49.65pt; text-indent: -18.0pt; mso-list: l0 level1 lfo1;\"><!-- [if !supportLists]--><span style=\"font-size: 10.0pt; mso-bidi-font-size: 12.0pt; line-height: 107%; font-family: Symbol; mso-fareast-font-family: Symbol; mso-bidi-font-family: Symbol;\"><span style=\"mso-list: Ignore;\">\u00b7<span style=\"font: 7.0pt 'Times New Roman';\">\u00a0\u00a0\u00a0\u00a0\u00a0\u00a0\u00a0\u00a0 <\/span><\/span><\/span><!--[endif]--><span style=\"font-size: 12.0pt; line-height: 107%; font-family: 'Aptos',sans-serif;\">Temp\u00e9rature de fonctionnement : -25 \u00b0C \u00e0 +60 \u00b0C<\/span><\/p>\n<p class=\"MsoNormal\"><strong><span style=\"font-size: 14.0pt; line-height: 107%; font-family: 'Aptos',sans-serif; color: #004f88;\">Conformit\u00e9 aux normes<\/span><\/strong><\/p>\n<p class=\"MsoNormal\" style=\"margin-left: 49.65pt; text-indent: -18.0pt; mso-list: l0 level1 lfo1;\"><!-- [if !supportLists]--><span style=\"font-size: 10.0pt; mso-bidi-font-size: 12.0pt; line-height: 107%; font-family: Symbol; mso-fareast-font-family: Symbol; mso-bidi-font-family: Symbol;\"><span style=\"mso-list: Ignore;\">\u00b7<span style=\"font: 7.0pt 'Times New Roman';\">\u00a0\u00a0\u00a0\u00a0\u00a0\u00a0\u00a0\u00a0 <\/span><\/span><\/span><!--[endif]--><span style=\"font-size: 12.0pt; line-height: 107%; font-family: 'Aptos',sans-serif;\">ISO\/IEC 11801<\/span><\/p>\n<p class=\"MsoNormal\" style=\"margin-left: 49.65pt; text-indent: -18.0pt; mso-list: l0 level1 lfo1;\"><!-- [if !supportLists]--><span style=\"font-size: 10.0pt; mso-bidi-font-size: 12.0pt; line-height: 107%; font-family: Symbol; mso-fareast-font-family: Symbol; mso-bidi-font-family: Symbol;\"><span style=\"mso-list: Ignore;\">\u00b7<span style=\"font: 7.0pt 'Times New Roman';\">\u00a0\u00a0\u00a0\u00a0\u00a0\u00a0\u00a0\u00a0 <\/span><\/span><\/span><!--[endif]--><span style=\"font-size: 12.0pt; line-height: 107%; font-family: 'Aptos',sans-serif;\">TIA\/EIA-568-B.2-1<\/span><\/p>\n<p class=\"MsoNormal\" style=\"margin-left: 49.65pt; text-indent: -18.0pt; mso-list: l0 level1 lfo1;\"><!-- [if !supportLists]--><span style=\"font-size: 10.0pt; mso-bidi-font-size: 12.0pt; line-height: 107%; font-family: Symbol; mso-fareast-font-family: Symbol; mso-bidi-font-family: Symbol;\"><span style=\"mso-list: Ignore;\">\u00b7<span style=\"font: 7.0pt 'Times New Roman';\">\u00a0\u00a0\u00a0\u00a0\u00a0\u00a0\u00a0\u00a0 <\/span><\/span><\/span><!--[endif]--><span style=\"font-size: 12.0pt; line-height: 107%; font-family: 'Aptos',sans-serif;\">EN 50173<\/span><\/p>\n<p class=\"MsoNormal\" style=\"margin-left: 49.65pt; text-indent: -18.0pt; mso-list: l0 level1 lfo1;\"><!-- [if !supportLists]--><span style=\"font-size: 10.0pt; mso-bidi-font-size: 12.0pt; line-height: 107%; font-family: Symbol; mso-fareast-font-family: Symbol; mso-bidi-font-family: Symbol;\"><span style=\"mso-list: Ignore;\">\u00b7<span style=\"font: 7.0pt 'Times New Roman';\">\u00a0\u00a0\u00a0\u00a0\u00a0\u00a0\u00a0\u00a0 <\/span><\/span><\/span><!--[endif]--><span style=\"font-size: 12.0pt; line-height: 107%; font-family: 'Aptos',sans-serif;\">UL 94V-221<\/span><\/p>","protected":false},"excerpt":{"rendered":"<p class=\"MsoNormal\" style=\"text-align: justify; line-height: 150%;\"><span style=\"font-size: 12.0pt; line-height: 150%; font-family: 'Aptos',sans-serif;\">Le Keystone RJ45 Cat6 UTP toolless \u00e0 90\u00b0 est con\u00e7u pour les installations r\u00e9seau n\u00e9cessitant une organisation optimale des c\u00e2bles, notamment dans les espaces r\u00e9duits tels que les panneaux de brassage, coffrets muraux et prises Keystone. Son design coud\u00e9 \u00e0 90 degr\u00e9s facilite la gestion du c\u00e2blage tout en garantissant une transmission fiable et stable. <\/span><span style=\"font-size: 12.0pt; line-height: 150%; font-family: 'Aptos',sans-serif;\">Fabriqu\u00e9 en polycarbonate (PC) ignifug\u00e9 UL94V-2, ce connecteur offre une excellente r\u00e9sistance m\u00e9canique. Les contacts plaqu\u00e9s or (6 \u00b5) combin\u00e9s \u00e0 un placage nickel int\u00e9gral assurent une protection efficace contre l\u2019oxydation et une longue dur\u00e9e de vie. La conception interne optimis\u00e9e, associant broches, clips IDC et circuit imprim\u00e9, garantit des performances conformes aux exigences de la cat\u00e9gorie Cat6.<\/span><\/p>\n<p class=\"MsoNormal\" style=\"text-align: justify; line-height: 150%;\"><span style=\"font-size: 12.0pt; line-height: 150%; font-family: 'Aptos',sans-serif;\">Le syst\u00e8me de terminaison sans outil (toolless) simplifie l\u2019installation tout en assurant un maintien s\u00fbr des conducteurs. Les rep\u00e8res couleur clairs permettent un c\u00e2blage pr\u00e9cis selon les normes T568A ou T568B.<\/span><\/p>","protected":false},"featured_media":5140,"comment_status":"open","ping_status":"closed","template":"","meta":{"om_disable_all_campaigns":false,"_monsterinsights_skip_tracking":false,"_monsterinsights_sitenote_active":false,"_monsterinsights_sitenote_note":"","_monsterinsights_sitenote_category":0},"product_cat":[211],"product_tag":[],"class_list":{"0":"post-296","1":"product","2":"type-product","3":"status-publish","4":"has-post-thumbnail","6":"product_cat-keystone-rj45","7":"ts_product_brand-honda","9":"first","10":"instock","11":"shipping-taxable","12":"product-type-simple","13":"add-to-wishlist-after_add_to_cart"},"aioseo_notices":[],"_links":{"self":[{"href":"https:\/\/spider-lan.com\/en\/wp-json\/wp\/v2\/product\/296","targetHints":{"allow":["GET"]}}],"collection":[{"href":"https:\/\/spider-lan.com\/en\/wp-json\/wp\/v2\/product"}],"about":[{"href":"https:\/\/spider-lan.com\/en\/wp-json\/wp\/v2\/types\/product"}],"replies":[{"embeddable":true,"href":"https:\/\/spider-lan.com\/en\/wp-json\/wp\/v2\/comments?post=296"}],"wp:featuredmedia":[{"embeddable":true,"href":"https:\/\/spider-lan.com\/en\/wp-json\/wp\/v2\/media\/5140"}],"wp:attachment":[{"href":"https:\/\/spider-lan.com\/en\/wp-json\/wp\/v2\/media?parent=296"}],"wp:term":[{"taxonomy":"product_cat","embeddable":true,"href":"https:\/\/spider-lan.com\/en\/wp-json\/wp\/v2\/product_cat?post=296"},{"taxonomy":"product_tag","embeddable":true,"href":"https:\/\/spider-lan.com\/en\/wp-json\/wp\/v2\/product_tag?post=296"}],"curies":[{"name":"wp","href":"https:\/\/api.w.org\/{rel}","templated":true}]}}