{"id":297,"date":"2025-10-13T12:55:52","date_gmt":"2025-10-13T10:55:52","guid":{"rendered":"http:\/\/spider-lan.com\/?post_type=product&#038;p=297"},"modified":"2026-01-13T10:15:09","modified_gmt":"2026-01-13T09:15:09","slug":"connecteur-rj45-femelle-cat6-sans-outil","status":"publish","type":"product","link":"https:\/\/spider-lan.com\/en\/product\/connecteur-rj45-femelle-cat6-sans-outil\/","title":{"rendered":"Connecteur RJ45 Femelle Cat6 sans outil"},"content":{"rendered":"<p class=\"MsoNormal\"><strong><span style=\"font-size: 14.0pt; line-height: 107%; font-family: 'Aptos',sans-serif; color: #004f88;\">Sp\u00e9cifications techniques<\/span><\/strong><\/p>\n<p class=\"MsoListParagraph\" style=\"text-indent: -18.0pt; mso-list: l1 level1 lfo2;\"><strong><span style=\"font-size: 12.0pt; line-height: 107%; font-family: 'Aptos',sans-serif; mso-fareast-font-family: Aptos; mso-bidi-font-family: Aptos;\"><span style=\"mso-list: Ignore;\">\u00a0 \u00a0 \u00a0 \u00a0 \u00a01.<span style=\"font: 7.0pt 'Times New Roman';\">\u00a0\u00a0\u00a0\u00a0\u00a0 <\/span><\/span><\/span><\/strong><!--[endif]--><strong><span style=\"font-size: 12.0pt; line-height: 107%; font-family: 'Aptos',sans-serif;\">Caract\u00e9ristiques \u00e9lectriques<\/span><\/strong><\/p>\n<p class=\"MsoNormal\" style=\"margin-left: 49.65pt; text-indent: -14.7pt; mso-list: l0 level1 lfo1; tab-stops: list 49.65pt;\"><!-- [if !supportLists]--><span style=\"font-size: 10.0pt; mso-bidi-font-size: 12.0pt; line-height: 107%; font-family: Symbol; mso-fareast-font-family: Symbol; mso-bidi-font-family: Symbol;\"><span style=\"mso-list: Ignore;\">\u00b7<span style=\"font: 7.0pt 'Times New Roman';\">\u00a0\u00a0\u00a0\u00a0\u00a0\u00a0 <\/span><\/span><\/span><!--[endif]--><span style=\"font-size: 12.0pt; line-height: 107%; font-family: 'Aptos',sans-serif;\">Tension nominale : 125 V AC<\/span><\/p>\n<p class=\"MsoNormal\" style=\"margin-left: 49.65pt; text-indent: -14.7pt; mso-list: l0 level1 lfo1; tab-stops: list 49.65pt;\"><!-- [if !supportLists]--><span style=\"font-size: 10.0pt; mso-bidi-font-size: 12.0pt; line-height: 107%; font-family: Symbol; mso-fareast-font-family: Symbol; mso-bidi-font-family: Symbol;\"><span style=\"mso-list: Ignore;\">\u00b7<span style=\"font: 7.0pt 'Times New Roman';\">\u00a0\u00a0\u00a0\u00a0\u00a0\u00a0 <\/span><\/span><\/span><!--[endif]--><span style=\"font-size: 12.0pt; line-height: 107%; font-family: 'Aptos',sans-serif;\">Courant nominal : 1,5 A<\/span><\/p>\n<p class=\"MsoNormal\" style=\"margin-left: 49.65pt; text-indent: -14.7pt; mso-list: l0 level1 lfo1; tab-stops: list 49.65pt;\"><!-- [if !supportLists]--><span style=\"font-size: 10.0pt; mso-bidi-font-size: 12.0pt; line-height: 107%; font-family: Symbol; mso-fareast-font-family: Symbol; mso-bidi-font-family: Symbol;\"><span style=\"mso-list: Ignore;\">\u00b7<span style=\"font: 7.0pt 'Times New Roman';\">\u00a0\u00a0\u00a0\u00a0\u00a0\u00a0 <\/span><\/span><\/span><!--[endif]--><span style=\"font-size: 12.0pt; line-height: 107%; font-family: 'Aptos',sans-serif;\">R\u00e9sistance de contact : \u2264 100 m\u03a9<\/span><\/p>\n<p class=\"MsoNormal\" style=\"margin-left: 49.65pt; text-indent: -14.7pt; mso-list: l0 level1 lfo1; tab-stops: list 49.65pt;\"><!-- [if !supportLists]--><span style=\"font-size: 10.0pt; mso-bidi-font-size: 12.0pt; line-height: 107%; font-family: Symbol; mso-fareast-font-family: Symbol; mso-bidi-font-family: Symbol;\"><span style=\"mso-list: Ignore;\">\u00b7<span style=\"font: 7.0pt 'Times New Roman';\">\u00a0\u00a0\u00a0\u00a0\u00a0\u00a0 <\/span><\/span><\/span><!--[endif]--><span style=\"font-size: 12.0pt; line-height: 107%; font-family: 'Aptos',sans-serif;\">R\u00e9sistance d\u2019isolation : \u2265 1000 M\u03a9 \u00e0 500 V DC<\/span><\/p>\n<p class=\"MsoNormal\" style=\"margin-left: 49.65pt; text-indent: -14.7pt; mso-list: l0 level1 lfo1; tab-stops: list 49.65pt;\"><!-- [if !supportLists]--><span style=\"font-size: 10.0pt; mso-bidi-font-size: 12.0pt; line-height: 107%; font-family: Symbol; mso-fareast-font-family: Symbol; mso-bidi-font-family: Symbol;\"><span style=\"mso-list: Ignore;\">\u00b7<span style=\"font: 7.0pt 'Times New Roman';\">\u00a0\u00a0\u00a0\u00a0\u00a0\u00a0 <\/span><\/span><\/span><!--[endif]--><span style=\"font-size: 12.0pt; line-height: 107%; font-family: 'Aptos',sans-serif;\">Tenue di\u00e9lectrique : 750 V AC RMS \u00e0 60 Hz pendant 1 minute<\/span><\/p>\n<p class=\"MsoListParagraph\" style=\"text-indent: -18.0pt; mso-list: l1 level1 lfo2;\"><strong><span style=\"font-size: 12.0pt; line-height: 107%; font-family: 'Aptos',sans-serif; mso-fareast-font-family: Aptos; mso-bidi-font-family: Aptos;\"><span style=\"mso-list: Ignore;\">\u00a0 \u00a0 \u00a0 \u00a0 \u00a0 2.<span style=\"font: 7.0pt 'Times New Roman';\">\u00a0\u00a0\u00a0\u00a0\u00a0 <\/span><\/span><\/span><\/strong><!--[endif]--><strong><span style=\"font-size: 12.0pt; line-height: 107%; font-family: 'Aptos',sans-serif;\">Conditions environnementales<\/span><\/strong><\/p>\n<p class=\"MsoNormal\" style=\"margin-left: 49.65pt; text-indent: -14.7pt; mso-list: l0 level1 lfo1; tab-stops: list 49.65pt;\"><!-- [if !supportLists]--><span style=\"font-size: 10.0pt; mso-bidi-font-size: 12.0pt; line-height: 107%; font-family: Symbol; mso-fareast-font-family: Symbol; mso-bidi-font-family: Symbol;\"><span style=\"mso-list: Ignore;\">\u00b7<span style=\"font: 7.0pt 'Times New Roman';\">\u00a0\u00a0\u00a0\u00a0\u00a0\u00a0 <\/span><\/span><\/span><!--[endif]--><span style=\"font-size: 12.0pt; line-height: 107%; font-family: 'Aptos',sans-serif;\">Temp\u00e9rature de stockage : -40 \u00b0C \u00e0 +85 \u00b0C<\/span><\/p>\n<p class=\"MsoNormal\" style=\"margin-left: 49.65pt; text-indent: -14.7pt; mso-list: l0 level1 lfo1; tab-stops: list 49.65pt;\"><!-- [if !supportLists]--><span style=\"font-size: 10.0pt; mso-bidi-font-size: 12.0pt; line-height: 107%; font-family: Symbol; mso-fareast-font-family: Symbol; mso-bidi-font-family: Symbol;\"><span style=\"mso-list: Ignore;\">\u00b7<span style=\"font: 7.0pt 'Times New Roman';\">\u00a0\u00a0\u00a0\u00a0\u00a0\u00a0 <\/span><\/span><\/span><!--[endif]--><span style=\"font-size: 12.0pt; line-height: 107%; font-family: 'Aptos',sans-serif;\">Temp\u00e9rature de fonctionnement : 0 \u00b0C \u00e0 +70 \u00b0C<\/span><\/p>\n<p class=\"MsoListParagraph\" style=\"text-indent: -18.0pt; mso-list: l1 level1 lfo2;\"><!-- [if !supportLists]--><strong><span style=\"font-size: 12.0pt; line-height: 107%; font-family: 'Aptos',sans-serif; mso-fareast-font-family: Aptos; mso-bidi-font-family: Aptos;\"><span style=\"mso-list: Ignore;\">\u00a0 \u00a0 \u00a0 \u00a0 \u00a03.<span style=\"font: 7.0pt 'Times New Roman';\">\u00a0\u00a0\u00a0\u00a0\u00a0 <\/span><\/span><\/span><\/strong><!--[endif]--><strong><span style=\"font-size: 12.0pt; line-height: 107%; font-family: 'Aptos',sans-serif;\">Mat\u00e9riaux<\/span><\/strong><\/p>\n<p class=\"MsoNormal\" style=\"margin-left: 49.65pt; text-indent: -14.7pt; mso-list: l0 level1 lfo1; tab-stops: list 49.65pt;\"><!-- [if !supportLists]--><span style=\"font-size: 10.0pt; mso-bidi-font-size: 12.0pt; line-height: 107%; font-family: Symbol; mso-fareast-font-family: Symbol; mso-bidi-font-family: Symbol;\"><span style=\"mso-list: Ignore;\">\u00b7<span style=\"font: 7.0pt 'Times New Roman';\">\u00a0\u00a0\u00a0\u00a0\u00a0\u00a0 <\/span><\/span><\/span><!--[endif]--><span style=\"font-size: 12.0pt; line-height: 107%; font-family: 'Aptos',sans-serif;\">Bo\u00eetier : Polycarbonate (PC) haute r\u00e9sistance<\/span><\/p>\n<p class=\"MsoNormal\" style=\"margin-left: 49.65pt; text-indent: -14.7pt; mso-list: l0 level1 lfo1; tab-stops: list 49.65pt;\"><!-- [if !supportLists]--><span style=\"font-size: 10.0pt; mso-bidi-font-size: 12.0pt; line-height: 107%; font-family: Symbol; mso-fareast-font-family: Symbol; mso-bidi-font-family: Symbol;\"><span style=\"mso-list: Ignore;\">\u00b7<span style=\"font: 7.0pt 'Times New Roman';\">\u00a0\u00a0\u00a0\u00a0\u00a0\u00a0 <\/span><\/span><\/span><!--[endif]--><span style=\"font-size: 12.0pt; line-height: 107%; font-family: 'Aptos',sans-serif;\">Insert interne : PBT ignifug\u00e9<\/span><\/p>\n<p class=\"MsoNormal\" style=\"margin-left: 49.65pt; text-indent: -14.7pt; mso-list: l0 level1 lfo1; tab-stops: list 49.65pt;\"><!-- [if !supportLists]--><span style=\"font-size: 10.0pt; mso-bidi-font-size: 12.0pt; line-height: 107%; font-family: Symbol; mso-fareast-font-family: Symbol; mso-bidi-font-family: Symbol;\"><span style=\"mso-list: Ignore;\">\u00b7<span style=\"font: 7.0pt 'Times New Roman';\">\u00a0\u00a0\u00a0\u00a0\u00a0\u00a0 <\/span><\/span><\/span><!--[endif]--><span style=\"font-size: 12.0pt; line-height: 107%; font-family: 'Aptos',sans-serif;\">Circuit imprim\u00e9 (PCB) : FR-4, \u00e9paisseur 1,6 mm<\/span><\/p>\n<p class=\"MsoNormal\" style=\"margin-left: 49.65pt; text-indent: -14.7pt; mso-list: l0 level1 lfo1; tab-stops: list 49.65pt;\"><!-- [if !supportLists]--><span style=\"font-size: 10.0pt; mso-bidi-font-size: 12.0pt; line-height: 107%; font-family: Symbol; mso-fareast-font-family: Symbol; mso-bidi-font-family: Symbol;\"><span style=\"mso-list: Ignore;\">\u00b7<span style=\"font: 7.0pt 'Times New Roman';\">\u00a0\u00a0\u00a0\u00a0\u00a0\u00a0 <\/span><\/span><\/span><!--[endif]--><span style=\"font-size: 12.0pt; line-height: 107%; font-family: 'Aptos',sans-serif;\">Contacts \/ broches RJ45 : Bronze \u00e9tam\u00e9, \u00e9paisseur 0,3 mm<\/span><\/p>\n<p class=\"MsoNormal\" style=\"margin-left: 49.65pt; text-indent: -14.7pt; mso-list: l0 level1 lfo1; tab-stops: list 49.65pt;\"><!-- [if !supportLists]--><span style=\"font-size: 10.0pt; mso-bidi-font-size: 12.0pt; line-height: 107%; font-family: Symbol; mso-fareast-font-family: Symbol; mso-bidi-font-family: Symbol;\"><span style=\"mso-list: Ignore;\">\u00b7<span style=\"font: 7.0pt 'Times New Roman';\">\u00a0\u00a0\u00a0\u00a0\u00a0\u00a0 <\/span><\/span><\/span><!--[endif]--><span style=\"font-size: 12.0pt; line-height: 107%; font-family: 'Aptos',sans-serif;\">Contacts IDC : Bronze \u00e9tam\u00e9, \u00e9paisseur 0,5 mm, avec couche d\u2019\u00e9tain<\/span><\/p>\n<p class=\"MsoListParagraph\" style=\"text-indent: -18.0pt; mso-list: l1 level1 lfo2;\"><!-- [if !supportLists]--><strong><span style=\"font-size: 12.0pt; line-height: 107%; font-family: 'Aptos',sans-serif; mso-fareast-font-family: Aptos; mso-bidi-font-family: Aptos;\"><span style=\"mso-list: Ignore;\">\u00a0 \u00a0 \u00a0 \u00a0 \u00a0 \u00a04.<span style=\"font: 7.0pt 'Times New Roman';\">\u00a0\u00a0\u00a0\u00a0\u00a0 <\/span><\/span><\/span><\/strong><!--[endif]--><strong><span style=\"font-size: 12.0pt; line-height: 107%; font-family: 'Aptos',sans-serif;\">Durabilit\u00e9 et compatibilit\u00e9<\/span><\/strong><\/p>\n<p class=\"MsoNormal\" style=\"margin-left: 49.65pt; text-indent: -14.7pt; mso-list: l0 level1 lfo1; tab-stops: list 49.65pt;\"><!-- [if !supportLists]--><span style=\"font-size: 10.0pt; mso-bidi-font-size: 12.0pt; line-height: 107%; font-family: Symbol; mso-fareast-font-family: Symbol; mso-bidi-font-family: Symbol;\"><span style=\"mso-list: Ignore;\">\u00b7<span style=\"font: 7.0pt 'Times New Roman';\">\u00a0\u00a0\u00a0\u00a0\u00a0\u00a0 <\/span><\/span><\/span><!--[endif]--><span style=\"font-size: 12.0pt; line-height: 107%; font-family: 'Aptos',sans-serif;\">Dur\u00e9e de vie du connecteur RJ45 : \u2265 750 cycles d\u2019insertion<\/span><\/p>\n<p class=\"MsoNormal\" style=\"margin-left: 49.65pt; text-indent: -14.7pt; mso-list: l0 level1 lfo1; tab-stops: list 49.65pt;\"><!-- [if !supportLists]--><span style=\"font-size: 10.0pt; mso-bidi-font-size: 12.0pt; line-height: 107%; font-family: Symbol; mso-fareast-font-family: Symbol; mso-bidi-font-family: Symbol;\"><span style=\"mso-list: Ignore;\">\u00b7<span style=\"font: 7.0pt 'Times New Roman';\">\u00a0\u00a0\u00a0\u00a0\u00a0\u00a0 <\/span><\/span><\/span><!--[endif]--><span style=\"font-size: 12.0pt; line-height: 107%; font-family: 'Aptos',sans-serif;\">Dur\u00e9e de vie des contacts IDC : \u2265 200 cycles de raccordement<\/span><\/p>\n<p class=\"MsoNormal\" style=\"margin-left: 49.65pt; text-indent: -14.7pt; mso-list: l0 level1 lfo1; tab-stops: list 49.65pt;\"><!-- [if !supportLists]--><span style=\"font-size: 10.0pt; mso-bidi-font-size: 12.0pt; line-height: 107%; font-family: Symbol; mso-fareast-font-family: Symbol; mso-bidi-font-family: Symbol;\"><span style=\"mso-list: Ignore;\">\u00b7<span style=\"font: 7.0pt 'Times New Roman';\">\u00a0\u00a0\u00a0\u00a0\u00a0\u00a0 <\/span><\/span><\/span><!--[endif]--><span style=\"font-size: 12.0pt; line-height: 107%; font-family: 'Aptos',sans-serif;\">Compatibilit\u00e9 des c\u00e2bles : AWG 22 \u00e0 26<\/span><\/p>","protected":false},"excerpt":{"rendered":"<p class=\"MsoNormal\" style=\"text-align: justify; line-height: 150%;\"><span style=\"font-size: 12.0pt; line-height: 150%; font-family: 'Aptos',sans-serif;\">Ce connecteur RJ45 Cat. 6 sans outil est con\u00e7u pour une installation simple et rapide, sans avoir besoin de pinces ou d&#8217;outils sp\u00e9cifiques. Il permet des performances r\u00e9seau allant jusqu&#8217;\u00e0 1 Gbps. Son design \u00e0 180 degr\u00e9s facilite l&#8217;int\u00e9gration dans des espaces confin\u00e9s tout en garantissant une connexion fiable et stable pour les r\u00e9seaux domestiques et professionnels.<\/span><\/p>","protected":false},"featured_media":5135,"comment_status":"open","ping_status":"closed","template":"","meta":{"om_disable_all_campaigns":false,"_monsterinsights_skip_tracking":false,"_monsterinsights_sitenote_active":false,"_monsterinsights_sitenote_note":"","_monsterinsights_sitenote_category":0},"product_cat":[211],"product_tag":[],"class_list":{"0":"post-297","1":"product","2":"type-product","3":"status-publish","4":"has-post-thumbnail","6":"product_cat-keystone-rj45","7":"ts_product_brand-mazda","9":"first","10":"instock","11":"shipping-taxable","12":"product-type-simple","13":"add-to-wishlist-after_add_to_cart"},"aioseo_notices":[],"_links":{"self":[{"href":"https:\/\/spider-lan.com\/en\/wp-json\/wp\/v2\/product\/297","targetHints":{"allow":["GET"]}}],"collection":[{"href":"https:\/\/spider-lan.com\/en\/wp-json\/wp\/v2\/product"}],"about":[{"href":"https:\/\/spider-lan.com\/en\/wp-json\/wp\/v2\/types\/product"}],"replies":[{"embeddable":true,"href":"https:\/\/spider-lan.com\/en\/wp-json\/wp\/v2\/comments?post=297"}],"wp:featuredmedia":[{"embeddable":true,"href":"https:\/\/spider-lan.com\/en\/wp-json\/wp\/v2\/media\/5135"}],"wp:attachment":[{"href":"https:\/\/spider-lan.com\/en\/wp-json\/wp\/v2\/media?parent=297"}],"wp:term":[{"taxonomy":"product_cat","embeddable":true,"href":"https:\/\/spider-lan.com\/en\/wp-json\/wp\/v2\/product_cat?post=297"},{"taxonomy":"product_tag","embeddable":true,"href":"https:\/\/spider-lan.com\/en\/wp-json\/wp\/v2\/product_tag?post=297"}],"curies":[{"name":"wp","href":"https:\/\/api.w.org\/{rel}","templated":true}]}}