{"id":3578,"date":"2022-04-19T21:57:46","date_gmt":"2022-04-19T14:57:46","guid":{"rendered":"http:\/\/spider-lan.com\/?post_type=product&#038;p=3578"},"modified":"2026-01-20T10:13:25","modified_gmt":"2026-01-20T09:13:25","slug":"panneau-de-brassage-19-1u-cat6a-ftp","status":"publish","type":"product","link":"https:\/\/spider-lan.com\/en\/product\/panneau-de-brassage-19-1u-cat6a-ftp\/","title":{"rendered":"Panneau de brassage 19\u2019\u2019 1U non \u00e9quip\u00e9"},"content":{"rendered":"<p><strong><span class=\"a_GcMg font-feature-liga-off font-feature-clig-off font-feature-calt-off text-decoration-none text-strikethrough-none\" style=\"color: #003172;\"> Caract\u00e9ristiques techniques :<\/span><\/strong><\/p>\n<ul>\n<li><span class=\"a_GcMg font-feature-liga-off font-feature-clig-off font-feature-calt-off text-decoration-none text-strikethrough-none\">Cadre du panneau en acier SPCC de haute qualit\u00e9, type 2 pi\u00e8ces, panneau avant avec finition en poudre plastique noire mate, panneau arri\u00e8re et barre arri\u00e8re plaqu\u00e9s.<\/span><\/li>\n<li><span class=\"a_GcMg font-feature-liga-off font-feature-clig-off font-feature-calt-off text-decoration-none text-strikethrough-none\">Ports avant avec s\u00e9rigraphie claire et soign\u00e9e, ports standards compatibles avec la plupart des modules standards.<\/span><\/li>\n<li><span class=\"a_GcMg font-feature-liga-off font-feature-clig-off font-feature-calt-off text-decoration-none text-strikethrough-none\">Barre arri\u00e8re int\u00e9gr\u00e9e pour une gestion optimale des c\u00e2bles, r\u00e9duisant la tension des c\u00e2bles et rendant le syst\u00e8me de c\u00e2blage plus stable et clair.<\/span><\/li>\n<li><span class=\"a_GcMg font-feature-liga-off font-feature-clig-off font-feature-calt-off text-decoration-none text-strikethrough-none\">\u00c9quip\u00e9 de prises Keystone FTP en fonte de zinc pour une haute fonction de blindage sans interf\u00e9rences \u00e9lectromagn\u00e9tiques externes.<\/span><\/li>\n<li><span class=\"a_GcMg font-feature-liga-off font-feature-clig-off font-feature-calt-off text-decoration-none text-strikethrough-none\">Panneau arri\u00e8re avec fil de terre pour garantir la s\u00e9curit\u00e9.<\/span><\/li>\n<li><span class=\"a_GcMg font-feature-liga-off font-feature-clig-off font-feature-calt-off text-decoration-none text-strikethrough-none\">Application standard 19&#8243; facilitant l&#8217;assemblage, la maintenance et la mise \u00e0 niveau.<\/span><\/li>\n<\/ul>\n<p><strong><span class=\"a_GcMg font-feature-liga-off font-feature-clig-off font-feature-calt-off text-decoration-none text-strikethrough-none\" style=\"color: #003172;\">Caract\u00e9ristiques Physiques:<\/span><\/strong><\/p>\n<ul>\n<li><span class=\"a_GcMg font-feature-liga-off font-feature-clig-off font-feature-calt-off text-decoration-none text-strikethrough-none\">Cadre du panneau en acier SPCC de haute qualit\u00e9, panneau avant et couvercle en finition poudre plastique.<\/span><\/li>\n<li><span class=\"a_GcMg font-feature-liga-off font-feature-clig-off font-feature-calt-off text-decoration-none text-strikethrough-none\">Temp\u00e9rature de fonctionnement : -20 \u00baC \u00e0 65 \u00baC<\/span><\/li>\n<\/ul>\n<p><strong><span class=\"a_GcMg font-feature-liga-off font-feature-clig-off font-feature-calt-off text-decoration-none text-strikethrough-none\" style=\"color: #003172;\">Normes:<\/span><\/strong><\/p>\n<ul>\n<li><span class=\"a_GcMg font-feature-liga-off font-feature-clig-off font-feature-calt-off text-decoration-none text-strikethrough-none\">ISO\/IEC 11801<\/span><\/li>\n<li><span class=\"a_GcMg font-feature-liga-off font-feature-clig-off font-feature-calt-off text-decoration-none text-strikethrough-none\">TIA\/EIA-568B.2-1<\/span><\/li>\n<li><span class=\"a_GcMg font-feature-liga-off font-feature-clig-off font-feature-calt-off text-decoration-none text-strikethrough-none\">EN50173<\/span><\/li>\n<li><span class=\"a_GcMg font-feature-liga-off font-feature-clig-off font-feature-calt-off text-decoration-none text-strikethrough-none\">UL 94V-0<\/span><\/li>\n<\/ul>","protected":false},"excerpt":{"rendered":"<p style=\"text-align: justify;\"><span class=\"a_GcMg font-feature-liga-off font-feature-clig-off font-feature-calt-off text-decoration-none text-strikethrough-none\">Ce panneau de brassage 19\u2019\u2019 1U non \u00e9quip\u00e9 est con\u00e7u pour organiser et g\u00e9rer les c\u00e2bles dans un rack de 19 pouces. Avec une hauteur de 1U, il permet une installation flexible des \u00e9quipements de r\u00e9seau. Ce panneau sert de point central pour le c\u00e2blage, facilitant la gestion et la maintenance des connexions r\u00e9seau. Il est id\u00e9al pour les installations professionnelles n\u00e9cessitant une personnalisation<\/span><\/p>","protected":false},"featured_media":5167,"comment_status":"open","ping_status":"closed","template":"","meta":{"om_disable_all_campaigns":false,"_monsterinsights_skip_tracking":false,"_monsterinsights_sitenote_active":false,"_monsterinsights_sitenote_note":"","_monsterinsights_sitenote_category":0},"product_cat":[212],"product_tag":[],"class_list":{"0":"post-3578","1":"product","2":"type-product","3":"status-publish","4":"has-post-thumbnail","6":"product_cat-panneaux-de-brassage","8":"first","9":"instock","10":"shipping-taxable","11":"product-type-simple","12":"add-to-wishlist-after_add_to_cart"},"aioseo_notices":[],"_links":{"self":[{"href":"https:\/\/spider-lan.com\/en\/wp-json\/wp\/v2\/product\/3578","targetHints":{"allow":["GET"]}}],"collection":[{"href":"https:\/\/spider-lan.com\/en\/wp-json\/wp\/v2\/product"}],"about":[{"href":"https:\/\/spider-lan.com\/en\/wp-json\/wp\/v2\/types\/product"}],"replies":[{"embeddable":true,"href":"https:\/\/spider-lan.com\/en\/wp-json\/wp\/v2\/comments?post=3578"}],"wp:featuredmedia":[{"embeddable":true,"href":"https:\/\/spider-lan.com\/en\/wp-json\/wp\/v2\/media\/5167"}],"wp:attachment":[{"href":"https:\/\/spider-lan.com\/en\/wp-json\/wp\/v2\/media?parent=3578"}],"wp:term":[{"taxonomy":"product_cat","embeddable":true,"href":"https:\/\/spider-lan.com\/en\/wp-json\/wp\/v2\/product_cat?post=3578"},{"taxonomy":"product_tag","embeddable":true,"href":"https:\/\/spider-lan.com\/en\/wp-json\/wp\/v2\/product_tag?post=3578"}],"curies":[{"name":"wp","href":"https:\/\/api.w.org\/{rel}","templated":true}]}}