{"id":5361,"date":"2025-10-17T11:50:59","date_gmt":"2025-10-17T09:50:59","guid":{"rendered":"https:\/\/spider-lan.com\/?post_type=product&#038;p=5361"},"modified":"2026-01-20T09:00:40","modified_gmt":"2026-01-20T08:00:40","slug":"plug-rj45-cat6-utp","status":"publish","type":"product","link":"https:\/\/spider-lan.com\/en\/product\/plug-rj45-cat6-utp\/","title":{"rendered":"RJ45 Cat6 UTP Plug"},"content":{"rendered":"<p class=\"MsoNormal\" style=\"text-align: justify; line-height: 150%;\"><strong><span style=\"font-size: 14.0pt; line-height: 150%; font-family: 'Aptos',sans-serif; color: #004e9a;\">Mat\u00e9riaux<\/span><\/strong><\/p>\n<ul style=\"margin-top: 0cm;\" type=\"disc\">\n<li class=\"MsoNormal\" style=\"text-align: justify; line-height: 150%; mso-list: l4 level1 lfo1; tab-stops: list 36.0pt;\"><span style=\"font-size: 12.0pt; line-height: 150%; font-family: 'Aptos',sans-serif;\">Corps : PC (Polycarbonate vierge)<\/span><\/li>\n<li class=\"MsoNormal\" style=\"text-align: justify; line-height: 150%; mso-list: l4 level1 lfo1; tab-stops: list 36.0pt;\"><span style=\"font-size: 12.0pt; line-height: 150%; font-family: 'Aptos',sans-serif;\">Contacts : Plaqu\u00e9or50\u00b5m<\/span><\/li>\n<\/ul>\n<p class=\"MsoNormal\" style=\"text-align: justify; line-height: 150%;\"><strong><span style=\"font-size: 14.0pt; line-height: 150%; font-family: 'Aptos',sans-serif; color: #004e9a;\">Caract\u00e9ristiques \u00e9lectriques<\/span><\/strong><\/p>\n<ul style=\"margin-top: 0cm;\" type=\"disc\">\n<li class=\"MsoNormal\" style=\"text-align: justify; line-height: 150%; mso-list: l1 level1 lfo2; tab-stops: list 36.0pt;\"><span style=\"font-size: 12.0pt; line-height: 150%; font-family: 'Aptos',sans-serif;\">Cat\u00e9gorie r\u00e9seau : Cat 6<\/span><\/li>\n<li class=\"MsoNormal\" style=\"text-align: justify; line-height: 150%; mso-list: l1 level1 lfo2; tab-stops: list 36.0pt;\"><span style=\"font-size: 12.0pt; line-height: 150%; font-family: 'Aptos',sans-serif;\">Rigidit\u00e9 di\u00e9lectrique (1 min \/ 60 Hz) :<\/span><\/li>\n<\/ul>\n<p class=\"MsoNormal\" style=\"margin-left: 72.0pt; text-align: justify; text-indent: -18.0pt; line-height: 150%; mso-list: l2 level2 lfo6;\"><!-- [if !supportLists]--><span style=\"font-size: 12.0pt; line-height: 150%; font-family: Wingdings; mso-fareast-font-family: Wingdings; mso-bidi-font-family: Wingdings;\"><span style=\"mso-list: Ignore;\">v<span style=\"font: 7.0pt 'Times New Roman';\">\u00a0 <\/span><\/span><\/span><!--[endif]--><span style=\"font-size: 12.0pt; line-height: 150%; font-family: 'Aptos',sans-serif;\">Contact \u00e0 contact : \u2265 1000 V<\/span><\/p>\n<p class=\"MsoNormal\" style=\"margin-left: 72.0pt; text-align: justify; text-indent: -18.0pt; line-height: 150%; mso-list: l2 level2 lfo6;\"><!-- [if !supportLists]--><span style=\"font-size: 12.0pt; line-height: 150%; font-family: Wingdings; mso-fareast-font-family: Wingdings; mso-bidi-font-family: Wingdings;\"><span style=\"mso-list: Ignore;\">v<span style=\"font: 7.0pt 'Times New Roman';\">\u00a0 <\/span><\/span><\/span><!--[endif]--><span style=\"font-size: 12.0pt; line-height: 150%; font-family: 'Aptos',sans-serif;\">Contact \u00e0 blindage : \u2265 1500 V<\/span><\/p>\n<ul style=\"margin-top: 0cm;\" type=\"disc\">\n<li class=\"MsoNormal\" style=\"text-align: justify; line-height: 150%; mso-list: l1 level1 lfo2; tab-stops: list 36.0pt;\"><span style=\"font-size: 12.0pt; line-height: 150%; font-family: 'Aptos',sans-serif;\">R\u00e9sistance d\u2019isolement : \u2265 500 M\u03a9<\/span><\/li>\n<li class=\"MsoNormal\" style=\"text-align: justify; line-height: 150%; mso-list: l1 level1 lfo2; tab-stops: list 36.0pt;\"><span style=\"font-size: 12.0pt; line-height: 150%; font-family: 'Aptos',sans-serif;\">R\u00e9sistance de contact : \u2264 20 m\u03a9<\/span><\/li>\n<li class=\"MsoNormal\" style=\"text-align: justify; line-height: 150%; mso-list: l1 level1 lfo2; tab-stops: list 36.0pt;\"><span style=\"font-size: 12.0pt; line-height: 150%; font-family: 'Aptos',sans-serif;\">Courant maximal : 2 A maxi \u00e0 50 \u00b0C<\/span><\/li>\n<\/ul>\n<p class=\"MsoNormal\" style=\"text-align: justify; line-height: 150%;\"><strong><span style=\"font-size: 14.0pt; line-height: 150%; font-family: 'Aptos',sans-serif; color: #004e9a;\">Caract\u00e9ristiques m\u00e9caniques<\/span><\/strong><\/p>\n<ul style=\"margin-top: 0cm;\" type=\"disc\">\n<li class=\"MsoNormal\" style=\"text-align: justify; line-height: 150%; mso-list: l3 level1 lfo3; tab-stops: list 36.0pt;\"><span style=\"font-size: 12.0pt; line-height: 150%; font-family: 'Aptos',sans-serif;\">Dur\u00e9e de vie : \u2265 2000 cycles d\u2019insertion \/ extraction<\/span><\/li>\n<li class=\"MsoNormal\" style=\"text-align: justify; line-height: 150%; mso-list: l3 level1 lfo3; tab-stops: list 36.0pt;\"><span style=\"font-size: 12.0pt; line-height: 150%; font-family: 'Aptos',sans-serif;\">Type de conducteur : Monobrin et multibrin<\/span><\/li>\n<li class=\"MsoNormal\" style=\"text-align: justify; line-height: 150%; mso-list: l3 level1 lfo3; tab-stops: list 36.0pt;\"><span style=\"font-size: 12.0pt; line-height: 150%; font-family: 'Aptos',sans-serif;\">Diam\u00e8tre d\u2019isolant compatible : \u00d8 0,8 \u00e0 1,00 mm<\/span><\/li>\n<li class=\"MsoNormal\" style=\"text-align: justify; line-height: 150%; mso-list: l3 level1 lfo3; tab-stops: list 36.0pt;\"><span style=\"font-size: 12.0pt; line-height: 150%; font-family: 'Aptos',sans-serif;\">Diam\u00e8tre de c\u00e2ble accept\u00e9 : \u00d8 4,5 \u00e0 6,1 mm<\/span><\/li>\n<\/ul>\n<p class=\"MsoNormal\" style=\"text-align: justify; line-height: 150%;\"><strong><span style=\"font-size: 14.0pt; line-height: 150%; font-family: 'Aptos',sans-serif; color: #004e9a;\">Caract\u00e9ristiques thermiques<\/span><\/strong><\/p>\n<ul style=\"margin-top: 0cm;\" type=\"disc\">\n<li class=\"MsoNormal\" style=\"text-align: justify; line-height: 150%; mso-list: l5 level1 lfo4; tab-stops: list 36.0pt;\"><span style=\"font-size: 12.0pt; line-height: 150%; font-family: 'Aptos',sans-serif;\">Temp\u00e9rature de stockage : -40 \u00b0C \u00e0 +70 \u00b0C<\/span><\/li>\n<li class=\"MsoNormal\" style=\"text-align: justify; line-height: 150%; mso-list: l5 level1 lfo4; tab-stops: list 36.0pt;\"><span style=\"font-size: 12.0pt; line-height: 150%; font-family: 'Aptos',sans-serif;\">Temp\u00e9rature de fonctionnement : -10 \u00b0C \u00e0 +70 \u00b0C<\/span><\/li>\n<\/ul>\n<p class=\"MsoNormal\" style=\"text-align: justify; line-height: 150%;\"><strong><span style=\"font-size: 14.0pt; line-height: 150%; font-family: 'Aptos',sans-serif; color: #004e9a;\">Normes &amp; conformit\u00e9<\/span><\/strong><\/p>\n<ul style=\"margin-top: 0cm;\" type=\"disc\">\n<li class=\"MsoNormal\" style=\"text-align: justify; line-height: 150%; mso-list: l0 level1 lfo5; tab-stops: list 36.0pt;\"><span style=\"font-size: 12.0pt; line-height: 150%; font-family: 'Aptos',sans-serif;\">ISO\/IEC 11801<\/span><\/li>\n<li class=\"MsoNormal\" style=\"text-align: justify; line-height: 150%; mso-list: l0 level1 lfo5; tab-stops: list 36.0pt;\"><span style=\"font-size: 12.0pt; line-height: 150%; font-family: 'Aptos',sans-serif;\">EIA\/TIA 568-C.2<\/span><\/li>\n<li class=\"MsoNormal\" style=\"text-align: justify; line-height: 150%; mso-list: l0 level1 lfo5; tab-stops: list 36.0pt;\"><span style=\"font-size: 12.0pt; line-height: 150%; font-family: 'Aptos',sans-serif;\">IEC 60603-7-51<\/span><\/li>\n<\/ul>","protected":false},"excerpt":{"rendered":"<p class=\"MsoNormal\" style=\"text-align: justify; line-height: 150%;\"><span style=\"font-size: 12.0pt; line-height: 150%; font-family: 'Aptos',sans-serif;\">Le <strong>plug RJ45 Cat6 UTP<\/strong>\u00a0est con\u00e7u pour les installations r\u00e9seau Ethernet n\u00e9cessitant une connexion fiable et \u00e9conomique. Adapt\u00e9 aux c\u00e2bles non blind\u00e9s (UTP), il convient parfaitement aux environnements \u00e0 faible interf\u00e9rence \u00e9lectromagn\u00e9tique, tels que les bureaux, locaux r\u00e9sidentiels et installations tertiaires.<\/span><\/p>\n<p class=\"MsoNormal\" style=\"text-align: justify; line-height: 150%;\"><span style=\"font-size: 12.0pt; line-height: 150%; font-family: 'Aptos',sans-serif;\">Gr\u00e2ce \u00e0 ses contacts plaqu\u00e9s or 50 \u00b5m, ce connecteur garantit une excellente conductivit\u00e9 et une longue dur\u00e9e de vie, aussi bien avec des conducteurs monobrins que multibrins.<\/span><\/p>","protected":false},"featured_media":5356,"comment_status":"open","ping_status":"closed","template":"","meta":{"om_disable_all_campaigns":false,"_monsterinsights_skip_tracking":false,"_monsterinsights_sitenote_active":false,"_monsterinsights_sitenote_note":"","_monsterinsights_sitenote_category":0},"product_cat":[218],"product_tag":[],"class_list":{"0":"post-5361","1":"product","2":"type-product","3":"status-publish","4":"has-post-thumbnail","6":"product_cat-plugs-rj45","8":"first","9":"instock","10":"shipping-taxable","11":"product-type-simple","12":"add-to-wishlist-after_add_to_cart"},"aioseo_notices":[],"_links":{"self":[{"href":"https:\/\/spider-lan.com\/en\/wp-json\/wp\/v2\/product\/5361","targetHints":{"allow":["GET"]}}],"collection":[{"href":"https:\/\/spider-lan.com\/en\/wp-json\/wp\/v2\/product"}],"about":[{"href":"https:\/\/spider-lan.com\/en\/wp-json\/wp\/v2\/types\/product"}],"replies":[{"embeddable":true,"href":"https:\/\/spider-lan.com\/en\/wp-json\/wp\/v2\/comments?post=5361"}],"wp:featuredmedia":[{"embeddable":true,"href":"https:\/\/spider-lan.com\/en\/wp-json\/wp\/v2\/media\/5356"}],"wp:attachment":[{"href":"https:\/\/spider-lan.com\/en\/wp-json\/wp\/v2\/media?parent=5361"}],"wp:term":[{"taxonomy":"product_cat","embeddable":true,"href":"https:\/\/spider-lan.com\/en\/wp-json\/wp\/v2\/product_cat?post=5361"},{"taxonomy":"product_tag","embeddable":true,"href":"https:\/\/spider-lan.com\/en\/wp-json\/wp\/v2\/product_tag?post=5361"}],"curies":[{"name":"wp","href":"https:\/\/api.w.org\/{rel}","templated":true}]}}