{"id":5368,"date":"2025-10-14T12:01:46","date_gmt":"2025-10-14T10:01:46","guid":{"rendered":"https:\/\/spider-lan.com\/?post_type=product&#038;p=5368"},"modified":"2026-01-20T10:12:14","modified_gmt":"2026-01-20T09:12:14","slug":"panneau-de-brassage-ftp-cat6a-48-ports","status":"publish","type":"product","link":"https:\/\/spider-lan.com\/en\/product\/panneau-de-brassage-ftp-cat6a-48-ports\/","title":{"rendered":"CAT6A FTP Patch Panel \u2013 48 Ports"},"content":{"rendered":"<p class=\"MsoNormal\" style=\"text-align: justify; line-height: 150%;\"><strong><span style=\"font-size: 14.0pt; line-height: 150%; font-family: 'Aptos',sans-serif; color: #004e9a;\">Caract\u00e9ristiques principales <\/span><\/strong><\/p>\n<p class=\"MsoNormal\" style=\"text-align: justify; line-height: 150%;\"><strong><span style=\"font-size: 12.0pt; line-height: 150%; font-family: 'Aptos',sans-serif;\">1. Caract\u00e9ristiques techniques<\/span><\/strong><\/p>\n<ul style=\"margin-top: 0cm;\" type=\"disc\">\n<li class=\"MsoNormal\" style=\"text-align: justify; line-height: 150%; mso-list: l1 level1 lfo1; tab-stops: list 36.0pt;\"><span style=\"font-size: 12.0pt; line-height: 150%; font-family: 'Aptos',sans-serif;\">Ch\u00e2ssis du panneau :<\/span><\/li>\n<\/ul>\n<p class=\"MsoNormal\" style=\"margin-left: 72.0pt; text-align: justify; text-indent: -18.0pt; line-height: 150%; mso-list: l0 level2 lfo4;\"><!-- [if !supportLists]--><span style=\"font-size: 12.0pt; line-height: 150%; font-family: Wingdings; mso-fareast-font-family: Wingdings; mso-bidi-font-family: Wingdings;\"><span style=\"mso-list: Ignore;\">v<span style=\"font: 7.0pt 'Times New Roman';\">\u00a0 <\/span><\/span><\/span><!--[endif]--><span style=\"font-size: 12.0pt; line-height: 150%; font-family: 'Aptos',sans-serif;\">Acier lamin\u00e9 \u00e0 froid SPCC de haute qualit\u00e9<\/span><\/p>\n<p class=\"MsoNormal\" style=\"margin-left: 72.0pt; text-align: justify; text-indent: -18.0pt; line-height: 150%; mso-list: l0 level2 lfo4;\"><!-- [if !supportLists]--><span style=\"font-size: 12.0pt; line-height: 150%; font-family: Wingdings; mso-fareast-font-family: Wingdings; mso-bidi-font-family: Wingdings;\"><span style=\"mso-list: Ignore;\">v<span style=\"font: 7.0pt 'Times New Roman';\">\u00a0 <\/span><\/span><\/span><!--[endif]--><span style=\"font-size: 12.0pt; line-height: 150%; font-family: 'Aptos',sans-serif;\">\u00c9paisseur : 1,5 mm<\/span><\/p>\n<p class=\"MsoNormal\" style=\"margin-left: 72.0pt; text-align: justify; text-indent: -18.0pt; line-height: 150%; mso-list: l0 level2 lfo4;\"><!-- [if !supportLists]--><span style=\"font-size: 12.0pt; line-height: 150%; font-family: Wingdings; mso-fareast-font-family: Wingdings; mso-bidi-font-family: Wingdings;\"><span style=\"mso-list: Ignore;\">v<span style=\"font: 7.0pt 'Times New Roman';\">\u00a0 <\/span><\/span><\/span><!--[endif]--><span style=\"font-size: 12.0pt; line-height: 150%; font-family: 'Aptos',sans-serif;\">Traitement de surface : nickelage pour un aspect soign\u00e9, une mise \u00e0 la terre efficace et une protection anticorrosion<\/span><\/p>\n<ul style=\"margin-top: 0cm;\" type=\"disc\">\n<li class=\"MsoNormal\" style=\"text-align: justify; line-height: 150%; mso-list: l1 level1 lfo1; tab-stops: list 36.0pt;\"><span style=\"font-size: 12.0pt; line-height: 150%; font-family: 'Aptos',sans-serif;\">Barre arri\u00e8re (Back Bar) :<\/span><\/li>\n<\/ul>\n<p class=\"MsoNormal\" style=\"margin-left: 72.0pt; text-align: justify; text-indent: -18.0pt; line-height: 150%; mso-list: l0 level2 lfo4; tab-stops: list 72.0pt;\"><!-- [if !supportLists]--><span style=\"font-size: 12.0pt; line-height: 150%; font-family: Wingdings; mso-fareast-font-family: Wingdings; mso-bidi-font-family: Wingdings;\"><span style=\"mso-list: Ignore;\">v<span style=\"font: 7.0pt 'Times New Roman';\">\u00a0 <\/span><\/span><\/span><!--[endif]--><span style=\"font-size: 12.0pt; line-height: 150%; font-family: 'Aptos',sans-serif;\">Acier SPCC haute r\u00e9sistance \u2013 \u00e9paisseur 1,5 mm<\/span><\/p>\n<p class=\"MsoNormal\" style=\"margin-left: 72.0pt; text-align: justify; text-indent: -18.0pt; line-height: 150%; mso-list: l0 level2 lfo4; tab-stops: list 72.0pt;\"><!-- [if !supportLists]--><span style=\"font-size: 12.0pt; line-height: 150%; font-family: Wingdings; mso-fareast-font-family: Wingdings; mso-bidi-font-family: Wingdings;\"><span style=\"mso-list: Ignore;\">v<span style=\"font: 7.0pt 'Times New Roman';\">\u00a0 <\/span><\/span><\/span><!--[endif]--><span style=\"font-size: 12.0pt; line-height: 150%; font-family: 'Aptos',sans-serif;\">Support pliable et amovible, permettant une r\u00e9duction du volume d\u2019emballage<\/span><\/p>\n<p class=\"MsoNormal\" style=\"margin-left: 72.0pt; text-align: justify; text-indent: -18.0pt; line-height: 150%; mso-list: l0 level2 lfo4; tab-stops: list 72.0pt;\"><!-- [if !supportLists]--><span style=\"font-size: 12.0pt; line-height: 150%; font-family: Wingdings; mso-fareast-font-family: Wingdings; mso-bidi-font-family: Wingdings;\"><span style=\"mso-list: Ignore;\">v<span style=\"font: 7.0pt 'Times New Roman';\">\u00a0 <\/span><\/span><\/span><!--[endif]--><span style=\"font-size: 12.0pt; line-height: 150%; font-family: 'Aptos',sans-serif;\">Clips plastiques ind\u00e9pendants pour une gestion de c\u00e2blage propre, ordonn\u00e9e et esth\u00e9tique<\/span><\/p>\n<ul style=\"margin-top: 0cm;\" type=\"disc\">\n<li class=\"MsoNormal\" style=\"text-align: justify; line-height: 150%; mso-list: l1 level1 lfo1; tab-stops: list 36.0pt;\"><span style=\"font-size: 12.0pt; line-height: 150%; font-family: 'Aptos',sans-serif;\">Ports et compatibilit\u00e9 :<\/span><\/li>\n<\/ul>\n<p class=\"MsoNormal\" style=\"margin-left: 72.0pt; text-align: justify; text-indent: -18.0pt; line-height: 150%; mso-list: l0 level2 lfo4; tab-stops: list 72.0pt;\"><!-- [if !supportLists]--><span style=\"font-size: 12.0pt; line-height: 150%; font-family: Wingdings; mso-fareast-font-family: Wingdings; mso-bidi-font-family: Wingdings;\"><span style=\"mso-list: Ignore;\">v<span style=\"font: 7.0pt 'Times New Roman';\">\u00a0 <\/span><\/span><\/span><!--[endif]--><span style=\"font-size: 12.0pt; line-height: 150%; font-family: 'Aptos',sans-serif;\">48 ports RJ45 FTP CAT6A<\/span><\/p>\n<p class=\"MsoNormal\" style=\"margin-left: 72.0pt; text-align: justify; text-indent: -18.0pt; line-height: 150%; mso-list: l0 level2 lfo4; tab-stops: list 72.0pt;\"><!-- [if !supportLists]--><span style=\"font-size: 12.0pt; line-height: 150%; font-family: Wingdings; mso-fareast-font-family: Wingdings; mso-bidi-font-family: Wingdings;\"><span style=\"mso-list: Ignore;\">v<span style=\"font: 7.0pt 'Times New Roman';\">\u00a0 <\/span><\/span><\/span><!--[endif]--><span style=\"font-size: 12.0pt; line-height: 150%; font-family: 'Aptos',sans-serif;\">Compatible avec keystones FTP Cat6A en alliage de zinc moul\u00e9<\/span><\/p>\n<p class=\"MsoNormal\" style=\"margin-left: 72.0pt; text-align: justify; text-indent: -18.0pt; line-height: 150%; mso-list: l0 level2 lfo4; tab-stops: list 72.0pt;\"><!-- [if !supportLists]--><span style=\"font-size: 12.0pt; line-height: 150%; font-family: Wingdings; mso-fareast-font-family: Wingdings; mso-bidi-font-family: Wingdings;\"><span style=\"mso-list: Ignore;\">v<span style=\"font: 7.0pt 'Times New Roman';\">\u00a0 <\/span><\/span><\/span><!--[endif]--><span style=\"font-size: 12.0pt; line-height: 150%; font-family: 'Aptos',sans-serif;\">Blindage renforc\u00e9 assurant une excellente protection contre les interf\u00e9rences \u00e9lectromagn\u00e9tiques externes<\/span><\/p>\n<ul style=\"margin-top: 0cm;\" type=\"disc\">\n<li class=\"MsoNormal\" style=\"text-align: justify; line-height: 150%; mso-list: l1 level1 lfo1; tab-stops: list 36.0pt;\"><span style=\"font-size: 12.0pt; line-height: 150%; font-family: 'Aptos',sans-serif;\">Format et ergonomie :<\/span><\/li>\n<\/ul>\n<p class=\"MsoNormal\" style=\"margin-left: 72.0pt; text-align: justify; text-indent: -18.0pt; line-height: 150%; mso-list: l0 level2 lfo4; tab-stops: list 72.0pt;\"><!-- [if !supportLists]--><span style=\"font-size: 12.0pt; line-height: 150%; font-family: Wingdings; mso-fareast-font-family: Wingdings; mso-bidi-font-family: Wingdings;\"><span style=\"mso-list: Ignore;\">v<span style=\"font: 7.0pt 'Times New Roman';\">\u00a0 <\/span><\/span><\/span><!--[endif]--><span style=\"font-size: 12.0pt; line-height: 150%; font-family: 'Aptos',sans-serif;\">Format rack 19 pouces<\/span><\/p>\n<p class=\"MsoNormal\" style=\"margin-left: 72.0pt; text-align: justify; text-indent: -18.0pt; line-height: 150%; mso-list: l0 level2 lfo4; tab-stops: list 72.0pt;\"><!-- [if !supportLists]--><span style=\"font-size: 12.0pt; line-height: 150%; font-family: Wingdings; mso-fareast-font-family: Wingdings; mso-bidi-font-family: Wingdings;\"><span style=\"mso-list: Ignore;\">v<span style=\"font: 7.0pt 'Times New Roman';\">\u00a0 <\/span><\/span><\/span><!--[endif]--><span style=\"font-size: 12.0pt; line-height: 150%; font-family: 'Aptos',sans-serif;\">Hauteur : 2U<\/span><\/p>\n<p class=\"MsoNormal\" style=\"margin-left: 72.0pt; text-align: justify; text-indent: -18.0pt; line-height: 150%; mso-list: l0 level2 lfo4; tab-stops: list 72.0pt;\"><!-- [if !supportLists]--><span style=\"font-size: 12.0pt; line-height: 150%; font-family: Wingdings; mso-fareast-font-family: Wingdings; mso-bidi-font-family: Wingdings;\"><span style=\"mso-list: Ignore;\">v<span style=\"font: 7.0pt 'Times New Roman';\">\u00a0 <\/span><\/span><\/span><!--[endif]--><span style=\"font-size: 12.0pt; line-height: 150%; font-family: 'Aptos',sans-serif;\">Porte-\u00e9tiquette transparent, clair et esth\u00e9tique<\/span><\/p>\n<p class=\"MsoNormal\" style=\"margin-left: 72.0pt; text-align: justify; text-indent: -18.0pt; line-height: 150%; mso-list: l0 level2 lfo4; tab-stops: list 72.0pt;\"><!-- [if !supportLists]--><span style=\"font-size: 12.0pt; line-height: 150%; font-family: Wingdings; mso-fareast-font-family: Wingdings; mso-bidi-font-family: Wingdings;\"><span style=\"mso-list: Ignore;\">v<span style=\"font: 7.0pt 'Times New Roman';\">\u00a0 <\/span><\/span><\/span><!--[endif]--><span style=\"font-size: 12.0pt; line-height: 150%; font-family: 'Aptos',sans-serif;\">Extraction facile de l\u2019\u00e9tiquette par simple pression pour identification et rep\u00e9rage des ports<\/span><\/p>\n<p class=\"MsoNormal\" style=\"text-align: justify; line-height: 150%;\"><strong><span style=\"font-size: 12.0pt; line-height: 150%; font-family: 'Aptos',sans-serif;\">2. Caract\u00e9ristiques physiques<\/span><\/strong><\/p>\n<ul style=\"margin-top: 0cm;\" type=\"disc\">\n<li class=\"MsoNormal\" style=\"text-align: justify; line-height: 150%; mso-list: l2 level1 lfo2; tab-stops: list 36.0pt;\"><span style=\"font-size: 12.0pt; line-height: 150%; font-family: 'Aptos',sans-serif;\">Mat\u00e9riaux :<\/span><\/li>\n<\/ul>\n<p class=\"MsoNormal\" style=\"margin-left: 72.0pt; text-align: justify; text-indent: -18.0pt; line-height: 150%; mso-list: l0 level2 lfo4; tab-stops: list 72.0pt;\"><!-- [if !supportLists]--><span style=\"font-size: 12.0pt; line-height: 150%; font-family: Wingdings; mso-fareast-font-family: Wingdings; mso-bidi-font-family: Wingdings;\"><span style=\"mso-list: Ignore;\">v<span style=\"font: 7.0pt 'Times New Roman';\">\u00a0 <\/span><\/span><\/span><!--[endif]--><span style=\"font-size: 12.0pt; line-height: 150%; font-family: 'Aptos',sans-serif;\">Ch\u00e2ssis : Acier SPCC lamin\u00e9 \u00e0 froid<\/span><\/p>\n<p class=\"MsoNormal\" style=\"margin-left: 72.0pt; text-align: justify; text-indent: -18.0pt; line-height: 150%; mso-list: l0 level2 lfo4; tab-stops: list 72.0pt;\"><!-- [if !supportLists]--><span style=\"font-size: 12.0pt; line-height: 150%; font-family: Wingdings; mso-fareast-font-family: Wingdings; mso-bidi-font-family: Wingdings;\"><span style=\"mso-list: Ignore;\">v<span style=\"font: 7.0pt 'Times New Roman';\">\u00a0 <\/span><\/span><\/span><!--[endif]--><span style=\"font-size: 12.0pt; line-height: 150%; font-family: 'Aptos',sans-serif;\">Panneau avant et plaque de couverture : rev\u00eatement par peinture poudre plastique<\/span><\/p>\n<p class=\"MsoNormal\" style=\"margin-left: 72.0pt; text-align: justify; text-indent: -18.0pt; line-height: 150%; mso-list: l0 level2 lfo4; tab-stops: list 72.0pt;\"><!-- [if !supportLists]--><span style=\"font-size: 12.0pt; line-height: 150%; font-family: Wingdings; mso-fareast-font-family: Wingdings; mso-bidi-font-family: Wingdings;\"><span style=\"mso-list: Ignore;\">v<span style=\"font: 7.0pt 'Times New Roman';\">\u00a0 <\/span><\/span><\/span><!--[endif]--><span style=\"font-size: 12.0pt; line-height: 150%; font-family: 'Aptos',sans-serif;\">Pi\u00e8ces plastiques : ABS haute r\u00e9sistance<\/span><\/p>\n<ul style=\"margin-top: 0cm;\" type=\"disc\">\n<li class=\"MsoNormal\" style=\"text-align: justify; line-height: 150%; mso-list: l2 level1 lfo2; tab-stops: list 36.0pt;\"><span style=\"font-size: 12.0pt; line-height: 150%; font-family: 'Aptos',sans-serif;\">Temp\u00e9rature de fonctionnement :<\/span><\/li>\n<\/ul>\n<p class=\"MsoNormal\" style=\"margin-left: 72.0pt; text-align: justify; text-indent: -18.0pt; line-height: 150%; mso-list: l0 level2 lfo4; tab-stops: list 72.0pt;\"><!-- [if !supportLists]--><span style=\"font-size: 12.0pt; line-height: 150%; font-family: Wingdings; mso-fareast-font-family: Wingdings; mso-bidi-font-family: Wingdings;\"><span style=\"mso-list: Ignore;\">v<span style=\"font: 7.0pt 'Times New Roman';\">\u00a0 <\/span><\/span><\/span><!--[endif]--><span style=\"font-size: 12.0pt; line-height: 150%; font-family: 'Aptos',sans-serif;\">-20 \u00b0C \u00e0 +65 \u00b0C<\/span><\/p>\n<p class=\"MsoNormal\" style=\"text-align: justify; line-height: 150%;\"><strong><span style=\"font-size: 12.0pt; line-height: 150%; font-family: 'Aptos',sans-serif;\">3. Normes et conformit\u00e9<\/span><\/strong><\/p>\n<ul style=\"margin-top: 0cm;\" type=\"disc\">\n<li class=\"MsoNormal\" style=\"text-align: justify; line-height: 150%; mso-list: l3 level1 lfo3; tab-stops: list 36.0pt;\"><span style=\"font-size: 12.0pt; line-height: 150%; font-family: 'Aptos',sans-serif;\">ISO\/IEC 11801<\/span><\/li>\n<li class=\"MsoNormal\" style=\"text-align: justify; line-height: 150%; mso-list: l3 level1 lfo3; tab-stops: list 36.0pt;\"><span style=\"font-size: 12.0pt; line-height: 150%; font-family: 'Aptos',sans-serif;\">TIA\/EIA-568B.2-1<\/span><\/li>\n<li class=\"MsoNormal\" style=\"text-align: justify; line-height: 150%; mso-list: l3 level1 lfo3; tab-stops: list 36.0pt;\"><span style=\"font-size: 12.0pt; line-height: 150%; font-family: 'Aptos',sans-serif;\">EN 50173<\/span><\/li>\n<li class=\"MsoNormal\" style=\"text-align: justify; line-height: 150%; mso-list: l3 level1 lfo3; tab-stops: list 36.0pt;\"><span style=\"font-size: 12.0pt; line-height: 150%; font-family: 'Aptos',sans-serif;\">UL 94V-0<\/span><\/li>\n<\/ul>","protected":false},"excerpt":{"rendered":"<p class=\"MsoNormal\" style=\"text-align: justify; line-height: 150%;\"><span style=\"font-size: 12.0pt; line-height: 150%; font-family: 'Aptos',sans-serif;\">Le <strong>panneau de brassage industriel FTP CAT6A 48 ports<\/strong> est con\u00e7u pour les infrastructures r\u00e9seau haute performance n\u00e9cessitant un blindage optimal, une robustesse m\u00e9canique \u00e9lev\u00e9e et une gestion efficace des c\u00e2bles. Sa structure m\u00e9tallique renforc\u00e9e assure une excellente protection contre les interf\u00e9rences \u00e9lectromagn\u00e9tiques (EMI) et une durabilit\u00e9 accrue dans les environnements professionnels exigeants.<\/span><\/p>","protected":false},"featured_media":5145,"comment_status":"open","ping_status":"closed","template":"","meta":{"om_disable_all_campaigns":false,"_monsterinsights_skip_tracking":false,"_monsterinsights_sitenote_active":false,"_monsterinsights_sitenote_note":"","_monsterinsights_sitenote_category":0},"product_cat":[212],"product_tag":[],"class_list":{"0":"post-5368","1":"product","2":"type-product","3":"status-publish","4":"has-post-thumbnail","6":"product_cat-panneaux-de-brassage","8":"first","9":"instock","10":"shipping-taxable","11":"product-type-simple","12":"add-to-wishlist-after_add_to_cart"},"aioseo_notices":[],"_links":{"self":[{"href":"https:\/\/spider-lan.com\/en\/wp-json\/wp\/v2\/product\/5368","targetHints":{"allow":["GET"]}}],"collection":[{"href":"https:\/\/spider-lan.com\/en\/wp-json\/wp\/v2\/product"}],"about":[{"href":"https:\/\/spider-lan.com\/en\/wp-json\/wp\/v2\/types\/product"}],"replies":[{"embeddable":true,"href":"https:\/\/spider-lan.com\/en\/wp-json\/wp\/v2\/comments?post=5368"}],"wp:featuredmedia":[{"embeddable":true,"href":"https:\/\/spider-lan.com\/en\/wp-json\/wp\/v2\/media\/5145"}],"wp:attachment":[{"href":"https:\/\/spider-lan.com\/en\/wp-json\/wp\/v2\/media?parent=5368"}],"wp:term":[{"taxonomy":"product_cat","embeddable":true,"href":"https:\/\/spider-lan.com\/en\/wp-json\/wp\/v2\/product_cat?post=5368"},{"taxonomy":"product_tag","embeddable":true,"href":"https:\/\/spider-lan.com\/en\/wp-json\/wp\/v2\/product_tag?post=5368"}],"curies":[{"name":"wp","href":"https:\/\/api.w.org\/{rel}","templated":true}]}}