{"id":5369,"date":"2025-07-15T12:19:24","date_gmt":"2025-07-15T10:19:24","guid":{"rendered":"https:\/\/spider-lan.com\/?post_type=product&#038;p=5369"},"modified":"2026-01-20T17:37:39","modified_gmt":"2026-01-20T16:37:39","slug":"coffret-informatique-mural-19-4u-a-15u","status":"publish","type":"product","link":"https:\/\/spider-lan.com\/en\/product\/coffret-informatique-mural-19-4u-a-15u\/","title":{"rendered":"Coffret informatique mural 19\u2019\u2019 (4U \u00e0 15U)"},"content":{"rendered":"<p class=\"MsoNormal\" style=\"text-align: justify; line-height: 150%;\"><strong><span style=\"font-size: 14.0pt; line-height: 150%; font-family: 'Aptos',sans-serif; color: #004e9a;\">Description<\/span><\/strong><\/p>\n<ul style=\"margin-top: 0cm;\" type=\"disc\">\n<li class=\"MsoNormal\" style=\"text-align: justify; line-height: 150%; mso-list: l0 level1 lfo1; tab-stops: list 36.0pt;\"><span style=\"font-size: 12.0pt; line-height: 150%; font-family: 'Aptos',sans-serif;\">Ch\u00e2ssis soud\u00e9 avec montants verticaux et supports de charge en profil\u00e9 en L.<\/span><\/li>\n<li class=\"MsoNormal\" style=\"text-align: justify; line-height: 150%; mso-list: l0 level1 lfo1; tab-stops: list 36.0pt;\"><span style=\"font-size: 12.0pt; line-height: 150%; font-family: 'Aptos',sans-serif;\">Support de fixation mural inclus pour une installation s\u00e9curis\u00e9e.<\/span><\/li>\n<li class=\"MsoNormal\" style=\"text-align: justify; line-height: 150%; mso-list: l0 level1 lfo1; tab-stops: list 36.0pt;\"><span style=\"font-size: 12.0pt; line-height: 150%; font-family: 'Aptos',sans-serif;\">Montants 19\u2019\u2019 avant et arri\u00e8re r\u00e9glables librement pour faciliter l\u2019agencement des \u00e9quipements.<\/span><\/li>\n<li class=\"MsoNormal\" style=\"text-align: justify; line-height: 150%; mso-list: l0 level1 lfo1; tab-stops: list 36.0pt;\"><span style=\"font-size: 12.0pt; line-height: 150%; font-family: 'Aptos',sans-serif;\">Panneaux lat\u00e9raux amovibles pour un acc\u00e8s simplifi\u00e9 lors de l\u2019installation ou de la maintenance.<\/span><\/li>\n<li class=\"MsoNormal\" style=\"text-align: justify; line-height: 150%; mso-list: l0 level1 lfo1; tab-stops: list 36.0pt;\"><span style=\"font-size: 12.0pt; line-height: 150%; font-family: 'Aptos',sans-serif;\">Porte avant \u00e9quip\u00e9e d\u2019une goupille \u00e0 ressort (profil en L) pour un montage rapide, avec possibilit\u00e9 de changer le sens d\u2019ouverture.<\/span><\/li>\n<li class=\"MsoNormal\" style=\"text-align: justify; line-height: 150%; mso-list: l0 level1 lfo1; tab-stops: list 36.0pt;\"><span style=\"font-size: 12.0pt; line-height: 150%; font-family: 'Aptos',sans-serif;\">Option ventilateurs : possibilit\u00e9 d\u2019installer des ventilateurs 120 x 120 mm sur le dessus du coffret.<\/span><\/li>\n<\/ul>\n<p class=\"MsoNormal\" style=\"text-align: justify; line-height: 150%;\"><strong><span style=\"font-size: 14.0pt; line-height: 150%; font-family: 'Aptos',sans-serif; color: #004e9a;\">Caract\u00e9ristiques techniques<\/span><\/strong><\/p>\n<ul style=\"margin-top: 0cm;\" type=\"disc\">\n<li class=\"MsoNormal\" style=\"text-align: justify; line-height: 150%; mso-list: l1 level1 lfo2; tab-stops: list 36.0pt;\"><span style=\"font-size: 12.0pt; line-height: 150%; font-family: 'Aptos',sans-serif;\">Indice de protection : IP20 (standard)<\/span><\/li>\n<li class=\"MsoNormal\" style=\"text-align: justify; line-height: 150%; mso-list: l1 level1 lfo2; tab-stops: list 36.0pt;\"><span style=\"font-size: 12.0pt; line-height: 150%; font-family: 'Aptos',sans-serif;\">Montants : 4 montants 19\u2019\u2019<\/span><\/li>\n<li class=\"MsoNormal\" style=\"text-align: justify; line-height: 150%; mso-list: l1 level1 lfo2; tab-stops: list 36.0pt;\"><span style=\"font-size: 12.0pt; line-height: 150%; font-family: 'Aptos',sans-serif;\">Panneaux lat\u00e9raux : amovibles<\/span><\/li>\n<li class=\"MsoNormal\" style=\"text-align: justify; line-height: 150%; mso-list: l1 level1 lfo2; tab-stops: list 36.0pt;\"><span style=\"font-size: 12.0pt; line-height: 150%; font-family: 'Aptos',sans-serif;\">Porte avant : vitr\u00e9e avec serrure<\/span><\/li>\n<li class=\"MsoNormal\" style=\"text-align: justify; line-height: 150%; mso-list: l1 level1 lfo2; tab-stops: list 36.0pt;\"><span style=\"font-size: 12.0pt; line-height: 150%; font-family: 'Aptos',sans-serif;\">Panneau arri\u00e8re : plein<\/span><\/li>\n<li class=\"MsoNormal\" style=\"text-align: justify; line-height: 150%; mso-list: l1 level1 lfo2; tab-stops: list 36.0pt;\"><span style=\"font-size: 12.0pt; line-height: 150%; font-family: 'Aptos',sans-serif;\">Capacit\u00e9 de charge : 60 kg<\/span><\/li>\n<li class=\"MsoNormal\" style=\"text-align: justify; line-height: 150%; mso-list: l1 level1 lfo2; tab-stops: list 36.0pt;\"><span style=\"font-size: 12.0pt; line-height: 150%; font-family: 'Aptos',sans-serif;\">Couleur : RAL9005 (noir)<\/span><\/li>\n<li class=\"MsoNormal\" style=\"text-align: justify; line-height: 150%; mso-list: l1 level1 lfo2; tab-stops: list 36.0pt;\"><span style=\"font-size: 12.0pt; line-height: 150%; font-family: 'Aptos',sans-serif;\">Options : ventilateurs 120 x 120 mm<\/span><\/li>\n<\/ul>\n<p style=\"text-align: justify; line-height: 150%;\"><span style=\"font-size: 12.0pt; line-height: 150%; font-family: 'Aptos',sans-serif;\"><strong><span style=\"font-size: 14.0pt; line-height: 150%; font-family: 'Aptos',sans-serif; color: #004e9a;\">R\u00e9f\u00e9rences<\/span><\/strong><\/span><\/p>\n<table class=\"MsoTableGrid\" style=\"width: 974px; border-collapse: collapse; border: none; margin-left: 4.8pt; margin-right: 4.8pt; height: 274px;\" border=\"1\" width=\"614\" cellspacing=\"0\" cellpadding=\"0\" align=\"left\">\n<tbody>\n<tr style=\"mso-yfti-irow: 0; mso-yfti-firstrow: yes; height: 42.5pt;\">\n<td style=\"width: 149.048px; border: 1pt solid windowtext; padding: 0cm 5.4pt; height: 42.5pt;\" width=\"95\">\n<p class=\"MsoNormal\" style=\"margin-bottom: 0cm; line-height: 150%;\" align=\"center\"><strong><span style=\"font-size: 12.0pt; line-height: 150%; font-family: 'Aptos',sans-serif;\">R\u00e9f\u00e9rence<\/span><\/strong><\/p>\n<\/td>\n<td style=\"width: 301.023px; border-top: 1pt solid windowtext; border-right: 1pt solid windowtext; border-bottom: 1pt solid windowtext; border-image: initial; border-left: none; padding: 0cm 5.4pt; height: 42.5pt;\" width=\"255\">\n<p class=\"MsoNormal\" style=\"margin-bottom: 0cm; text-align: center; line-height: 150%; mso-element: frame; mso-element-frame-hspace: 7.05pt; mso-element-wrap: around; mso-element-anchor-horizontal: margin; mso-element-left: center; mso-element-top: 43.5pt; mso-height-rule: exactly;\" align=\"center\"><strong><span style=\"font-size: 12.0pt; line-height: 150%; font-family: 'Aptos',sans-serif;\">D\u00e9signation<\/span><\/strong><\/p>\n<\/td>\n<td style=\"width: 115.426px; border-top: 1pt solid windowtext; border-right: 1pt solid windowtext; border-bottom: 1pt solid windowtext; border-image: initial; border-left: none; padding: 0cm 5.4pt; height: 42.5pt;\" width=\"74\">\n<p class=\"MsoNormal\" style=\"margin-bottom: 0cm; text-align: center; line-height: 150%; mso-element: frame; mso-element-frame-hspace: 7.05pt; mso-element-wrap: around; mso-element-anchor-horizontal: margin; mso-element-left: center; mso-element-top: 43.5pt; mso-height-rule: exactly;\" align=\"center\"><strong><span style=\"font-size: 12.0pt; line-height: 150%; font-family: 'Aptos',sans-serif;\">Hauteur (mm)<\/span><\/strong><\/p>\n<\/td>\n<td style=\"width: 135.81px; border-top: 1pt solid windowtext; border-right: 1pt solid windowtext; border-bottom: 1pt solid windowtext; border-image: initial; border-left: none; padding: 0cm 5.4pt; height: 42.5pt;\" width=\"96\">\n<p class=\"MsoNormal\" style=\"margin-bottom: 0cm; text-align: center; line-height: 150%; mso-element: frame; mso-element-frame-hspace: 7.05pt; mso-element-wrap: around; mso-element-anchor-horizontal: margin; mso-element-left: center; mso-element-top: 43.5pt; mso-height-rule: exactly;\" align=\"center\"><strong><span style=\"font-size: 12.0pt; line-height: 150%; font-family: 'Aptos',sans-serif;\">Profondeur (mm)<\/span><\/strong><\/p>\n<\/td>\n<td style=\"width: 117.358px; border-top: 1pt solid windowtext; border-right: 1pt solid windowtext; border-bottom: 1pt solid windowtext; border-image: initial; border-left: none; padding: 0cm 5.4pt; height: 42.5pt;\" width=\"94\">\n<p class=\"MsoNormal\" style=\"margin-bottom: 0cm; text-align: center; line-height: 150%; mso-element: frame; mso-element-frame-hspace: 7.05pt; mso-element-wrap: around; mso-element-anchor-horizontal: margin; mso-element-left: center; mso-element-top: 43.5pt; mso-height-rule: exactly;\" align=\"center\"><strong><span style=\"font-size: 12.0pt; line-height: 150%; font-family: 'Aptos',sans-serif;\">Largeur (mm)<\/span><\/strong><\/p>\n<\/td>\n<\/tr>\n<tr style=\"mso-yfti-irow: 1; height: 27.9pt;\">\n<td style=\"width: 149.048px; border-right: 1pt solid windowtext; border-bottom: 1pt solid windowtext; border-left: 1pt solid windowtext; border-image: initial; border-top: none; padding: 0cm 5.4pt; height: 27.9pt;\" width=\"95\">\n<p class=\"MsoNormal\" style=\"margin-bottom: 0cm; text-align: center; line-height: 150%; mso-element: frame; mso-element-frame-hspace: 7.05pt; mso-element-wrap: around; mso-element-anchor-horizontal: margin; mso-element-left: center; mso-element-top: 43.5pt; mso-height-rule: exactly;\" align=\"center\"><span style=\"font-size: 12.0pt; line-height: 150%; font-family: 'Aptos',sans-serif;\">SP-1004COFF<\/span><\/p>\n<\/td>\n<td style=\"width: 301.023px; border-top: none; border-left: none; border-bottom: 1pt solid windowtext; border-right: 1pt solid windowtext; padding: 0cm 5.4pt; height: 27.9pt;\" valign=\"top\" width=\"255\">\n<p class=\"MsoNormal\" style=\"margin-bottom: 0cm; text-align: center; line-height: 150%; mso-element: frame; mso-element-frame-hspace: 7.05pt; mso-element-wrap: around; mso-element-anchor-horizontal: margin; mso-element-left: center; mso-element-top: 43.5pt; mso-height-rule: exactly;\" align=\"center\"><span style=\"font-size: 12.0pt; line-height: 150%; font-family: 'Aptos',sans-serif;\">Coffret mural noir 19&#8243; assembl\u00e9 4U<\/span><\/p>\n<\/td>\n<td style=\"width: 115.426px; border-top: none; border-left: none; border-bottom: 1pt solid windowtext; border-right: 1pt solid windowtext; padding: 0cm 5.4pt; height: 27.9pt;\" width=\"74\">\n<p class=\"MsoNormal\" style=\"margin-bottom: 0cm; text-align: center; line-height: 150%; mso-element: frame; mso-element-frame-hspace: 7.05pt; mso-element-wrap: around; mso-element-anchor-horizontal: margin; mso-element-left: center; mso-element-top: 43.5pt; mso-height-rule: exactly;\" align=\"center\"><span style=\"font-size: 12.0pt; line-height: 150%; font-family: 'Aptos',sans-serif;\">279<\/span><\/p>\n<\/td>\n<td style=\"width: 135.81px; border-top: none; border-left: none; border-bottom: 1pt solid windowtext; border-right: 1pt solid windowtext; padding: 0cm 5.4pt; height: 27.9pt;\" width=\"96\">\n<p class=\"MsoNormal\" style=\"margin-bottom: 0cm; text-align: center; line-height: 150%; mso-element: frame; mso-element-frame-hspace: 7.05pt; mso-element-wrap: around; mso-element-anchor-horizontal: margin; mso-element-left: center; mso-element-top: 43.5pt; mso-height-rule: exactly;\" align=\"center\"><span style=\"font-size: 12.0pt; line-height: 150%; font-family: 'Aptos',sans-serif;\">600<\/span><\/p>\n<\/td>\n<td style=\"width: 117.358px; border-top: none; border-left: none; border-bottom: 1pt solid windowtext; border-right: 1pt solid windowtext; padding: 0cm 5.4pt; height: 27.9pt;\" width=\"94\">\n<p class=\"MsoNormal\" style=\"margin-bottom: 0cm; text-align: center; line-height: 150%; mso-element: frame; mso-element-frame-hspace: 7.05pt; mso-element-wrap: around; mso-element-anchor-horizontal: margin; mso-element-left: center; mso-element-top: 43.5pt; mso-height-rule: exactly;\" align=\"center\"><span style=\"font-size: 12.0pt; line-height: 150%; font-family: 'Aptos',sans-serif;\">450<\/span><\/p>\n<\/td>\n<\/tr>\n<tr style=\"mso-yfti-irow: 2; height: 27.9pt;\">\n<td style=\"width: 149.048px; border-right: 1pt solid windowtext; border-bottom: 1pt solid windowtext; border-left: 1pt solid windowtext; border-image: initial; border-top: none; padding: 0cm 5.4pt; height: 27.9pt;\" width=\"95\">\n<p class=\"MsoNormal\" style=\"margin-bottom: 0cm; text-align: center; line-height: 150%; mso-element: frame; mso-element-frame-hspace: 7.05pt; mso-element-wrap: around; mso-element-anchor-horizontal: margin; mso-element-left: center; mso-element-top: 43.5pt; mso-height-rule: exactly;\" align=\"center\"><span style=\"font-size: 12.0pt; line-height: 150%; font-family: 'Aptos',sans-serif;\">SP-1006COFF<\/span><\/p>\n<\/td>\n<td style=\"width: 301.023px; border-top: none; border-left: none; border-bottom: 1pt solid windowtext; border-right: 1pt solid windowtext; padding: 0cm 5.4pt; height: 27.9pt;\" valign=\"top\" width=\"255\">\n<p class=\"MsoNormal\" style=\"margin-bottom: 0cm; text-align: center; line-height: 150%; mso-element: frame; mso-element-frame-hspace: 7.05pt; mso-element-wrap: around; mso-element-anchor-horizontal: margin; mso-element-left: center; mso-element-top: 43.5pt; mso-height-rule: exactly;\" align=\"center\"><span style=\"font-size: 12.0pt; line-height: 150%; font-family: 'Aptos',sans-serif;\">Coffret mural noir 19&#8243; assembl\u00e9 6U<\/span><\/p>\n<\/td>\n<td style=\"width: 115.426px; border-top: none; border-left: none; border-bottom: 1pt solid windowtext; border-right: 1pt solid windowtext; padding: 0cm 5.4pt; height: 27.9pt;\" width=\"74\">\n<p class=\"MsoNormal\" style=\"margin-bottom: 0cm; text-align: center; line-height: 150%; mso-element: frame; mso-element-frame-hspace: 7.05pt; mso-element-wrap: around; mso-element-anchor-horizontal: margin; mso-element-left: center; mso-element-top: 43.5pt; mso-height-rule: exactly;\" align=\"center\"><span style=\"font-size: 12.0pt; line-height: 150%; font-family: 'Aptos',sans-serif;\">370<\/span><\/p>\n<\/td>\n<td style=\"width: 135.81px; border-top: none; border-left: none; border-bottom: 1pt solid windowtext; border-right: 1pt solid windowtext; padding: 0cm 5.4pt; height: 27.9pt;\" width=\"96\">\n<p class=\"MsoNormal\" style=\"margin-bottom: 0cm; text-align: center; line-height: 150%; mso-element: frame; mso-element-frame-hspace: 7.05pt; mso-element-wrap: around; mso-element-anchor-horizontal: margin; mso-element-left: center; mso-element-top: 43.5pt; mso-height-rule: exactly;\" align=\"center\"><span style=\"font-size: 12.0pt; line-height: 150%; font-family: 'Aptos',sans-serif;\">600<\/span><\/p>\n<\/td>\n<td style=\"width: 117.358px; border-top: none; border-left: none; border-bottom: 1pt solid windowtext; border-right: 1pt solid windowtext; padding: 0cm 5.4pt; height: 27.9pt;\" width=\"94\">\n<p class=\"MsoNormal\" style=\"margin-bottom: 0cm; text-align: center; line-height: 150%; mso-element: frame; mso-element-frame-hspace: 7.05pt; mso-element-wrap: around; mso-element-anchor-horizontal: margin; mso-element-left: center; mso-element-top: 43.5pt; mso-height-rule: exactly;\" align=\"center\"><span style=\"font-size: 12.0pt; line-height: 150%; font-family: 'Aptos',sans-serif;\">450<\/span><\/p>\n<\/td>\n<\/tr>\n<tr style=\"mso-yfti-irow: 3; height: 27.9pt;\">\n<td style=\"width: 149.048px; border-right: 1pt solid windowtext; border-bottom: 1pt solid windowtext; border-left: 1pt solid windowtext; border-image: initial; border-top: none; padding: 0cm 5.4pt; height: 27.9pt;\" width=\"95\">\n<p class=\"MsoNormal\" style=\"margin-bottom: 0cm; text-align: center; line-height: 150%; mso-element: frame; mso-element-frame-hspace: 7.05pt; mso-element-wrap: around; mso-element-anchor-horizontal: margin; mso-element-left: center; mso-element-top: 43.5pt; mso-height-rule: exactly;\" align=\"center\"><span style=\"font-size: 12.0pt; line-height: 150%; font-family: 'Aptos',sans-serif;\">SP-1009COFF<\/span><\/p>\n<\/td>\n<td style=\"width: 301.023px; border-top: none; border-left: none; border-bottom: 1pt solid windowtext; border-right: 1pt solid windowtext; padding: 0cm 5.4pt; height: 27.9pt;\" valign=\"top\" width=\"255\">\n<p class=\"MsoNormal\" style=\"margin-bottom: 0cm; text-align: center; line-height: 150%; mso-element: frame; mso-element-frame-hspace: 7.05pt; mso-element-wrap: around; mso-element-anchor-horizontal: margin; mso-element-left: center; mso-element-top: 43.5pt; mso-height-rule: exactly;\" align=\"center\"><span style=\"font-size: 12.0pt; line-height: 150%; font-family: 'Aptos',sans-serif;\">Coffret mural noir 19&#8243; assembl\u00e9 9U<\/span><\/p>\n<\/td>\n<td style=\"width: 115.426px; border-top: none; border-left: none; border-bottom: 1pt solid windowtext; border-right: 1pt solid windowtext; padding: 0cm 5.4pt; height: 27.9pt;\" width=\"74\">\n<p class=\"MsoNormal\" style=\"margin-bottom: 0cm; text-align: center; line-height: 150%; mso-element: frame; mso-element-frame-hspace: 7.05pt; mso-element-wrap: around; mso-element-anchor-horizontal: margin; mso-element-left: center; mso-element-top: 43.5pt; mso-height-rule: exactly;\" align=\"center\"><span style=\"font-size: 12.0pt; line-height: 150%; font-family: 'Aptos',sans-serif;\">500<\/span><\/p>\n<\/td>\n<td style=\"width: 135.81px; border-top: none; border-left: none; border-bottom: 1pt solid windowtext; border-right: 1pt solid windowtext; padding: 0cm 5.4pt; height: 27.9pt;\" width=\"96\">\n<p class=\"MsoNormal\" style=\"margin-bottom: 0cm; text-align: center; line-height: 150%; mso-element: frame; mso-element-frame-hspace: 7.05pt; mso-element-wrap: around; mso-element-anchor-horizontal: margin; mso-element-left: center; mso-element-top: 43.5pt; mso-height-rule: exactly;\" align=\"center\"><span style=\"font-size: 12.0pt; line-height: 150%; font-family: 'Aptos',sans-serif;\">600<\/span><\/p>\n<\/td>\n<td style=\"width: 117.358px; border-top: none; border-left: none; border-bottom: 1pt solid windowtext; border-right: 1pt solid windowtext; padding: 0cm 5.4pt; height: 27.9pt;\" width=\"94\">\n<p class=\"MsoNormal\" style=\"margin-bottom: 0cm; text-align: center; line-height: 150%; mso-element: frame; mso-element-frame-hspace: 7.05pt; mso-element-wrap: around; mso-element-anchor-horizontal: margin; mso-element-left: center; mso-element-top: 43.5pt; mso-height-rule: exactly;\" align=\"center\"><span style=\"font-size: 12.0pt; line-height: 150%; font-family: 'Aptos',sans-serif;\">450<\/span><\/p>\n<\/td>\n<\/tr>\n<tr style=\"mso-yfti-irow: 4; height: 27.9pt;\">\n<td style=\"width: 149.048px; border-right: 1pt solid windowtext; border-bottom: 1pt solid windowtext; border-left: 1pt solid windowtext; border-image: initial; border-top: none; padding: 0cm 5.4pt; height: 27.9pt;\" width=\"95\">\n<p class=\"MsoNormal\" style=\"margin-bottom: 0cm; text-align: center; line-height: 150%; mso-element: frame; mso-element-frame-hspace: 7.05pt; mso-element-wrap: around; mso-element-anchor-horizontal: margin; mso-element-left: center; mso-element-top: 43.5pt; mso-height-rule: exactly;\" align=\"center\"><span style=\"font-size: 12.0pt; line-height: 150%; font-family: 'Aptos',sans-serif;\">SP-1012COFF<\/span><\/p>\n<\/td>\n<td style=\"width: 301.023px; border-top: none; border-left: none; border-bottom: 1pt solid windowtext; border-right: 1pt solid windowtext; padding: 0cm 5.4pt; height: 27.9pt;\" valign=\"top\" width=\"255\">\n<p class=\"MsoNormal\" style=\"margin-bottom: 0cm; text-align: center; line-height: 150%; mso-element: frame; mso-element-frame-hspace: 7.05pt; mso-element-wrap: around; mso-element-anchor-horizontal: margin; mso-element-left: center; mso-element-top: 43.5pt; mso-height-rule: exactly;\" align=\"center\"><span style=\"font-size: 12.0pt; line-height: 150%; font-family: 'Aptos',sans-serif;\">Coffret mural noir 19&#8243; assembl\u00e9 12U<\/span><\/p>\n<\/td>\n<td style=\"width: 115.426px; border-top: none; border-left: none; border-bottom: 1pt solid windowtext; border-right: 1pt solid windowtext; padding: 0cm 5.4pt; height: 27.9pt;\" width=\"74\">\n<p class=\"MsoNormal\" style=\"margin-bottom: 0cm; text-align: center; line-height: 150%; mso-element: frame; mso-element-frame-hspace: 7.05pt; mso-element-wrap: around; mso-element-anchor-horizontal: margin; mso-element-left: center; mso-element-top: 43.5pt; mso-height-rule: exactly;\" align=\"center\"><span style=\"font-size: 12.0pt; line-height: 150%; font-family: 'Aptos',sans-serif;\">635<\/span><\/p>\n<\/td>\n<td style=\"width: 135.81px; border-top: none; border-left: none; border-bottom: 1pt solid windowtext; border-right: 1pt solid windowtext; padding: 0cm 5.4pt; height: 27.9pt;\" width=\"96\">\n<p class=\"MsoNormal\" style=\"margin-bottom: 0cm; text-align: center; line-height: 150%; mso-element: frame; mso-element-frame-hspace: 7.05pt; mso-element-wrap: around; mso-element-anchor-horizontal: margin; mso-element-left: center; mso-element-top: 43.5pt; mso-height-rule: exactly;\" align=\"center\"><span style=\"font-size: 12.0pt; line-height: 150%; font-family: 'Aptos',sans-serif;\">600<\/span><\/p>\n<\/td>\n<td style=\"width: 117.358px; border-top: none; border-left: none; border-bottom: 1pt solid windowtext; border-right: 1pt solid windowtext; padding: 0cm 5.4pt; height: 27.9pt;\" width=\"94\">\n<p class=\"MsoNormal\" style=\"margin-bottom: 0cm; text-align: center; line-height: 150%; mso-element: frame; mso-element-frame-hspace: 7.05pt; mso-element-wrap: around; mso-element-anchor-horizontal: margin; mso-element-left: center; mso-element-top: 43.5pt; mso-height-rule: exactly;\" align=\"center\"><span style=\"font-size: 12.0pt; line-height: 150%; font-family: 'Aptos',sans-serif;\">450<\/span><\/p>\n<\/td>\n<\/tr>\n<tr style=\"mso-yfti-irow: 5; mso-yfti-lastrow: yes; height: 27.9pt;\">\n<td style=\"width: 149.048px; border-right: 1pt solid windowtext; border-bottom: 1pt solid windowtext; border-left: 1pt solid windowtext; border-image: initial; border-top: none; padding: 0cm 5.4pt; height: 27.9pt;\" width=\"95\">\n<p class=\"MsoNormal\" style=\"margin-bottom: 0cm; text-align: center; line-height: 150%; mso-element: frame; mso-element-frame-hspace: 7.05pt; mso-element-wrap: around; mso-element-anchor-horizontal: margin; mso-element-left: center; mso-element-top: 43.5pt; mso-height-rule: exactly;\" align=\"center\"><span style=\"font-size: 12.0pt; line-height: 150%; font-family: 'Aptos',sans-serif;\">SP-1015COFF<\/span><\/p>\n<\/td>\n<td style=\"width: 301.023px; border-top: none; border-left: none; border-bottom: 1pt solid windowtext; border-right: 1pt solid windowtext; padding: 0cm 5.4pt; height: 27.9pt;\" valign=\"top\" width=\"255\">\n<p class=\"MsoNormal\" style=\"margin-bottom: 0cm; text-align: center; line-height: 150%; mso-element: frame; mso-element-frame-hspace: 7.05pt; mso-element-wrap: around; mso-element-anchor-horizontal: margin; mso-element-left: center; mso-element-top: 43.5pt; mso-height-rule: exactly;\" align=\"center\"><span style=\"font-size: 12.0pt; line-height: 150%; font-family: 'Aptos',sans-serif;\">Coffret mural noir 19&#8243; assembl\u00e9 15U<\/span><\/p>\n<\/td>\n<td style=\"width: 115.426px; border-top: none; border-left: none; border-bottom: 1pt solid windowtext; border-right: 1pt solid windowtext; padding: 0cm 5.4pt; height: 27.9pt;\" width=\"74\">\n<p class=\"MsoNormal\" style=\"margin-bottom: 0cm; text-align: center; line-height: 150%; mso-element: frame; mso-element-frame-hspace: 7.05pt; mso-element-wrap: around; mso-element-anchor-horizontal: margin; mso-element-left: center; mso-element-top: 43.5pt; mso-height-rule: exactly;\" align=\"center\"><span style=\"font-size: 12.0pt; line-height: 150%; font-family: 'Aptos',sans-serif;\">770<\/span><\/p>\n<\/td>\n<td style=\"width: 135.81px; border-top: none; border-left: none; border-bottom: 1pt solid windowtext; border-right: 1pt solid windowtext; padding: 0cm 5.4pt; height: 27.9pt;\" width=\"96\">\n<p class=\"MsoNormal\" style=\"margin-bottom: 0cm; text-align: center; line-height: 150%; mso-element: frame; mso-element-frame-hspace: 7.05pt; mso-element-wrap: around; mso-element-anchor-horizontal: margin; mso-element-left: center; mso-element-top: 43.5pt; mso-height-rule: exactly;\" align=\"center\"><span style=\"font-size: 12.0pt; line-height: 150%; font-family: 'Aptos',sans-serif;\">600<\/span><\/p>\n<\/td>\n<td style=\"width: 117.358px; border-top: none; border-left: none; border-bottom: 1pt solid windowtext; border-right: 1pt solid windowtext; padding: 0cm 5.4pt; height: 27.9pt;\" width=\"94\">\n<p class=\"MsoNormal\" style=\"margin-bottom: 0cm; line-height: 150%;\" align=\"center\"><span style=\"font-size: 12.0pt; line-height: 150%; font-family: 'Aptos',sans-serif;\">450<\/span><\/p>\n<\/td>\n<\/tr>\n<\/tbody>\n<\/table>\n<p style=\"text-align: justify; line-height: 150%;\">","protected":false},"excerpt":{"rendered":"<p class=\"MsoNormal\" style=\"text-align: justify; line-height: 150%;\"><span style=\"font-size: 12.0pt; line-height: 150%; font-family: 'Aptos',sans-serif;\">Ces coffrets informatiques sont con\u00e7us pour accueillir et organiser les \u00e9quipements r\u00e9seau, serveurs et solutions de stockage. Ils offrent une gestion optimis\u00e9e des c\u00e2bles, une ventilation efficace et une s\u00e9curit\u00e9 renforc\u00e9e gr\u00e2ce \u00e0 une porte verrouillable. Disponibles en plusieurs tailles (4U \u00e0 15U), ils conviennent parfaitement aux infrastructures IT, aux salles serveurs et aux petites salles r\u00e9seau. Leur conception robuste et modulaire permet une \u00e9volution facile des installations.<\/span><\/p>","protected":false},"featured_media":5162,"comment_status":"open","ping_status":"closed","template":"","meta":{"om_disable_all_campaigns":false,"_monsterinsights_skip_tracking":false,"_monsterinsights_sitenote_active":false,"_monsterinsights_sitenote_note":"","_monsterinsights_sitenote_category":0},"product_cat":[217],"product_tag":[],"class_list":{"0":"post-5369","1":"product","2":"type-product","3":"status-publish","4":"has-post-thumbnail","6":"product_cat-baies-informatiques","8":"first","9":"instock","10":"shipping-taxable","11":"product-type-simple","12":"add-to-wishlist-after_add_to_cart"},"aioseo_notices":[],"_links":{"self":[{"href":"https:\/\/spider-lan.com\/en\/wp-json\/wp\/v2\/product\/5369","targetHints":{"allow":["GET"]}}],"collection":[{"href":"https:\/\/spider-lan.com\/en\/wp-json\/wp\/v2\/product"}],"about":[{"href":"https:\/\/spider-lan.com\/en\/wp-json\/wp\/v2\/types\/product"}],"replies":[{"embeddable":true,"href":"https:\/\/spider-lan.com\/en\/wp-json\/wp\/v2\/comments?post=5369"}],"wp:featuredmedia":[{"embeddable":true,"href":"https:\/\/spider-lan.com\/en\/wp-json\/wp\/v2\/media\/5162"}],"wp:attachment":[{"href":"https:\/\/spider-lan.com\/en\/wp-json\/wp\/v2\/media?parent=5369"}],"wp:term":[{"taxonomy":"product_cat","embeddable":true,"href":"https:\/\/spider-lan.com\/en\/wp-json\/wp\/v2\/product_cat?post=5369"},{"taxonomy":"product_tag","embeddable":true,"href":"https:\/\/spider-lan.com\/en\/wp-json\/wp\/v2\/product_tag?post=5369"}],"curies":[{"name":"wp","href":"https:\/\/api.w.org\/{rel}","templated":true}]}}